{"id":620,"date":"2021-11-05T10:53:58","date_gmt":"2021-11-05T13:53:58","guid":{"rendered":"https:\/\/www.garboismelo.com.br\/?page_id=620"},"modified":"2023-10-05T22:07:14","modified_gmt":"2023-10-06T01:07:14","slug":"gabriel-arruda","status":"publish","type":"page","link":"https:\/\/www.garboismelo.com.br\/en\/equipe\/gabriel-arruda\/","title":{"rendered":"Gabriel Arruda"},"content":{"rendered":"<div class=\"wpb-content-wrapper\"><div data-vc-full-width=\"true\" data-vc-full-width-init=\"false\" data-vc-stretch-content=\"true\" class=\"vc_row wpb_row vc_row-fluid\"><div data-vc-parallax=\"1.5\" data-vc-parallax-o-fade=\"on\" class=\"wpb_animate_when_almost_visible wpb_fadeIn fadeIn wpb_column vc_column_container vc_col-sm-12 vc_col-has-fill vc_general vc_parallax vc_parallax-content-moving-fade js-vc_parallax-o-fade\"><div class=\"vc_column-inner vc_custom_1696554425534\"><div class=\"wpb_wrapper\"><\/div><\/div><\/div><\/div><div class=\"vc_row-full-width vc_clearfix\"><\/div><div class=\"vc_row wpb_row vc_row-fluid\"><div class=\"wpb_column vc_column_container vc_col-sm-12\"><div class=\"vc_column-inner\"><div class=\"wpb_wrapper\"><div class=\"vc_empty_space\"   style=\"height: 64px\"><span class=\"vc_empty_space_inner\"><\/span><\/div><\/div><\/div><\/div><\/div><div class=\"vc_row wpb_row vc_row-fluid\"><div class=\"wpb_column vc_column_container vc_col-sm-3\"><div class=\"vc_column-inner\"><div class=\"wpb_wrapper\">\n\t<div  class=\"wpb_single_image wpb_content_element vc_align_left wpb_content_element wpb_animate_when_almost_visible wpb_fadeIn fadeIn\">\n\t\t\n\t\t<figure class=\"wpb_wrapper vc_figure\">\n\t\t\t<div class=\"vc_single_image-wrapper   vc_box_border_grey\"><img decoding=\"async\" class=\"vc_single_image-img\" src=\"https:\/\/www.garboismelo.com.br\/wp-content\/uploads\/2021\/12\/gabriel-200x246.jpg\" width=\"200\" height=\"246\" alt=\"gabriel\" title=\"gabriel\" loading=\"lazy\" \/><\/div>\n\t\t<\/figure>\n\t<\/div>\n<\/div><\/div><\/div><div class=\"wpb_column vc_column_container vc_col-sm-6\"><div class=\"vc_column-inner\"><div class=\"wpb_wrapper\"><div style=\"margin:0px;\" class=\"heading-title  al-left\" id=\"alian4x_el_69ea523a1fb3a\"><h1 style=\"\" class=\"al-headitg-title al-parallax\">Gabriel Arruda<span style=\"color:#e5e5e5\" class=\"al-opacity-text\">Arruda<\/span><\/h1><span class=\"al-line-title\">\r\n            <svg  x=\"0px\" y=\"0px\" viewbox=\"0 0 100 19.5\" >\r\n            <g>\r\n                <polygon points=\"79.3,18 69.6,8.3 60,18 50.3,8.3 40.6,18 31,8.3 21.3,18 11.7,8.3 3.4,16.5 0.6,13.7 11.7,2.7 21.3,12.3 31,2.7                     40.6,12.3 50.3,2.7 60,12.3 69.6,2.7 79.3,12.3 88.9,2.7 100,13.6 97.2,16.4 89,8.3 \t\"\/>\r\n            <\/g>\r\n            <\/svg>\r\n        <\/span><div  class=\"al-small-description\"><a href=\"mailto:garruda@garboismelo.com.br\">garruda@garboismelo.com.br <\/a><\/div><div   class=\"al-subtitle\"><\/div><\/div>\n\t<div class=\"wpb_text_column wpb_content_element vc_custom_1696167090026\" >\n\t\t<div class=\"wpb_wrapper\">\n\t\t\t<p>Gabriel Arruda is a lawyer specialising in Tax and Civil Law, with experience in judicial and administrative tax litigation. In addition, Gabriel has a particular interest in academia, having worked as an undergraduate tutor in Roman Law and History of Law, and as an advisor to study groups in Medieval Greek Philosophy. He is currently a History of Law tutor at USP and was previously a Philosophy of Law tutor at Fadisp.<\/p>\n<p>Gabriel Arruda is married and has two daughters. He studied violin at the Tatu\u00ed Conservatory and, in addition to playing several instruments, is interested in classical philosophy and classical music.<\/p>\n<p><strong>Education<\/strong><br \/>\nUSP, Bachelor of Laws (LL.B.)<br \/>\nUSP, Master\u2019s in History of Law<\/p>\n<p><strong>Languages<\/strong><br \/>\nPortuguese and English<\/p>\n\n\t\t<\/div>\n\t<\/div>\n<\/div><\/div><\/div><div class=\"wpb_column vc_column_container vc_col-sm-3\"><div class=\"vc_column-inner\"><div class=\"wpb_wrapper\"><\/div><\/div><\/div><\/div>\n<\/div>","protected":false},"excerpt":{"rendered":"Gabriel ArrudaArruda garruda@garboismelo.com.br Gabriel Arruda \u00e9 um advogado especializado em Direito Tribut\u00e1rio e em Direito Civil, com experi\u00eancia em contencioso tribut\u00e1rio judicial e administrativo. Al\u00e9m disso, Gabriel tem particular interesse pela \u00e1rea acad\u00eamica, tendo atuado, ainda na gradua\u00e7\u00e3o, como monitor de Direito Romano e Hist\u00f3ria do Direito, e como orientador de grupos de estudos na<span class=\"screen-reader-text\"><a href=\"https:\/\/www.garboismelo.com.br\/en\/equipe\/gabriel-arruda\/\" rel=\"nofollow\">[...]<\/a><\/span>","protected":false},"author":1,"featured_media":2247,"parent":242,"menu_order":0,"comment_status":"closed","ping_status":"closed","template":"page-builder.php","meta":{"_acf_changed":false,"_vp_format_video_url":"","_vp_image_focal_point":[],"footnotes":""},"class_list":["post-620","page","type-page","status-publish","has-post-thumbnail","hentry"],"acf":[],"_links":{"self":[{"href":"https:\/\/www.garboismelo.com.br\/en\/wp-json\/wp\/v2\/pages\/620","targetHints":{"allow":["GET"]}}],"collection":[{"href":"https:\/\/www.garboismelo.com.br\/en\/wp-json\/wp\/v2\/pages"}],"about":[{"href":"https:\/\/www.garboismelo.com.br\/en\/wp-json\/wp\/v2\/types\/page"}],"author":[{"embeddable":true,"href":"https:\/\/www.garboismelo.com.br\/en\/wp-json\/wp\/v2\/users\/1"}],"replies":[{"embeddable":true,"href":"https:\/\/www.garboismelo.com.br\/en\/wp-json\/wp\/v2\/comments?post=620"}],"version-history":[{"count":16,"href":"https:\/\/www.garboismelo.com.br\/en\/wp-json\/wp\/v2\/pages\/620\/revisions"}],"predecessor-version":[{"id":2248,"href":"https:\/\/www.garboismelo.com.br\/en\/wp-json\/wp\/v2\/pages\/620\/revisions\/2248"}],"up":[{"embeddable":true,"href":"https:\/\/www.garboismelo.com.br\/en\/wp-json\/wp\/v2\/pages\/242"}],"wp:featuredmedia":[{"embeddable":true,"href":"https:\/\/www.garboismelo.com.br\/en\/wp-json\/wp\/v2\/media\/2247"}],"wp:attachment":[{"href":"https:\/\/www.garboismelo.com.br\/en\/wp-json\/wp\/v2\/media?parent=620"}],"curies":[{"name":"wp","href":"https:\/\/api.w.org\/{rel}","templated":true}]}}