{"id":62,"date":"2021-08-29T10:10:06","date_gmt":"2021-08-29T13:10:06","guid":{"rendered":"https:\/\/www.garboismelo.com.br\/?page_id=62"},"modified":"2025-03-17T22:00:38","modified_gmt":"2025-03-18T01:00:38","slug":"solucao-de-conflitos","status":"publish","type":"page","link":"https:\/\/www.garboismelo.com.br\/en\/areas-de-atuacao\/solucao-de-conflitos\/","title":{"rendered":"Dispute Resolution"},"content":{"rendered":"<div class=\"wpb-content-wrapper\"><div class=\"vc_row wpb_row vc_row-fluid\"><div class=\"wpb_column vc_column_container vc_col-sm-12\"><div class=\"vc_column-inner\"><div class=\"wpb_wrapper\">\n\t<div class=\"wpb_text_column wpb_content_element\" >\n\t\t<div class=\"wpb_wrapper\">\n\t\t\t\n\t\t<\/div>\n\t<\/div>\n<\/div><\/div><\/div><\/div><div class=\"vc_row wpb_row vc_row-fluid\"><div class=\"wpb_column vc_column_container vc_col-sm-2\"><div class=\"vc_column-inner\"><div class=\"wpb_wrapper\"><\/div><\/div><\/div><div class=\"wpb_column vc_column_container vc_col-sm-8\"><div class=\"vc_column-inner\"><div class=\"wpb_wrapper\">\n\t<div class=\"wpb_text_column wpb_content_element\" >\n\t\t<div class=\"wpb_wrapper\">\n\t\t\t<p><b>Dispute Resolution<\/b><br \/>Our Dispute Resolution department is led by partner Clarissa Damiani, who specialises in resolving disputes and litigation in an agile and effective manner.<\/p>\n<p>With an innovative vision, we seek to combine efficient litigation techniques with an understanding of our clients' businesses and interests to achieve the best results.<\/p>\n<p>We act in complex litigation, both in court and in arbitration, representing companies in a wide range of sectors and industries, including shipping, logistics, real estate, infrastructure and healthcare. We also have a strong track record in corporate, environmental and consumer litigation, with a focus on class actions. Our team is also dedicated to pre-litigation advice, consisting of transactional and preventative litigation advice.<\/p>\n<p><b>Litigation<\/b><br \/>We act for eficient in a wide range of industries in litigation involving a eficien of legal disciplines, as well as in the pre-litigation phase, including advice on negotiation, mediation, dispute prevention and risk mitigation.<\/p>\n<p><b>Arbitration<br \/><\/b>We act in Brazilian and eficiente nal arbitrations before the main arbitral institutions. We use the best and most modern methods and techniques available for arbitration disputes, applying them in the examination of witnesses, in oral and written arguments and in the preparation of documents, in order to produce work that is both qualified and eficiente.<\/p>\n<p><b>Corporate Law<br \/><\/b>Advising on the establishment and dissolution of all types of companies, carrying out day-to-day corporate activities (shareholders' meetings, board of directors' meetings, general meetings, summonses, etc.), planning the restructuring of companies and groups of companies, drafting shareholders' agreements, advising on mergers, incorporations and spin-offs, etc.<\/p>\n<p><b>Contract Law<br \/><\/b>Drafting and negotiation of highly complex contracts for domestic and foreign clients in various economic sectors, including distribution and agency agreements, provision of services, leasing, purchase and sale of movable and immovable property, establishment of guarantees, management construction contracts, contract work, leasing, EPC contracts, etc.<\/p>\n\n\t\t<\/div>\n\t<\/div>\n<div class=\"vc_empty_space\"   style=\"height: 64px\"><span class=\"vc_empty_space_inner\"><\/span><\/div><div class=\"vc_row wpb_row vc_inner vc_row-fluid\"><div class=\"wpb_column vc_column_container vc_col-sm-12\"><div class=\"vc_column-inner\"><div class=\"wpb_wrapper\"><div  class=\"heading-title  al-center\" id=\"alian4x_el_69ea40282e4d0\"><h2 style=\"\" class=\"al-headitg-title al-parallax\">Partner<span style=\"color:#e5e5e5\" class=\"al-opacity-text\">PARTNER<\/span><\/h2><span class=\"al-line-title\">\r\n            <svg  x=\"0px\" y=\"0px\" viewbox=\"0 0 100 19.5\" >\r\n            <g>\r\n                <polygon points=\"79.3,18 69.6,8.3 60,18 50.3,8.3 40.6,18 31,8.3 21.3,18 11.7,8.3 3.4,16.5 0.6,13.7 11.7,2.7 21.3,12.3 31,2.7                     40.6,12.3 50.3,2.7 60,12.3 69.6,2.7 79.3,12.3 88.9,2.7 100,13.6 97.2,16.4 89,8.3 \t\"\/>\r\n            <\/g>\r\n            <\/svg>\r\n        <\/span><div   class=\"al-subtitle\"><\/div><\/div><\/div><\/div><\/div><\/div><div class=\"vc_row wpb_row vc_inner vc_row-fluid\"><div class=\"wpb_column vc_column_container vc_col-sm-4\"><div class=\"vc_column-inner\"><div class=\"wpb_wrapper\"><\/div><\/div><\/div><div class=\"partner-photo wpb_column vc_column_container vc_col-sm-4\" id=\"partner-photo\"><div class=\"vc_column-inner\"><div class=\"wpb_wrapper\">\n    <div style=\"\" class=\"al-item-team\">\n        <div class=\"img-wrap\">\n            <img decoding=\"async\" src=\"https:\/\/www.garboismelo.com.br\/wp-content\/uploads\/2021\/10\/Clarissa-1.jpg\" alt=\"\" class=\"img-responsive\">\n                            <div class=\"mask-info\"><\/div>\n                <!--Start social links-->\n                <ul class=\"social-links\">\n                    <li  class=\"\" id=\"alian4x_el_69ea40282e7be\" ><a style=\"background-color:#415464;\" target=\"_self\" href=\"\/en\/clarissa-damiani\/\"><\/a><\/li>                <\/ul>\n                <!--End social links-->\n            \n\n        <\/div>\n\n        <div class=\"al-bottom-team\">\n            <div class=\"al-team-content\">\n                <h2 style=\"color:#009ba7;\">Clarissa Damiani<\/h2>\n                \n                            <\/div>\n        <\/div>\n    <\/div>\n\n    <\/div><\/div><\/div><div class=\"wpb_column vc_column_container vc_col-sm-4\"><div class=\"vc_column-inner\"><div class=\"wpb_wrapper\"><\/div><\/div><\/div><\/div><\/div><\/div><\/div><div class=\"wpb_column vc_column_container vc_col-sm-2\"><div class=\"vc_column-inner\"><div class=\"wpb_wrapper\"><\/div><\/div><\/div><\/div><div class=\"vc_row wpb_row vc_row-fluid\"><div class=\"wpb_column vc_column_container vc_col-sm-12\"><div class=\"vc_column-inner\"><div class=\"wpb_wrapper\">\n\t<div class=\"wpb_text_column wpb_content_element\" >\n\t\t<div class=\"wpb_wrapper\">\n\t\t\t\n\t\t<\/div>\n\t<\/div>\n<\/div><\/div><\/div><\/div><\/div>","protected":false},"excerpt":{"rendered":"Contencioso e ArbitragemNossa \u00e1rea de Solu\u00e7\u00e3o de Conflitos conta com a experi\u00eancia da s\u00f3cia Clarissa Damiani na lideran\u00e7a, especializada em resolver disputas e lit\u00edgios de forma \u00e1gil e eficaz. Com uma vis\u00e3o inovadora, buscamos aliar t\u00e9cnicas processuais eficientes \u00e0 compreens\u00e3o dos neg\u00f3cios e interesses dos nossos clientes, de forma a obter os melhores resultados. Atuamos<span class=\"screen-reader-text\"><a href=\"https:\/\/www.garboismelo.com.br\/en\/areas-de-atuacao\/solucao-de-conflitos\/\" rel=\"nofollow\">[...]<\/a><\/span>","protected":false},"author":1,"featured_media":1993,"parent":57,"menu_order":2,"comment_status":"closed","ping_status":"closed","template":"","meta":{"_acf_changed":false,"_vp_format_video_url":"","_vp_image_focal_point":[],"footnotes":""},"class_list":["post-62","page","type-page","status-publish","has-post-thumbnail","hentry"],"acf":[],"_links":{"self":[{"href":"https:\/\/www.garboismelo.com.br\/en\/wp-json\/wp\/v2\/pages\/62","targetHints":{"allow":["GET"]}}],"collection":[{"href":"https:\/\/www.garboismelo.com.br\/en\/wp-json\/wp\/v2\/pages"}],"about":[{"href":"https:\/\/www.garboismelo.com.br\/en\/wp-json\/wp\/v2\/types\/page"}],"author":[{"embeddable":true,"href":"https:\/\/www.garboismelo.com.br\/en\/wp-json\/wp\/v2\/users\/1"}],"replies":[{"embeddable":true,"href":"https:\/\/www.garboismelo.com.br\/en\/wp-json\/wp\/v2\/comments?post=62"}],"version-history":[{"count":19,"href":"https:\/\/www.garboismelo.com.br\/en\/wp-json\/wp\/v2\/pages\/62\/revisions"}],"predecessor-version":[{"id":2717,"href":"https:\/\/www.garboismelo.com.br\/en\/wp-json\/wp\/v2\/pages\/62\/revisions\/2717"}],"up":[{"embeddable":true,"href":"https:\/\/www.garboismelo.com.br\/en\/wp-json\/wp\/v2\/pages\/57"}],"wp:featuredmedia":[{"embeddable":true,"href":"https:\/\/www.garboismelo.com.br\/en\/wp-json\/wp\/v2\/media\/1993"}],"wp:attachment":[{"href":"https:\/\/www.garboismelo.com.br\/en\/wp-json\/wp\/v2\/media?parent=62"}],"curies":[{"name":"wp","href":"https:\/\/api.w.org\/{rel}","templated":true}]}}