{"id":60,"date":"2021-08-29T10:09:16","date_gmt":"2021-08-29T13:09:16","guid":{"rendered":"https:\/\/www.garboismelo.com.br\/?page_id=60"},"modified":"2023-10-17T11:55:31","modified_gmt":"2023-10-17T14:55:31","slug":"tributario","status":"publish","type":"page","link":"https:\/\/www.garboismelo.com.br\/en\/areas-de-atuacao\/tributario\/","title":{"rendered":"Tax"},"content":{"rendered":"<div class=\"wpb-content-wrapper\"><div class=\"vc_row wpb_row vc_row-fluid\"><div class=\"wpb_column vc_column_container vc_col-sm-2\"><div class=\"vc_column-inner\"><div class=\"wpb_wrapper\"><\/div><\/div><\/div><div class=\"wpb_column vc_column_container vc_col-sm-8\"><div class=\"vc_column-inner\"><div class=\"wpb_wrapper\">\n\t<div class=\"wpb_text_column wpb_content_element\" >\n\t\t<div class=\"wpb_wrapper\">\n\t\t\t<p class=\"p1\"><span class=\"s1\">The Tax practice of Garbois+Melo Advogados is headed by partner Leonardo Melo, who leads a very qualified and experienced team focused on understanding the business of each client and seeking the best solution, either to administrative and\/or judicial litigation, or to issues related to consulting and planning.<\/span><\/p>\n<p class=\"p1\"><span class=\"s1\">In preventive consultancy, we inform our clients about the potential impact that frequent legislative and jurisprudential changes may have on their business.  Through close collaboration, our team is trained to assist our clients from the very beginning of inspection procedures, seeking to reduce the possibility of infraction notices.<\/span><\/p>\n<p class=\"p1\"><span class=\"s1\">In cases of administrative and\/or judicial litigation, the tax team of Garbois+Melo Advogados focuses on demonstrating the evidential context, allied to the rigorous discussion of clients' rights, but without excessive formalism.<\/span><\/p>\n<p class=\"p1\"><span class=\"s1\">Our consultancy and planning work focuses on indicating all risk scenarios to provide our clients with safe alternatives, even when facing the complexity and volatility of the Brazilian legal system.<\/span><\/p>\n<p class=\"p1\"><span class=\"s1\">Keeping up with the evolution of the market, our tax team also deals with social security and customs claims.  We are also ready to provide support in obtaining Certificates of Tax Regularity, Special Regimes, review and validation of instalment payment programs, review of existing liabilities, survey of opportunities for credit recovery, due diligences, etc. <i>due diligences<\/i>,etc.<\/span><\/p>\n\n\t\t<\/div>\n\t<\/div>\n<div class=\"vc_empty_space\"   style=\"height: 64px\"><span class=\"vc_empty_space_inner\"><\/span><\/div><div class=\"vc_row wpb_row vc_inner vc_row-fluid\"><div class=\"wpb_column vc_column_container vc_col-sm-12\"><div class=\"vc_column-inner\"><div class=\"wpb_wrapper\"><div  class=\"heading-title  al-center\" id=\"alian4x_el_69ea401cbf88e\"><h2 style=\"\" class=\"al-headitg-title al-parallax\">Partner<span style=\"color:#e5e5e5\" class=\"al-opacity-text\">PARTNER<\/span><\/h2><span class=\"al-line-title\">\r\n            <svg  x=\"0px\" y=\"0px\" viewbox=\"0 0 100 19.5\" >\r\n            <g>\r\n                <polygon points=\"79.3,18 69.6,8.3 60,18 50.3,8.3 40.6,18 31,8.3 21.3,18 11.7,8.3 3.4,16.5 0.6,13.7 11.7,2.7 21.3,12.3 31,2.7                     40.6,12.3 50.3,2.7 60,12.3 69.6,2.7 79.3,12.3 88.9,2.7 100,13.6 97.2,16.4 89,8.3 \t\"\/>\r\n            <\/g>\r\n            <\/svg>\r\n        <\/span><div   class=\"al-subtitle\"><\/div><\/div><\/div><\/div><\/div><\/div><div class=\"vc_row wpb_row vc_inner vc_row-fluid\"><div class=\"wpb_column vc_column_container vc_col-sm-4\"><div class=\"vc_column-inner\"><div class=\"wpb_wrapper\"><\/div><\/div><\/div><div class=\"partner-photo wpb_column vc_column_container vc_col-sm-4\" id=\"partner-photo\"><div class=\"vc_column-inner\"><div class=\"wpb_wrapper\">\n    <div style=\"\" class=\"al-item-team\">\n        <div class=\"img-wrap\">\n            <img decoding=\"async\" src=\"https:\/\/www.garboismelo.com.br\/wp-content\/uploads\/2021\/10\/Leonardo-3.jpg\" alt=\"\" class=\"img-responsive\">\n                            <div class=\"mask-info\"><\/div>\n                <!--Start social links-->\n                <ul class=\"social-links\">\n                    <li  class=\"\" id=\"alian4x_el_69ea401cbfc5e\" ><a style=\"background-color:#415464;\" target=\"_self\" href=\"\/en\/leonardo-melo\/\"><\/a><\/li>                <\/ul>\n                <!--End social links-->\n            \n\n        <\/div>\n\n        <div class=\"al-bottom-team\">\n            <div class=\"al-team-content\">\n                <h2 style=\"color:#009ba7;\">Leonardo Melo<\/h2>\n                \n                            <\/div>\n        <\/div>\n    <\/div>\n\n    <\/div><\/div><\/div><div class=\"wpb_column vc_column_container vc_col-sm-4\"><div class=\"vc_column-inner\"><div class=\"wpb_wrapper\"><\/div><\/div><\/div><\/div><\/div><\/div><\/div><div class=\"wpb_column vc_column_container vc_col-sm-2\"><div class=\"vc_column-inner\"><div class=\"wpb_wrapper\"><\/div><\/div><\/div><\/div><!-- \/wp:post-content --><\/div>","protected":false},"excerpt":{"rendered":"A \u00e1rea de Direito Tribut\u00e1rio do Garbois+Melo Advogados \u00e9 liderada pelo s\u00f3cio Leonardo Melo, e conta com uma equipe muito qualificada e experiente, focada no entendimento dos neg\u00f3cios de cada cliente e na busca dos melhores resultados e solu\u00e7\u00f5es, tanto para demandas judiciais e administrativas como para quest\u00f5es atinentes a consultoria e planejamento.\u00a0 Acompanhando a<span class=\"screen-reader-text\"><a href=\"https:\/\/www.garboismelo.com.br\/en\/areas-de-atuacao\/tributario\/\" rel=\"nofollow\">[...]<\/a><\/span>","protected":false},"author":1,"featured_media":2363,"parent":57,"menu_order":0,"comment_status":"closed","ping_status":"closed","template":"","meta":{"_acf_changed":false,"_vp_format_video_url":"","_vp_image_focal_point":[],"footnotes":""},"class_list":["post-60","page","type-page","status-publish","has-post-thumbnail","hentry"],"acf":[],"_links":{"self":[{"href":"https:\/\/www.garboismelo.com.br\/en\/wp-json\/wp\/v2\/pages\/60","targetHints":{"allow":["GET"]}}],"collection":[{"href":"https:\/\/www.garboismelo.com.br\/en\/wp-json\/wp\/v2\/pages"}],"about":[{"href":"https:\/\/www.garboismelo.com.br\/en\/wp-json\/wp\/v2\/types\/page"}],"author":[{"embeddable":true,"href":"https:\/\/www.garboismelo.com.br\/en\/wp-json\/wp\/v2\/users\/1"}],"replies":[{"embeddable":true,"href":"https:\/\/www.garboismelo.com.br\/en\/wp-json\/wp\/v2\/comments?post=60"}],"version-history":[{"count":22,"href":"https:\/\/www.garboismelo.com.br\/en\/wp-json\/wp\/v2\/pages\/60\/revisions"}],"predecessor-version":[{"id":1076,"href":"https:\/\/www.garboismelo.com.br\/en\/wp-json\/wp\/v2\/pages\/60\/revisions\/1076"}],"up":[{"embeddable":true,"href":"https:\/\/www.garboismelo.com.br\/en\/wp-json\/wp\/v2\/pages\/57"}],"wp:featuredmedia":[{"embeddable":true,"href":"https:\/\/www.garboismelo.com.br\/en\/wp-json\/wp\/v2\/media\/2363"}],"wp:attachment":[{"href":"https:\/\/www.garboismelo.com.br\/en\/wp-json\/wp\/v2\/media?parent=60"}],"curies":[{"name":"wp","href":"https:\/\/api.w.org\/{rel}","templated":true}]}}