{"id":55,"date":"2021-08-29T10:06:23","date_gmt":"2021-08-29T13:06:23","guid":{"rendered":"https:\/\/www.garboismelo.com.br\/?page_id=55"},"modified":"2024-07-31T16:21:28","modified_gmt":"2024-07-31T19:21:28","slug":"maritimo","status":"publish","type":"page","link":"https:\/\/www.garboismelo.com.br\/en\/areas-de-atuacao\/maritimo\/","title":{"rendered":"Shipping"},"content":{"rendered":"<div class=\"wpb-content-wrapper\"><div class=\"vc_row wpb_row vc_row-fluid\"><div class=\"wpb_column vc_column_container vc_col-sm-2\"><div class=\"vc_column-inner\"><div class=\"wpb_wrapper\"><\/div><\/div><\/div><div class=\"wpb_column vc_column_container vc_col-sm-8\"><div class=\"vc_column-inner\"><div class=\"wpb_wrapper\">\n\t<div class=\"wpb_text_column wpb_content_element\" >\n\t\t<div class=\"wpb_wrapper\">\n\t\t\t<p>The Shipping practice of Garbois+Melo Advogados is headed by partners Breno Garbois, Flavia Melo and  C\u00e9sar Chris\u00f3stomo, lawyers with vast experience and recognized for their expertise in the shipping sector, together with a team of lawyers capable of assisting our clients in a wide range of shipping matters, such as:<\/p>\n<div>\n<ul class=\"bullet\">\n<li>Contracts: shipbuilding, sale and purchase and chartering of vessels and maritime units, including guarantees, vessel registration and flagging; carriage contracts and bills of lading; service contracts related to the energy industry, among others.<\/li>\n<li>Regulatory: consultancy and assistance in audits related to rules issued by maritime and port authorities, environmental bodies and Brazilian agencies, such as DPC, Port Captaincies, IBAMA, ANTAQ, ANP, Anvisa, etc.<\/li>\n<li>General consulting in maritime, civil, commercial, international and public law involving matters related to navigation, ports and terminals, insurance, international trade, oil and gas, energy, environment, health surveillance, etc<\/li>\n<li>Emergency response, crisis management, and relationship with all authorities involved, such as Port Captaincies, DPC, ANTAQ, IBAMA, ANP, Anvisa, Prosecution Services, etc. Accident investigation and assistance in enquiries or investigations conducted either by Brazilian or foreign authorities, and private investigations.<\/li>\n<li>Administrative litigation before the Brazilian maritime authorities, environmental bodies and\/or agencies, such as the Port Captaincies, Admiralty Court, DPC, IBAMA, ANTAQ, ANP, Anvisa, etc.<\/li>\n<li>Civil litigation and arbitration relating to marine accidents, with or without pollution, or to incidents involving cargo, seafarers, passengers or third parties; in addition to any contractual disputes involving vessels or maritime units; as well as enforcement of guarantees, arrest or detention of vessels, maritime units and\/or port equipment, etc.<\/li>\n<\/ul>\n<\/div>\n<p>Our clients include shipowners, charterers, carriers, shipping agents, cargo owners, service providers, port operators, terminals, shipyards, insurers, and financial institutions.<\/p>\n<p>Finally, it should be noted that the Shipping team of Garbois+Melo Advogados has solid experience in crisis management, being able to deal with the various authorities involved, lead private investigations, and represent our clients in enquiries conducted by Brazilian and foreign authorities.  Our team members have built a reputation by acting in high-profile cases such as the explosion and sinking of the P-36, the sinking of the Costa Concordia, the explosion on board the FPSO Cidade de S\u00e3o Mateus, among other cases of great repercussion in the national and foreign press.<\/p>\n<p><!-- \/wp:post-content -->\u00a0<\/p>\n\n\t\t<\/div>\n\t<\/div>\n<div class=\"vc_empty_space\"   style=\"height: 64px\"><span class=\"vc_empty_space_inner\"><\/span><\/div><div class=\"vc_row wpb_row vc_inner vc_row-fluid\"><div class=\"wpb_column vc_column_container vc_col-sm-12\"><div class=\"vc_column-inner\"><div class=\"wpb_wrapper\"><div  class=\"heading-title  al-center\" id=\"alian4x_el_69ea54fd9f695\"><h2 style=\"\" class=\"al-headitg-title al-parallax\">Partners<span style=\"color:#e5e5e5\" class=\"al-opacity-text\">PARTNERS<\/span><\/h2><span class=\"al-line-title\">\r\n            <svg  x=\"0px\" y=\"0px\" viewbox=\"0 0 100 19.5\" >\r\n            <g>\r\n                <polygon points=\"79.3,18 69.6,8.3 60,18 50.3,8.3 40.6,18 31,8.3 21.3,18 11.7,8.3 3.4,16.5 0.6,13.7 11.7,2.7 21.3,12.3 31,2.7                     40.6,12.3 50.3,2.7 60,12.3 69.6,2.7 79.3,12.3 88.9,2.7 100,13.6 97.2,16.4 89,8.3 \t\"\/>\r\n            <\/g>\r\n            <\/svg>\r\n        <\/span><div   class=\"al-subtitle\"><\/div><\/div><\/div><\/div><\/div><\/div><div class=\"vc_row wpb_row vc_inner vc_row-fluid\"><div class=\"wpb_column vc_column_container vc_col-sm-4\"><div class=\"vc_column-inner\"><div class=\"wpb_wrapper\">\n    <div style=\"\" class=\"al-item-team\">\n        <div class=\"img-wrap\">\n            <img decoding=\"async\" src=\"https:\/\/www.garboismelo.com.br\/wp-content\/uploads\/2021\/10\/Breno-1.jpg\" alt=\"\" class=\"img-responsive\">\n                            <div class=\"mask-info\"><\/div>\n                <!--Start social links-->\n                <ul class=\"social-links\">\n                    <li  class=\"\" id=\"alian4x_el_69ea54fd9f8f9\" ><a style=\"background-color:#415464;\" target=\"_self\" href=\"\/en\/breno-garbois\/\"><\/a><\/li>                <\/ul>\n                <!--End social links-->\n            \n\n        <\/div>\n\n        <div class=\"al-bottom-team\">\n            <div class=\"al-team-content\">\n                <h2 style=\"color:#009ba7;\">Breno Garbois<\/h2>\n                \n                            <\/div>\n        <\/div>\n    <\/div>\n\n    <\/div><\/div><\/div><div class=\"wpb_column vc_column_container vc_col-sm-4\"><div class=\"vc_column-inner\"><div class=\"wpb_wrapper\">\n    <div style=\"\" class=\"al-item-team\">\n        <div class=\"img-wrap\">\n            <img decoding=\"async\" src=\"https:\/\/www.garboismelo.com.br\/wp-content\/uploads\/2021\/10\/Fla\u0301via-1.jpg\" alt=\"\" class=\"img-responsive\">\n                            <div class=\"mask-info\"><\/div>\n                <!--Start social links-->\n                <ul class=\"social-links\">\n                    <li  class=\"\" id=\"alian4x_el_69ea54fd9fa51\" ><a style=\"background-color:#415464;\" target=\"_self\" href=\"\/en\/flavia-melo\/\"><\/a><\/li>                <\/ul>\n                <!--End social links-->\n            \n\n        <\/div>\n\n        <div class=\"al-bottom-team\">\n            <div class=\"al-team-content\">\n                <h2 style=\"color:#009ba7;\">Flavia Melo<\/h2>\n                \n                            <\/div>\n        <\/div>\n    <\/div>\n\n    <\/div><\/div><\/div><div class=\"wpb_column vc_column_container vc_col-sm-4\"><div class=\"vc_column-inner\"><div class=\"wpb_wrapper\">\n    <div style=\"\" class=\"al-item-team\">\n        <div class=\"img-wrap\">\n            <img decoding=\"async\" src=\"https:\/\/www.garboismelo.com.br\/wp-content\/uploads\/2024\/07\/cesar-1.jpg\" alt=\"\" class=\"img-responsive\">\n                            <div class=\"mask-info\"><\/div>\n                <!--Start social links-->\n                <ul class=\"social-links\">\n                    <li  class=\"\" id=\"alian4x_el_69ea54fd9fbae\" ><a  target=\"_self\" href=\"\/en\/equipe\/cesar-chrisostomo\/\"><\/a><\/li>                <\/ul>\n                <!--End social links-->\n            \n\n        <\/div>\n\n        <div class=\"al-bottom-team\">\n            <div class=\"al-team-content\">\n                <h2 style=\"color:#0096a8;\">C\u00e9sar Chris\u00f3stomo<\/h2>\n                \n                            <\/div>\n        <\/div>\n    <\/div>\n\n    <\/div><\/div><\/div><\/div><\/div><\/div><\/div><div class=\"wpb_column vc_column_container vc_col-sm-2\"><div class=\"vc_column-inner\"><div class=\"wpb_wrapper\"><\/div><\/div><\/div><\/div>\n<\/div>","protected":false},"excerpt":{"rendered":"A \u00e1rea de Mar\u00edtimo do Garbois+Melo Advogados \u00e9 liderada pelos s\u00f3cios Breno Garbois, Flavia Melo e C\u00e9sar Chris\u00f3stomo, advogados com vasta experi\u00eancia e reconhecidos por sua expertise no setor mar\u00edtimo, e conta com um time de advogados capaz de assistir nossos clientes nos mais variados assuntos afetos \u00e0 \u00e1rea mar\u00edtima, tais como: Contratos: contratos de<span class=\"screen-reader-text\"><a href=\"https:\/\/www.garboismelo.com.br\/en\/areas-de-atuacao\/maritimo\/\" rel=\"nofollow\">[...]<\/a><\/span>","protected":false},"author":1,"featured_media":1992,"parent":57,"menu_order":0,"comment_status":"closed","ping_status":"closed","template":"","meta":{"_acf_changed":false,"_vp_format_video_url":"","_vp_image_focal_point":[],"footnotes":""},"class_list":["post-55","page","type-page","status-publish","has-post-thumbnail","hentry"],"acf":[],"_links":{"self":[{"href":"https:\/\/www.garboismelo.com.br\/en\/wp-json\/wp\/v2\/pages\/55","targetHints":{"allow":["GET"]}}],"collection":[{"href":"https:\/\/www.garboismelo.com.br\/en\/wp-json\/wp\/v2\/pages"}],"about":[{"href":"https:\/\/www.garboismelo.com.br\/en\/wp-json\/wp\/v2\/types\/page"}],"author":[{"embeddable":true,"href":"https:\/\/www.garboismelo.com.br\/en\/wp-json\/wp\/v2\/users\/1"}],"replies":[{"embeddable":true,"href":"https:\/\/www.garboismelo.com.br\/en\/wp-json\/wp\/v2\/comments?post=55"}],"version-history":[{"count":32,"href":"https:\/\/www.garboismelo.com.br\/en\/wp-json\/wp\/v2\/pages\/55\/revisions"}],"predecessor-version":[{"id":2643,"href":"https:\/\/www.garboismelo.com.br\/en\/wp-json\/wp\/v2\/pages\/55\/revisions\/2643"}],"up":[{"embeddable":true,"href":"https:\/\/www.garboismelo.com.br\/en\/wp-json\/wp\/v2\/pages\/57"}],"wp:featuredmedia":[{"embeddable":true,"href":"https:\/\/www.garboismelo.com.br\/en\/wp-json\/wp\/v2\/media\/1992"}],"wp:attachment":[{"href":"https:\/\/www.garboismelo.com.br\/en\/wp-json\/wp\/v2\/media?parent=55"}],"curies":[{"name":"wp","href":"https:\/\/api.w.org\/{rel}","templated":true}]}}