{"id":496,"date":"2021-10-17T23:31:09","date_gmt":"2021-10-18T02:31:09","guid":{"rendered":"https:\/\/www.garboismelo.com.br\/?page_id=496"},"modified":"2025-10-01T09:27:46","modified_gmt":"2025-10-01T12:27:46","slug":"iasmim-de-oliveira","status":"publish","type":"page","link":"https:\/\/www.garboismelo.com.br\/en\/equipe\/iasmim-de-oliveira\/","title":{"rendered":"Iasmim de Oliveira"},"content":{"rendered":"<div class=\"wpb-content-wrapper\"><div data-vc-full-width=\"true\" data-vc-full-width-init=\"false\" data-vc-stretch-content=\"true\" class=\"vc_row wpb_row vc_row-fluid\"><div data-vc-parallax=\"1.5\" data-vc-parallax-o-fade=\"on\" class=\"wpb_animate_when_almost_visible wpb_fadeIn fadeIn wpb_column vc_column_container vc_col-sm-12 vc_col-has-fill vc_general vc_parallax vc_parallax-content-moving-fade js-vc_parallax-o-fade\"><div class=\"vc_column-inner vc_custom_1696020240832\"><div class=\"wpb_wrapper\"><\/div><\/div><\/div><\/div><div class=\"vc_row-full-width vc_clearfix\"><\/div><div class=\"vc_row wpb_row vc_row-fluid\"><div class=\"wpb_column vc_column_container vc_col-sm-12\"><div class=\"vc_column-inner\"><div class=\"wpb_wrapper\"><div class=\"vc_empty_space\"   style=\"height: 64px\"><span class=\"vc_empty_space_inner\"><\/span><\/div><\/div><\/div><\/div><\/div><div class=\"vc_row wpb_row vc_row-fluid\"><div class=\"wpb_column vc_column_container vc_col-sm-3\"><div class=\"vc_column-inner\"><div class=\"wpb_wrapper\">\n\t<div  class=\"wpb_single_image wpb_content_element vc_align_left wpb_content_element wpb_animate_when_almost_visible wpb_fadeIn fadeIn\">\n\t\t\n\t\t<figure class=\"wpb_wrapper vc_figure\">\n\t\t\t<div class=\"vc_single_image-wrapper   vc_box_border_grey\"><img decoding=\"async\" class=\"vc_single_image-img\" src=\"https:\/\/www.garboismelo.com.br\/wp-content\/uploads\/2023\/09\/iasmim-oliveira-200x246.jpg\" width=\"200\" height=\"246\" alt=\"iasmim-oliveira\" title=\"iasmim-oliveira\" loading=\"lazy\" \/><\/div>\n\t\t<\/figure>\n\t<\/div>\n<\/div><\/div><\/div><div class=\"wpb_column vc_column_container vc_col-sm-6\"><div class=\"vc_column-inner\"><div class=\"wpb_wrapper\"><div style=\"margin:0px;\" class=\"heading-title  al-left\" id=\"alian4x_el_69ea681eae298\"><h1 style=\"\" class=\"al-headitg-title al-parallax\">Iasmim de Oliveira<span style=\"color:#e5e5e5\" class=\"al-opacity-text\">Oliveira<\/span><\/h1><span class=\"al-line-title\">\r\n            <svg  x=\"0px\" y=\"0px\" viewbox=\"0 0 100 19.5\" >\r\n            <g>\r\n                <polygon points=\"79.3,18 69.6,8.3 60,18 50.3,8.3 40.6,18 31,8.3 21.3,18 11.7,8.3 3.4,16.5 0.6,13.7 11.7,2.7 21.3,12.3 31,2.7                     40.6,12.3 50.3,2.7 60,12.3 69.6,2.7 79.3,12.3 88.9,2.7 100,13.6 97.2,16.4 89,8.3 \t\"\/>\r\n            <\/g>\r\n            <\/svg>\r\n        <\/span><div  class=\"al-small-description\"><a href=\"mailto:ioliveira@garboismelo.com.br\">ioliveira@garboismelo.com.br <\/a><\/div><div   class=\"al-subtitle\"><\/div><\/div>\n\t<div class=\"wpb_text_column wpb_content_element vc_custom_1759321661213\" >\n\t\t<div class=\"wpb_wrapper\">\n\t\t\t<p style=\"font-weight: 400;\">Iasmim is a member of the Maritime SheEO Community, an associate of WISTA Brazil, and a member of the Insurance and Reinsurance Commission of the Rio de Janeiro Section of the Brazilian Bar Association. Believing that the practice of law extends beyond the office, Iasmim also serves as a delegate on the Commission of Defence, Assistance and Prerogatives at OABRJ. She is also a member of the Advocacia Preta Carioca (APC), which promotes networking and career development opportunities for its members.<\/p>\n<p style=\"font-weight: 400;\">Iasmim is a member of the Maritime SheEO Community, an associate of WISTA Brazil, and a member of the Insurance and Reinsurance Commission of the Rio de Janeiro Section of the Brazilian Bar Association. Believing that the practice of law extends beyond the office, Iasmim also serves as a delegate on the Commission of Defence, Assistance and Prerogatives at OABRJ. She is also a member of the Advocacia Preta Carioca (APC), which promotes networking and career development opportunities for its members.<\/p>\n<p style=\"font-weight: 400;\">Iasmim has two cats and has a deep passion for gardening. She enjoys reading, music, traveling, and cultural experiences in her free time.<\/p>\n<p><b>Education<\/b><\/p>\n<p style=\"font-weight: 400;\">UFRJ, Bachelor of Laws (LL.B.).<br \/>\nPUCMG, Post-graduate lato sensu in Procedural Law.<br \/>\nEGN, Master\u2019s in Maritime Studies<\/p>\n<p><b>Languages<\/b><br \/>\nPortuguese and English<\/p>\n\n\t\t<\/div>\n\t<\/div>\n<\/div><\/div><\/div><div class=\"wpb_column vc_column_container vc_col-sm-3\"><div class=\"vc_column-inner\"><div class=\"wpb_wrapper\"><\/div><\/div><\/div><\/div>\n<\/div>","protected":false},"excerpt":{"rendered":"Iasmim de OliveiraOliveira ioliveira@garboismelo.com.br Iasmim de Oliveira \u00e9 uma advogada especializada em Direito Processual, e com relevante experi\u00eancia nas \u00e1reas de Direito Mar\u00edtimo e de Seguros. Iniciou sua carreira trabalhando com Direito Mar\u00edtimo, lidando com disputas de carga, acidentes de navega\u00e7\u00e3o e processos perante o Tribunal Mar\u00edtimo. Mais tarde, migrou para a \u00e1rea de demurrage,<span class=\"screen-reader-text\"><a href=\"https:\/\/www.garboismelo.com.br\/en\/equipe\/iasmim-de-oliveira\/\" rel=\"nofollow\">[...]<\/a><\/span>","protected":false},"author":1,"featured_media":0,"parent":242,"menu_order":0,"comment_status":"closed","ping_status":"closed","template":"page-builder.php","meta":{"_acf_changed":false,"_vp_format_video_url":"","_vp_image_focal_point":[],"footnotes":""},"class_list":["post-496","page","type-page","status-publish","hentry"],"acf":[],"_links":{"self":[{"href":"https:\/\/www.garboismelo.com.br\/en\/wp-json\/wp\/v2\/pages\/496","targetHints":{"allow":["GET"]}}],"collection":[{"href":"https:\/\/www.garboismelo.com.br\/en\/wp-json\/wp\/v2\/pages"}],"about":[{"href":"https:\/\/www.garboismelo.com.br\/en\/wp-json\/wp\/v2\/types\/page"}],"author":[{"embeddable":true,"href":"https:\/\/www.garboismelo.com.br\/en\/wp-json\/wp\/v2\/users\/1"}],"replies":[{"embeddable":true,"href":"https:\/\/www.garboismelo.com.br\/en\/wp-json\/wp\/v2\/comments?post=496"}],"version-history":[{"count":28,"href":"https:\/\/www.garboismelo.com.br\/en\/wp-json\/wp\/v2\/pages\/496\/revisions"}],"predecessor-version":[{"id":3140,"href":"https:\/\/www.garboismelo.com.br\/en\/wp-json\/wp\/v2\/pages\/496\/revisions\/3140"}],"up":[{"embeddable":true,"href":"https:\/\/www.garboismelo.com.br\/en\/wp-json\/wp\/v2\/pages\/242"}],"wp:attachment":[{"href":"https:\/\/www.garboismelo.com.br\/en\/wp-json\/wp\/v2\/media?parent=496"}],"curies":[{"name":"wp","href":"https:\/\/api.w.org\/{rel}","templated":true}]}}