{"id":484,"date":"2021-10-17T23:15:00","date_gmt":"2021-10-18T01:15:00","guid":{"rendered":"https:\/\/www.garboismelo.com.br\/?page_id=484"},"modified":"2022-04-05T13:54:32","modified_gmt":"2022-04-05T16:54:32","slug":"danielle-vilardo","status":"publish","type":"page","link":"https:\/\/www.garboismelo.com.br\/en\/equipe\/danielle-vilardo\/","title":{"rendered":"Danielle Vilardo"},"content":{"rendered":"<div class=\"wpb-content-wrapper\"><div data-vc-full-width=\"true\" data-vc-full-width-init=\"false\" data-vc-stretch-content=\"true\" class=\"vc_row wpb_row vc_row-fluid\"><div data-vc-parallax=\"1.5\" data-vc-parallax-o-fade=\"on\" class=\"wpb_animate_when_almost_visible wpb_fadeIn fadeIn wpb_column vc_column_container vc_col-sm-12 vc_col-has-fill vc_general vc_parallax vc_parallax-content-moving-fade js-vc_parallax-o-fade\"><div class=\"vc_column-inner vc_custom_1639250087384\"><div class=\"wpb_wrapper\"><\/div><\/div><\/div><\/div><div class=\"vc_row-full-width vc_clearfix\"><\/div><div class=\"vc_row wpb_row vc_row-fluid\"><div class=\"wpb_column vc_column_container vc_col-sm-12\"><div class=\"vc_column-inner\"><div class=\"wpb_wrapper\"><div class=\"vc_empty_space\"   style=\"height: 64px\"><span class=\"vc_empty_space_inner\"><\/span><\/div><\/div><\/div><\/div><\/div><div class=\"vc_row wpb_row vc_row-fluid\"><div class=\"wpb_column vc_column_container vc_col-sm-3\"><div class=\"vc_column-inner\"><div class=\"wpb_wrapper\">\n\t<div  class=\"wpb_single_image wpb_content_element vc_align_left wpb_content_element wpb_animate_when_almost_visible wpb_fadeIn fadeIn\">\n\t\t\n\t\t<figure class=\"wpb_wrapper vc_figure\">\n\t\t\t<div class=\"vc_single_image-wrapper   vc_box_border_grey\"><img decoding=\"async\" class=\"vc_single_image-img\" src=\"https:\/\/www.garboismelo.com.br\/wp-content\/uploads\/2021\/10\/Daniele-200x246.jpg\" width=\"200\" height=\"246\" alt=\"Daniele\" title=\"Daniele\" loading=\"lazy\" \/><\/div>\n\t\t<\/figure>\n\t<\/div>\n<\/div><\/div><\/div><div class=\"wpb_column vc_column_container vc_col-sm-6\"><div class=\"vc_column-inner\"><div class=\"wpb_wrapper\"><div style=\"margin:0px;\" class=\"heading-title  al-left\" id=\"alian4x_el_69ea525cada90\"><h1 style=\"\" class=\"al-headitg-title al-parallax\">Danielle Vilardo<span style=\"color:#e5e5e5\" class=\"al-opacity-text\">Vilardo<\/span><\/h1><span class=\"al-line-title\">\r\n            <svg  x=\"0px\" y=\"0px\" viewbox=\"0 0 100 19.5\" >\r\n            <g>\r\n                <polygon points=\"79.3,18 69.6,8.3 60,18 50.3,8.3 40.6,18 31,8.3 21.3,18 11.7,8.3 3.4,16.5 0.6,13.7 11.7,2.7 21.3,12.3 31,2.7                     40.6,12.3 50.3,2.7 60,12.3 69.6,2.7 79.3,12.3 88.9,2.7 100,13.6 97.2,16.4 89,8.3 \t\"\/>\r\n            <\/g>\r\n            <\/svg>\r\n        <\/span><div  class=\"al-small-description\"><a href=\"mailto:dvilardo@garboismelo.com.br\">dvilardo@garboismelo.com.br <\/a><\/div><div   class=\"al-subtitle\"><\/div><\/div>\n\t<div class=\"wpb_text_column wpb_content_element vc_custom_1649177669202\" >\n\t\t<div class=\"wpb_wrapper\">\n\t\t\t<p class=\"translation-block\">Danielle Vilardo specialises in Tax Law, with a focus on litigation. She is highly accomplished academically, and also teaches Tax Law at ESA-OAB\/RJ, Tutoria Jur\u00eddica and TaxLab University.<\/p>\n<p>Danielle has authored several papers including, \u201cRecurso Especial n\u00ba 1.340.553: A prescri\u00e7\u00e3o intercorrente na Execu\u00e7\u00e3o Fiscal\u201d, a chapter in the book Temas de Processo Tribut\u00e1rio, Ed. Lumen Juris. She is a member of ABDF (Associa\u00e7\u00e3o Brasileira de Direito Financeiro) and GDT (Grupo de Direito Tribut\u00e1rio).<\/p>\n<p>Danielle Vilardo is a feminist and mother of an American Bully named Kyra. She is passionate about travel, decoration, and Brazilian barbecue.<\/p>\n<p class=\"translation-block\"><b>Education<\/b><br>\nUCAM, Bachelor of Laws (LL.B.)<br>\nEscola de Neg\u00f3cios Trevisan, MBA, Tax Management<br>\nABDF, Specialization in Tax Precedents (PJT)<br>\n<em>Universidad Complutense de Madrid, Escuela de Pr\u00e1ctica Jur\u00eddica, Course La Protecci\u00f3n de los Derechos y Garant\u00edas de los Contribuyentes en la Uni\u00f3n Europea y Latinoam\u00e9rica.<\/em><\/p>\n<p><b>Languages<\/b><br \/>\nPortuguese, English and Spanish<\/p>\n\n\t\t<\/div>\n\t<\/div>\n<\/div><\/div><\/div><div class=\"wpb_column vc_column_container vc_col-sm-3\"><div class=\"vc_column-inner\"><div class=\"wpb_wrapper\"><\/div><\/div><\/div><\/div>\n<\/div>","protected":false},"excerpt":{"rendered":"Danielle VilardoVilardo dvilardo@garboismelo.com.br Danielle Vilardo \u00e9 uma advogada s\u00eanior especializada em Direito Tribut\u00e1rio, que atua com foco em contencioso administrativo e judicial. Com forte atua\u00e7\u00e3o acad\u00eamica, ela \u00e9 professora de Direito Tribut\u00e1rio da ESA-OAB\/RJ, da Tutoria Jur\u00eddica e da TaxLab University. Danielle Vilardo \u00e9 autora de diversos artigos acad\u00eamicos, dentre os quais se destaca \"Recurso<span class=\"screen-reader-text\"><a href=\"https:\/\/www.garboismelo.com.br\/en\/equipe\/danielle-vilardo\/\" rel=\"nofollow\">[...]<\/a><\/span>","protected":false},"author":1,"featured_media":0,"parent":242,"menu_order":0,"comment_status":"closed","ping_status":"closed","template":"page-builder.php","meta":{"_acf_changed":false,"_vp_format_video_url":"","_vp_image_focal_point":[],"footnotes":""},"class_list":["post-484","page","type-page","status-publish","hentry"],"acf":[],"_links":{"self":[{"href":"https:\/\/www.garboismelo.com.br\/en\/wp-json\/wp\/v2\/pages\/484","targetHints":{"allow":["GET"]}}],"collection":[{"href":"https:\/\/www.garboismelo.com.br\/en\/wp-json\/wp\/v2\/pages"}],"about":[{"href":"https:\/\/www.garboismelo.com.br\/en\/wp-json\/wp\/v2\/types\/page"}],"author":[{"embeddable":true,"href":"https:\/\/www.garboismelo.com.br\/en\/wp-json\/wp\/v2\/users\/1"}],"replies":[{"embeddable":true,"href":"https:\/\/www.garboismelo.com.br\/en\/wp-json\/wp\/v2\/comments?post=484"}],"version-history":[{"count":12,"href":"https:\/\/www.garboismelo.com.br\/en\/wp-json\/wp\/v2\/pages\/484\/revisions"}],"predecessor-version":[{"id":1486,"href":"https:\/\/www.garboismelo.com.br\/en\/wp-json\/wp\/v2\/pages\/484\/revisions\/1486"}],"up":[{"embeddable":true,"href":"https:\/\/www.garboismelo.com.br\/en\/wp-json\/wp\/v2\/pages\/242"}],"wp:attachment":[{"href":"https:\/\/www.garboismelo.com.br\/en\/wp-json\/wp\/v2\/media?parent=484"}],"curies":[{"name":"wp","href":"https:\/\/api.w.org\/{rel}","templated":true}]}}