{"id":470,"date":"2021-10-17T22:33:03","date_gmt":"2021-10-18T00:33:03","guid":{"rendered":"https:\/\/www.garboismelo.com.br\/?page_id=470"},"modified":"2023-10-09T14:04:16","modified_gmt":"2023-10-09T17:04:16","slug":"leonardo-melo","status":"publish","type":"page","link":"https:\/\/www.garboismelo.com.br\/en\/equipe\/leonardo-melo\/","title":{"rendered":"Leonardo Melo"},"content":{"rendered":"<div class=\"wpb-content-wrapper\"><div data-vc-full-width=\"true\" data-vc-full-width-init=\"false\" data-vc-stretch-content=\"true\" class=\"vc_row wpb_row vc_row-fluid\"><div data-vc-parallax=\"1.5\" data-vc-parallax-o-fade=\"on\" class=\"wpb_animate_when_almost_visible wpb_fadeIn fadeIn wpb_column vc_column_container vc_col-sm-12 vc_col-has-fill vc_general vc_parallax vc_parallax-content-moving-fade js-vc_parallax-o-fade\"><div class=\"vc_column-inner vc_custom_1639250313948\"><div class=\"wpb_wrapper\"><\/div><\/div><\/div><\/div><div class=\"vc_row-full-width vc_clearfix\"><\/div><div class=\"vc_row wpb_row vc_row-fluid\"><div class=\"wpb_column vc_column_container vc_col-sm-12\"><div class=\"vc_column-inner\"><div class=\"wpb_wrapper\"><div class=\"vc_empty_space\"   style=\"height: 64px\"><span class=\"vc_empty_space_inner\"><\/span><\/div><\/div><\/div><\/div><\/div><div class=\"vc_row wpb_row vc_row-fluid\"><div class=\"wpb_column vc_column_container vc_col-sm-3\"><div class=\"vc_column-inner\"><div class=\"wpb_wrapper\">\n\t<div  class=\"wpb_single_image wpb_content_element vc_align_left wpb_content_element wpb_animate_when_almost_visible wpb_fadeIn fadeIn\">\n\t\t\n\t\t<figure class=\"wpb_wrapper vc_figure\">\n\t\t\t<div class=\"vc_single_image-wrapper   vc_box_border_grey\"><img decoding=\"async\" class=\"vc_single_image-img\" src=\"https:\/\/www.garboismelo.com.br\/wp-content\/uploads\/2021\/10\/Leonardo-3-200x246.jpg\" width=\"200\" height=\"246\" alt=\"Leonardo\" title=\"Leonardo\" loading=\"lazy\" \/><\/div>\n\t\t<\/figure>\n\t<\/div>\n<\/div><\/div><\/div><div class=\"wpb_column vc_column_container vc_col-sm-6\"><div class=\"vc_column-inner\"><div class=\"wpb_wrapper\"><div style=\"margin:0px;\" class=\"heading-title  al-left\" id=\"alian4x_el_69ea523a2327e\"><h1 style=\"\" class=\"al-headitg-title al-parallax\">Leonardo Melo<span style=\"color:#e5e5e5\" class=\"al-opacity-text\">Melo<\/span><\/h1><span class=\"al-line-title\">\r\n            <svg  x=\"0px\" y=\"0px\" viewbox=\"0 0 100 19.5\" >\r\n            <g>\r\n                <polygon points=\"79.3,18 69.6,8.3 60,18 50.3,8.3 40.6,18 31,8.3 21.3,18 11.7,8.3 3.4,16.5 0.6,13.7 11.7,2.7 21.3,12.3 31,2.7                     40.6,12.3 50.3,2.7 60,12.3 69.6,2.7 79.3,12.3 88.9,2.7 100,13.6 97.2,16.4 89,8.3 \t\"\/>\r\n            <\/g>\r\n            <\/svg>\r\n        <\/span><div  class=\"al-small-description\"><a href=\"mailto:leonardo@garboismelo.com.br\">leonardo@garboismelo.com.br <\/a><\/div><div   class=\"al-subtitle\"><\/div><\/div>\n\t<div class=\"wpb_text_column wpb_content_element vc_custom_1696871046135\" >\n\t\t<div class=\"wpb_wrapper\">\n\t\t\t<p>Leonardo Melo is an accomplished and highly skilled lawyer, renowned for his extensive tax litigation practice across the country. With almost 20 years of experience, his proficiency is commended by both clients and specialist publications. In recent times, he has been the recipient of numerous notable accolades from legal marketing analysts, such as Chambers and Partners and An\u00e1lise Advocacia.<\/p>\n<p>Leonardo Melo has authored numerous papers, including the groundbreaking \"Repercuss\u00e3o Geral e Recursos Repetitivos \u2013 Estudo Cr\u00edtico\", published by the ABDF (Associa\u00e7\u00e3o Brasileira de Direito Financeiro) in 2013. He is a member of the ABDF, where he previously served as a Board Member (2010-2011), and as the Coordinator of the Tax Litigation Course. Additionally, he is a member of the GDT (Grupo de Direito Tribut\u00e1rio).<\/p>\n<p>Leonardo Melo is the father of two children. He was a volleyball player and also organized several sports events during his time at law school. Currently, he is devoted to recreational diving and open water swimming. During his spare time, he is an avid reader, with a particular interest in biographies and historical novels. He cherishes spending quality time with his family, friends, and creating lasting memories.<\/p>\n<p class=\"translation-block\"><strong>Education<\/strong><br>\nUERJ, Bachelor of Laws (LL.B.)<br>\nUCAM, Extension course in Social Security Law<br>\nPUC Rio, Post-graduate <em>lato sensu<\/em> in Civil Procedural Law<br>\nFGV Rio, MBA in Entrepreneurship and New Business Development<\/p>\n<p><strong>Languages<\/strong><br \/>\nPortuguese and English<\/p>\n<p><a href=\"https:\/\/chambers.com\/\"><img loading=\"lazy\" decoding=\"async\" class=\"alignnone wp-image-2261\" src=\"https:\/\/www.garboismelo.com.br\/wp-content\/uploads\/2023\/10\/logo-chambers-150x112.png\" alt=\"\" width=\"174\" height=\"78\" srcset=\"https:\/\/www.garboismelo.com.br\/wp-content\/uploads\/2023\/10\/logo-chambers-18x8.png 18w, https:\/\/www.garboismelo.com.br\/wp-content\/uploads\/2023\/10\/logo-chambers.png 250w\" sizes=\"auto, (max-width: 174px) 100vw, 174px\" \/><\/a><\/p>\n\n\t\t<\/div>\n\t<\/div>\n<\/div><\/div><\/div><div class=\"wpb_column vc_column_container vc_col-sm-3\"><div class=\"vc_column-inner\"><div class=\"wpb_wrapper\"><\/div><\/div><\/div><\/div>\n<\/div>","protected":false},"excerpt":{"rendered":"Leonardo MeloMelo leonardo@garboismelo.com.br Leonardo Melo \u00e9 advogado tributarista muito experiente e de not\u00f3ria compet\u00eancia. Em seus quase 20 anos de carreira, ele teve sua expertise reconhecida tanto pelos clientes, como pelas revistas especializadas. Nos \u00faltimos anos, Leonardo Melo obteve diversas men\u00e7\u00f5es de destaque nos reposit\u00f3rios jur\u00eddicos nacionais e internacionais, destacando-se os rankings da Chambers and<span class=\"screen-reader-text\"><a href=\"https:\/\/www.garboismelo.com.br\/en\/equipe\/leonardo-melo\/\" rel=\"nofollow\">[...]<\/a><\/span>","protected":false},"author":1,"featured_media":0,"parent":242,"menu_order":0,"comment_status":"closed","ping_status":"closed","template":"page-builder.php","meta":{"_acf_changed":false,"_vp_format_video_url":"","_vp_image_focal_point":[],"footnotes":""},"class_list":["post-470","page","type-page","status-publish","hentry"],"acf":[],"_links":{"self":[{"href":"https:\/\/www.garboismelo.com.br\/en\/wp-json\/wp\/v2\/pages\/470","targetHints":{"allow":["GET"]}}],"collection":[{"href":"https:\/\/www.garboismelo.com.br\/en\/wp-json\/wp\/v2\/pages"}],"about":[{"href":"https:\/\/www.garboismelo.com.br\/en\/wp-json\/wp\/v2\/types\/page"}],"author":[{"embeddable":true,"href":"https:\/\/www.garboismelo.com.br\/en\/wp-json\/wp\/v2\/users\/1"}],"replies":[{"embeddable":true,"href":"https:\/\/www.garboismelo.com.br\/en\/wp-json\/wp\/v2\/comments?post=470"}],"version-history":[{"count":34,"href":"https:\/\/www.garboismelo.com.br\/en\/wp-json\/wp\/v2\/pages\/470\/revisions"}],"predecessor-version":[{"id":2273,"href":"https:\/\/www.garboismelo.com.br\/en\/wp-json\/wp\/v2\/pages\/470\/revisions\/2273"}],"up":[{"embeddable":true,"href":"https:\/\/www.garboismelo.com.br\/en\/wp-json\/wp\/v2\/pages\/242"}],"wp:attachment":[{"href":"https:\/\/www.garboismelo.com.br\/en\/wp-json\/wp\/v2\/media?parent=470"}],"curies":[{"name":"wp","href":"https:\/\/api.w.org\/{rel}","templated":true}]}}