{"id":464,"date":"2021-10-17T22:28:01","date_gmt":"2021-10-18T00:28:01","guid":{"rendered":"https:\/\/www.garboismelo.com.br\/?page_id=464"},"modified":"2023-10-09T13:58:39","modified_gmt":"2023-10-09T16:58:39","slug":"flavia-melo","status":"publish","type":"page","link":"https:\/\/www.garboismelo.com.br\/en\/equipe\/flavia-melo\/","title":{"rendered":"Flavia Melo"},"content":{"rendered":"<div class=\"wpb-content-wrapper\"><div data-vc-full-width=\"true\" data-vc-full-width-init=\"false\" data-vc-stretch-content=\"true\" class=\"vc_row wpb_row vc_row-fluid\"><div data-vc-parallax=\"1.5\" data-vc-parallax-o-fade=\"on\" class=\"wpb_animate_when_almost_visible wpb_fadeIn fadeIn wpb_column vc_column_container vc_col-sm-12 vc_col-has-fill vc_general vc_parallax vc_parallax-content-moving-fade js-vc_parallax-o-fade\"><div class=\"vc_column-inner vc_custom_1639250202299\"><div class=\"wpb_wrapper\"><\/div><\/div><\/div><\/div><div class=\"vc_row-full-width vc_clearfix\"><\/div><div class=\"vc_row wpb_row vc_row-fluid\"><div class=\"wpb_column vc_column_container vc_col-sm-12\"><div class=\"vc_column-inner\"><div class=\"wpb_wrapper\"><div class=\"vc_empty_space\"   style=\"height: 64px\"><span class=\"vc_empty_space_inner\"><\/span><\/div><\/div><\/div><\/div><\/div><div class=\"vc_row wpb_row vc_row-fluid\"><div class=\"wpb_column vc_column_container vc_col-sm-3\"><div class=\"vc_column-inner\"><div class=\"wpb_wrapper\">\n\t<div  class=\"wpb_single_image wpb_content_element vc_align_left wpb_content_element wpb_animate_when_almost_visible wpb_fadeIn fadeIn\">\n\t\t\n\t\t<figure class=\"wpb_wrapper vc_figure\">\n\t\t\t<div class=\"vc_single_image-wrapper   vc_box_border_grey\"><img decoding=\"async\" class=\"vc_single_image-img\" src=\"https:\/\/www.garboismelo.com.br\/wp-content\/uploads\/2021\/10\/Fla\u0301via-1-200x246.jpg\" width=\"200\" height=\"246\" alt=\"Fla\u0301via\" title=\"Fla\u0301via\" loading=\"lazy\" \/><\/div>\n\t\t<\/figure>\n\t<\/div>\n<\/div><\/div><\/div><div class=\"wpb_column vc_column_container vc_col-sm-6\"><div class=\"vc_column-inner\"><div class=\"wpb_wrapper\"><div style=\"margin:0px;\" class=\"heading-title  al-left\" id=\"alian4x_el_69ea6834b3867\"><h1 style=\"\" class=\"al-headitg-title al-parallax\">Flavia Melo<span style=\"color:#e5e5e5\" class=\"al-opacity-text\">Melo<\/span><\/h1><span class=\"al-line-title\">\r\n            <svg  x=\"0px\" y=\"0px\" viewbox=\"0 0 100 19.5\" >\r\n            <g>\r\n                <polygon points=\"79.3,18 69.6,8.3 60,18 50.3,8.3 40.6,18 31,8.3 21.3,18 11.7,8.3 3.4,16.5 0.6,13.7 11.7,2.7 21.3,12.3 31,2.7                     40.6,12.3 50.3,2.7 60,12.3 69.6,2.7 79.3,12.3 88.9,2.7 100,13.6 97.2,16.4 89,8.3 \t\"\/>\r\n            <\/g>\r\n            <\/svg>\r\n        <\/span><div  class=\"al-small-description\"><a href=\"mailto:fmelo@garboismelo.com.br\">fmelo@garboismelo.com.br <\/a><\/div><div   class=\"al-subtitle\"><\/div><\/div>\n\t<div class=\"wpb_text_column wpb_content_element vc_custom_1696166234573\" >\n\t\t<div class=\"wpb_wrapper\">\n\t\t\t<p class=\"translation-block\">Flavia Melo has more than 20 years of experience within the shipping industry. She has served both Brazilian and foreign clients and specializes in maritime accidents, cargo claims, ship detention, environmental pollution, third-party compensation, and insurance matters. Flavia also handles contractual disputes arising from shipbuilding, sale and purchase of vessels and units, charter parties, commercial carriage, international trade and the provision of services to the offshore oil and gas industry. Due to her experience in both dry and wet shipping, Flavia Melo has consolidated her consultancy practice in relation to the aforementioned matters, as well as Brazilian and international norms and regulations. Flavia Melo also provides advice on marine insurance and reinsurance, particularly with regards to Brazilian regulations and handling of claims. Throughout her career, she has had the opportunity to work on some prominent projects, such as PROSUB, where she advised the Brazilian Navy on a series of contracts for the construction, acquisition and disposal of ships and military facilities. More recently, Flavia Melo has earned a significant reputation for obtaining urgent measures, dealing with emergency response, and crisis management related to marine casualties. These include the explosions onboard the FPSO Cidade de S\u00e3o Mateus, the rig Norbe VIII, and the vessel Normand Maximus, involving multiple players and complex developments.<\/p>\n<p>Over the years, Flavia Melo has been ranked amongst the best shipping lawyers in Brazil by Chambers and Partners, Leaders League, Legal 500 and Who's Who Legal. She is one of the founding members of WISTA Brazil, to which she served as ExCo Member (2016-2021). She has been also involved with ABDM (Associa\u00e7\u00e3o Brasileira de Direito), IIDM (Instituto Iberoamericano de Derecho Maritimo), as well as the Maritime and Transport law Committee of the International Bar Association. Flavia Melo is a frequent speaker at Brazilian and foreign seminars, and law instructor of shipping short courses. She has written several papers published by national and international magazines, and she has contributed to the Manual on Petroleum Law in Brazil, vols. I and II, being the author of chapters \u201cBrazilian Shipping Company and Offshore Service Supply Navigation\u201d and \u201cThe limits of Brazilian jurisdiction to hear and try international maritime industry conflicts in light of the Brazilian Civil Procedure Code\". Flavia Melo was awarded the \"Amigo da Marinha\" medal by the Brazilian Navy in 2019, recognising her contribution to the shipping industry in Brazil.<\/p>\n<p>Flavia Melo is married, has two stepchildren and four cats. She is a feminist, fascinated by geek culture and loves to travel. She appreciates music, cinema, series, good food and craft beer.<\/p>\n<p class=\"translation-block\"><strong>Education<\/strong><br>\nUERJ, Bachelor of Laws (LL.B.)<br>\nUFRJ, COPPE, Post-graduate <em>lato sensu<\/em> in Oil &amp; Gas Businesses<br>\nFGV Direito Rio, PEC, Insurance and Reinsurance Law Course<br>\nThe North of England P&amp;I Association, UK Residential Training Course in P&amp;I Insurance and Loss Prevention<\/p>\n<p><strong>Languages<\/strong><br \/>\nPortuguese and English<\/p>\n\n\t\t<\/div>\n\t<\/div>\n<div class=\"vc_row wpb_row vc_inner vc_row-fluid\"><div class=\"wpb_column vc_column_container vc_col-sm-6\"><div class=\"vc_column-inner\"><div class=\"wpb_wrapper\">\n\t<div  class=\"wpb_single_image wpb_content_element vc_align_center wpb_content_element\">\n\t\t\n\t\t<figure class=\"wpb_wrapper vc_figure\">\n\t\t\t<a href=\"https:\/\/chambers.com\/\" target=\"_blank\" class=\"vc_single_image-wrapper   vc_box_border_grey\"><img decoding=\"async\" class=\"vc_single_image-img\" src=\"https:\/\/www.garboismelo.com.br\/wp-content\/uploads\/2023\/10\/logo-chambers-175x79.png\" width=\"175\" height=\"79\" alt=\"logo-chambers\" title=\"logo-chambers\" loading=\"lazy\" \/><\/a>\n\t\t<\/figure>\n\t<\/div>\n<\/div><\/div><\/div><div class=\"wpb_column vc_column_container vc_col-sm-6\"><div class=\"vc_column-inner\"><div class=\"wpb_wrapper\">\n\t<div  class=\"wpb_single_image wpb_content_element vc_align_center wpb_content_element\">\n\t\t\n\t\t<figure class=\"wpb_wrapper vc_figure\">\n\t\t\t<a href=\"https:\/\/www.legal500.com\/\" target=\"_blank\" class=\"vc_single_image-wrapper   vc_box_border_grey\"><img decoding=\"async\" class=\"vc_single_image-img\" src=\"https:\/\/www.garboismelo.com.br\/wp-content\/uploads\/2023\/10\/logo-legal-500-81x78.png\" width=\"81\" height=\"78\" alt=\"logo-legal-500\" title=\"logo-legal-500\" loading=\"lazy\" \/><\/a>\n\t\t<\/figure>\n\t<\/div>\n<\/div><\/div><\/div><\/div><div class=\"vc_row wpb_row vc_inner vc_row-fluid\"><div class=\"wpb_column vc_column_container vc_col-sm-6\"><div class=\"vc_column-inner\"><div class=\"wpb_wrapper\">\n\t<div  class=\"wpb_single_image wpb_content_element vc_align_center wpb_content_element\">\n\t\t\n\t\t<figure class=\"wpb_wrapper vc_figure\">\n\t\t\t<a href=\"https:\/\/www.leadersleague.com\/pt\" target=\"_self\" class=\"vc_single_image-wrapper   vc_box_border_grey\"><img decoding=\"async\" class=\"vc_single_image-img\" src=\"https:\/\/www.garboismelo.com.br\/wp-content\/uploads\/2023\/10\/logo-leaders-league-191x78.png\" width=\"191\" height=\"78\" alt=\"logo-leaders-league\" title=\"logo-leaders-league\" loading=\"lazy\" \/><\/a>\n\t\t<\/figure>\n\t<\/div>\n<\/div><\/div><\/div><div class=\"wpb_column vc_column_container vc_col-sm-6\"><div class=\"vc_column-inner\"><div class=\"wpb_wrapper\">\n\t<div  class=\"wpb_single_image wpb_content_element vc_align_center wpb_content_element\">\n\t\t\n\t\t<figure class=\"wpb_wrapper vc_figure\">\n\t\t\t<a href=\"https:\/\/whoswholegal.com\/\" target=\"_blank\" class=\"vc_single_image-wrapper   vc_box_border_grey\"><img decoding=\"async\" class=\"vc_single_image-img\" src=\"https:\/\/www.garboismelo.com.br\/wp-content\/uploads\/2023\/10\/logo-wwl-191x75.png\" width=\"191\" height=\"75\" alt=\"logo-wwl\" title=\"logo-wwl\" loading=\"lazy\" \/><\/a>\n\t\t<\/figure>\n\t<\/div>\n<\/div><\/div><\/div><\/div><\/div><\/div><\/div><div class=\"wpb_column vc_column_container vc_col-sm-3\"><div class=\"vc_column-inner\"><div class=\"wpb_wrapper\"><\/div><\/div><\/div><\/div>\n<\/div>","protected":false},"excerpt":{"rendered":"Flavia MeloMelo fmelo@garboismelo.com.br Flavia Melo acumula mais de 20 anos de experi\u00eancia em Direito Mar\u00edtimo, atuando para clientes brasileiros e estrangeiros, em acidentes de navega\u00e7\u00e3o, disputas de carga, arresto de navios, polui\u00e7\u00e3o ambiental, reclama\u00e7\u00f5es de terceiros e quest\u00f5es de seguro decorrentes. Ela tamb\u00e9m assessora seus clientes em contratos de constru\u00e7\u00e3o, compra e venda e afretamento<span class=\"screen-reader-text\"><a href=\"https:\/\/www.garboismelo.com.br\/en\/equipe\/flavia-melo\/\" rel=\"nofollow\">[...]<\/a><\/span>","protected":false},"author":1,"featured_media":0,"parent":242,"menu_order":0,"comment_status":"closed","ping_status":"closed","template":"page-builder.php","meta":{"_acf_changed":false,"_vp_format_video_url":"","_vp_image_focal_point":[],"footnotes":""},"class_list":["post-464","page","type-page","status-publish","hentry"],"acf":[],"_links":{"self":[{"href":"https:\/\/www.garboismelo.com.br\/en\/wp-json\/wp\/v2\/pages\/464","targetHints":{"allow":["GET"]}}],"collection":[{"href":"https:\/\/www.garboismelo.com.br\/en\/wp-json\/wp\/v2\/pages"}],"about":[{"href":"https:\/\/www.garboismelo.com.br\/en\/wp-json\/wp\/v2\/types\/page"}],"author":[{"embeddable":true,"href":"https:\/\/www.garboismelo.com.br\/en\/wp-json\/wp\/v2\/users\/1"}],"replies":[{"embeddable":true,"href":"https:\/\/www.garboismelo.com.br\/en\/wp-json\/wp\/v2\/comments?post=464"}],"version-history":[{"count":42,"href":"https:\/\/www.garboismelo.com.br\/en\/wp-json\/wp\/v2\/pages\/464\/revisions"}],"predecessor-version":[{"id":2272,"href":"https:\/\/www.garboismelo.com.br\/en\/wp-json\/wp\/v2\/pages\/464\/revisions\/2272"}],"up":[{"embeddable":true,"href":"https:\/\/www.garboismelo.com.br\/en\/wp-json\/wp\/v2\/pages\/242"}],"wp:attachment":[{"href":"https:\/\/www.garboismelo.com.br\/en\/wp-json\/wp\/v2\/media?parent=464"}],"curies":[{"name":"wp","href":"https:\/\/api.w.org\/{rel}","templated":true}]}}