{"id":2767,"date":"2021-10-17T22:33:03","date_gmt":"2021-10-18T01:33:03","guid":{"rendered":"https:\/\/www.garboismelo.com.br\/equipe\/fabio-gradel-2\/"},"modified":"2025-03-18T07:59:03","modified_gmt":"2025-03-18T10:59:03","slug":"luisa-hippolito-moreira","status":"publish","type":"page","link":"https:\/\/www.garboismelo.com.br\/en\/equipe\/luisa-hippolito-moreira\/","title":{"rendered":"Luisa Hippolito Moreira"},"content":{"rendered":"<div class=\"wpb-content-wrapper\"><div data-vc-full-width=\"true\" data-vc-full-width-init=\"false\" data-vc-stretch-content=\"true\" class=\"vc_row wpb_row vc_row-fluid\"><div data-vc-parallax=\"1.5\" data-vc-parallax-o-fade=\"on\" class=\"wpb_animate_when_almost_visible wpb_fadeIn fadeIn wpb_column vc_column_container vc_col-sm-12 vc_col-has-fill vc_general vc_parallax vc_parallax-content-moving-fade js-vc_parallax-o-fade\"><div class=\"vc_column-inner vc_custom_1739396424106\"><div class=\"wpb_wrapper\"><\/div><\/div><\/div><\/div><div class=\"vc_row-full-width vc_clearfix\"><\/div><div class=\"vc_row wpb_row vc_row-fluid\"><div class=\"wpb_column vc_column_container vc_col-sm-12\"><div class=\"vc_column-inner\"><div class=\"wpb_wrapper\"><div class=\"vc_empty_space\"   style=\"height: 64px\"><span class=\"vc_empty_space_inner\"><\/span><\/div><\/div><\/div><\/div><\/div><div class=\"vc_row wpb_row vc_row-fluid\"><div class=\"wpb_column vc_column_container vc_col-sm-3\"><div class=\"vc_column-inner\"><div class=\"wpb_wrapper\">\n\t<div  class=\"wpb_single_image wpb_content_element vc_align_left wpb_content_element wpb_animate_when_almost_visible wpb_fadeIn fadeIn\">\n\t\t\n\t\t<figure class=\"wpb_wrapper vc_figure\">\n\t\t\t<div class=\"vc_single_image-wrapper   vc_box_border_grey\"><img decoding=\"async\" class=\"vc_single_image-img\" src=\"https:\/\/www.garboismelo.com.br\/wp-content\/uploads\/2025\/03\/luisa-200x246.jpg\" width=\"200\" height=\"246\" alt=\"luisa\" title=\"luisa\" loading=\"lazy\" \/><\/div>\n\t\t<\/figure>\n\t<\/div>\n<\/div><\/div><\/div><div class=\"wpb_column vc_column_container vc_col-sm-6\"><div class=\"vc_column-inner\"><div class=\"wpb_wrapper\"><div style=\"margin:0px;\" class=\"heading-title  al-left\" id=\"alian4x_el_69ea556ac6dc4\"><h1 style=\"\" class=\"al-headitg-title al-parallax\">Luisa Hippolito Moreira<span style=\"color:#e5e5e5\" class=\"al-opacity-text\">Morreira<\/span><\/h1><span class=\"al-line-title\">\r\n            <svg  x=\"0px\" y=\"0px\" viewbox=\"0 0 100 19.5\" >\r\n            <g>\r\n                <polygon points=\"79.3,18 69.6,8.3 60,18 50.3,8.3 40.6,18 31,8.3 21.3,18 11.7,8.3 3.4,16.5 0.6,13.7 11.7,2.7 21.3,12.3 31,2.7                     40.6,12.3 50.3,2.7 60,12.3 69.6,2.7 79.3,12.3 88.9,2.7 100,13.6 97.2,16.4 89,8.3 \t\"\/>\r\n            <\/g>\r\n            <\/svg>\r\n        <\/span><div  class=\"al-small-description\"><a href=\"mailto:lmoreira@garboismelo.com.br\">lmoreira@garboismelo.com.br<\/a><\/div><div   class=\"al-subtitle\"><\/div><\/div>\n\t<div class=\"wpb_text_column wpb_content_element vc_custom_1739396600412\" >\n\t\t<div class=\"wpb_wrapper\">\n\t\t\t<div>Luisa Hippolito Moreira is a lawyer with experience in Civil Procedural Law and Business Law. Since her undergraduate studies, she has focused her professional career on Insolvency, especially in the context of Reorganization and Bankruptcy, which has provided her with direct exposure to contractual and corporate issues.<\/div>\n<div>\n<p>To deepen her knowledge, Luisa pursued specialized studies in Enforcement Procedure and Insolvency, and in order to improve her fluency in English for corporate and professional demands, she took a Business English course at the London School of English. <em>Business English<\/em> na institui\u00e7\u00e3o <em>London School of English<\/em>.<\/p>\n<p>Currently, Luisa is part of the Maritime Law team at Garbois + Melo Advogados, where she applies her expertise to handle a wide range of legal matters, from preventive consulting to litigation in the sector.<\/p>\n<p>Luisa is from Rio de Janeiro, the daughter of Northeastern parents, passionate about coffee, travel, and gathering with friends and family for a good dinner, always accompanied by her dog, Nick, and her cat, Arrascaeta.<\/p>\n<\/div>\n<p><b>Education<br \/>\n<\/b>PUC-RJ, Bachelor of Laws (LL.B.)<\/p>\n<p><b>Languages<\/b><br \/>\nPortuguese and English<\/p>\n\n\t\t<\/div>\n\t<\/div>\n<\/div><\/div><\/div><div class=\"wpb_column vc_column_container vc_col-sm-3\"><div class=\"vc_column-inner\"><div class=\"wpb_wrapper\"><\/div><\/div><\/div><\/div>\n<\/div>","protected":false},"excerpt":{"rendered":"Luisa Hippolito MoreiraMorreira lmoreira@garboismelo.com.br Luisa Hippolito Moreira \u00e9 advogada com experi\u00eancia nas \u00e1reas de Direito Processual Civil e Empresarial. Desde a gradua\u00e7\u00e3o, direcionou sua trajet\u00f3ria profissional para a atua\u00e7\u00e3o no campo da Recupera\u00e7\u00e3o de Cr\u00e9dito, especialmente no contexto de Recupera\u00e7\u00e3o Judicial, o que lhe proporcionou um contato direto com quest\u00f5es contratuais e societ\u00e1rias. Para aprofundar<span class=\"screen-reader-text\"><a href=\"https:\/\/www.garboismelo.com.br\/en\/equipe\/luisa-hippolito-moreira\/\" rel=\"nofollow\">[...]<\/a><\/span>","protected":false},"author":1,"featured_media":0,"parent":242,"menu_order":0,"comment_status":"closed","ping_status":"closed","template":"page-builder.php","meta":{"_acf_changed":false,"_vp_format_video_url":"","_vp_image_focal_point":[],"footnotes":""},"class_list":["post-2767","page","type-page","status-publish","hentry"],"acf":[],"_links":{"self":[{"href":"https:\/\/www.garboismelo.com.br\/en\/wp-json\/wp\/v2\/pages\/2767","targetHints":{"allow":["GET"]}}],"collection":[{"href":"https:\/\/www.garboismelo.com.br\/en\/wp-json\/wp\/v2\/pages"}],"about":[{"href":"https:\/\/www.garboismelo.com.br\/en\/wp-json\/wp\/v2\/types\/page"}],"author":[{"embeddable":true,"href":"https:\/\/www.garboismelo.com.br\/en\/wp-json\/wp\/v2\/users\/1"}],"replies":[{"embeddable":true,"href":"https:\/\/www.garboismelo.com.br\/en\/wp-json\/wp\/v2\/comments?post=2767"}],"version-history":[{"count":2,"href":"https:\/\/www.garboismelo.com.br\/en\/wp-json\/wp\/v2\/pages\/2767\/revisions"}],"predecessor-version":[{"id":2774,"href":"https:\/\/www.garboismelo.com.br\/en\/wp-json\/wp\/v2\/pages\/2767\/revisions\/2774"}],"up":[{"embeddable":true,"href":"https:\/\/www.garboismelo.com.br\/en\/wp-json\/wp\/v2\/pages\/242"}],"wp:attachment":[{"href":"https:\/\/www.garboismelo.com.br\/en\/wp-json\/wp\/v2\/media?parent=2767"}],"curies":[{"name":"wp","href":"https:\/\/api.w.org\/{rel}","templated":true}]}}