{"id":2756,"date":"2021-10-17T22:33:03","date_gmt":"2021-10-18T01:33:03","guid":{"rendered":"https:\/\/www.garboismelo.com.br\/equipe\/fabio-gradel-2\/"},"modified":"2025-03-18T07:56:36","modified_gmt":"2025-03-18T10:56:36","slug":"hugo-santoro-lemos","status":"publish","type":"page","link":"https:\/\/www.garboismelo.com.br\/en\/equipe\/hugo-santoro-lemos\/","title":{"rendered":"Hugo Santoro Lemos"},"content":{"rendered":"<div class=\"wpb-content-wrapper\"><div data-vc-full-width=\"true\" data-vc-full-width-init=\"false\" data-vc-stretch-content=\"true\" class=\"vc_row wpb_row vc_row-fluid\"><div data-vc-parallax=\"1.5\" data-vc-parallax-o-fade=\"on\" class=\"wpb_animate_when_almost_visible wpb_fadeIn fadeIn wpb_column vc_column_container vc_col-sm-12 vc_col-has-fill vc_general vc_parallax vc_parallax-content-moving-fade js-vc_parallax-o-fade\"><div class=\"vc_column-inner vc_custom_1739397286161\"><div class=\"wpb_wrapper\"><\/div><\/div><\/div><\/div><div class=\"vc_row-full-width vc_clearfix\"><\/div><div class=\"vc_row wpb_row vc_row-fluid\"><div class=\"wpb_column vc_column_container vc_col-sm-12\"><div class=\"vc_column-inner\"><div class=\"wpb_wrapper\"><div class=\"vc_empty_space\"   style=\"height: 64px\"><span class=\"vc_empty_space_inner\"><\/span><\/div><\/div><\/div><\/div><\/div><div class=\"vc_row wpb_row vc_row-fluid\"><div class=\"wpb_column vc_column_container vc_col-sm-3\"><div class=\"vc_column-inner\"><div class=\"wpb_wrapper\">\n\t<div  class=\"wpb_single_image wpb_content_element vc_align_left wpb_content_element wpb_animate_when_almost_visible wpb_fadeIn fadeIn\">\n\t\t\n\t\t<figure class=\"wpb_wrapper vc_figure\">\n\t\t\t<div class=\"vc_single_image-wrapper   vc_box_border_grey\"><img decoding=\"async\" class=\"vc_single_image-img\" src=\"https:\/\/www.garboismelo.com.br\/wp-content\/uploads\/2025\/03\/hugo-200x246.jpg\" width=\"200\" height=\"246\" alt=\"hugo\" title=\"hugo\" loading=\"lazy\" \/><\/div>\n\t\t<\/figure>\n\t<\/div>\n<\/div><\/div><\/div><div class=\"wpb_column vc_column_container vc_col-sm-6\"><div class=\"vc_column-inner\"><div class=\"wpb_wrapper\"><div style=\"margin:0px;\" class=\"heading-title  al-left\" id=\"alian4x_el_69ea556a34cbb\"><h1 style=\"\" class=\"al-headitg-title al-parallax\">Hugo Santoro Lemos<span style=\"color:#e5e5e5\" class=\"al-opacity-text\">Lemos<\/span><\/h1><span class=\"al-line-title\">\r\n            <svg  x=\"0px\" y=\"0px\" viewbox=\"0 0 100 19.5\" >\r\n            <g>\r\n                <polygon points=\"79.3,18 69.6,8.3 60,18 50.3,8.3 40.6,18 31,8.3 21.3,18 11.7,8.3 3.4,16.5 0.6,13.7 11.7,2.7 21.3,12.3 31,2.7                     40.6,12.3 50.3,2.7 60,12.3 69.6,2.7 79.3,12.3 88.9,2.7 100,13.6 97.2,16.4 89,8.3 \t\"\/>\r\n            <\/g>\r\n            <\/svg>\r\n        <\/span><div  class=\"al-small-description\"><a href=\"mailto:hlemos@garboismelo.com.br\">hlemos@garboismelo.com.br<\/a><\/div><div   class=\"al-subtitle\"><\/div><\/div>\n\t<div class=\"wpb_text_column wpb_content_element vc_custom_1739397413569\" >\n\t\t<div class=\"wpb_wrapper\">\n\t\t\t<div>\n<p>Hugo Santoro Lemos is a lawyer with experience in Banking and Business Law. Throughout his academic and professional journey, he has always been deeply interested in the challenges involved in complex legal cases, which motivated him to specialize in Business Law at the Funda\u00e7\u00e3o Get\u00falio Vargas (FGV).<\/p>\n<p>ugo has worked directly on Judicial Recovery and Bankruptcy actions, aiming to prove and recover credits for a financial institution. Currently, he is part of the Maritime Law team, where he works on strategic litigation, drafting legal documents, and assisting in other legal activities.<\/p>\n<p>In addition to his professional work, he is passionate about soccer and the Club de Regatas Vasco da Gama, fascinated by travel, and loves discovering new cultures through cuisine.<\/p>\n<\/div>\n<p><b>Education<br \/>\n<\/b>Est\u00e1cio, Bachelor of Laws (LL.B.)<br \/>\nFGV-Rio, Specialisation in Business Law<\/p>\n<p><b>Languages<\/b><br \/>\nPortuguese and English<\/p>\n\n\t\t<\/div>\n\t<\/div>\n<\/div><\/div><\/div><div class=\"wpb_column vc_column_container vc_col-sm-3\"><div class=\"vc_column-inner\"><div class=\"wpb_wrapper\"><\/div><\/div><\/div><\/div>\n<\/div>","protected":false},"excerpt":{"rendered":"Hugo Santoro LemosLemos hlemos@garboismelo.com.br Hugo Santoro Lemos \u00e9 um advogado com experi\u00eancia em Direito Banc\u00e1rio e Empresarial. Ao longo de sua trajet\u00f3ria acad\u00eamica e profissional, sempre se interessou pelos desafios envolvidos em demandas jur\u00eddicas complexas, o que o motivou a se especializar em Direito Empresarial pela Funda\u00e7\u00e3o Get\u00falio Vargas (FGV). Hugo atuou diretamente em a\u00e7\u00f5es<span class=\"screen-reader-text\"><a href=\"https:\/\/www.garboismelo.com.br\/en\/equipe\/hugo-santoro-lemos\/\" rel=\"nofollow\">[...]<\/a><\/span>","protected":false},"author":1,"featured_media":0,"parent":242,"menu_order":0,"comment_status":"closed","ping_status":"closed","template":"page-builder.php","meta":{"_acf_changed":false,"_vp_format_video_url":"","_vp_image_focal_point":[],"footnotes":""},"class_list":["post-2756","page","type-page","status-publish","hentry"],"acf":[],"_links":{"self":[{"href":"https:\/\/www.garboismelo.com.br\/en\/wp-json\/wp\/v2\/pages\/2756","targetHints":{"allow":["GET"]}}],"collection":[{"href":"https:\/\/www.garboismelo.com.br\/en\/wp-json\/wp\/v2\/pages"}],"about":[{"href":"https:\/\/www.garboismelo.com.br\/en\/wp-json\/wp\/v2\/types\/page"}],"author":[{"embeddable":true,"href":"https:\/\/www.garboismelo.com.br\/en\/wp-json\/wp\/v2\/users\/1"}],"replies":[{"embeddable":true,"href":"https:\/\/www.garboismelo.com.br\/en\/wp-json\/wp\/v2\/comments?post=2756"}],"version-history":[{"count":5,"href":"https:\/\/www.garboismelo.com.br\/en\/wp-json\/wp\/v2\/pages\/2756\/revisions"}],"predecessor-version":[{"id":2766,"href":"https:\/\/www.garboismelo.com.br\/en\/wp-json\/wp\/v2\/pages\/2756\/revisions\/2766"}],"up":[{"embeddable":true,"href":"https:\/\/www.garboismelo.com.br\/en\/wp-json\/wp\/v2\/pages\/242"}],"wp:attachment":[{"href":"https:\/\/www.garboismelo.com.br\/en\/wp-json\/wp\/v2\/media?parent=2756"}],"curies":[{"name":"wp","href":"https:\/\/api.w.org\/{rel}","templated":true}]}}