{"id":2748,"date":"2021-10-17T22:33:03","date_gmt":"2021-10-18T01:33:03","guid":{"rendered":"https:\/\/www.garboismelo.com.br\/equipe\/fabio-gradel-2\/"},"modified":"2025-03-18T07:51:35","modified_gmt":"2025-03-18T10:51:35","slug":"felipe-mesquita","status":"publish","type":"page","link":"https:\/\/www.garboismelo.com.br\/en\/equipe\/felipe-mesquita\/","title":{"rendered":"Felipe Mesquita"},"content":{"rendered":"<div class=\"wpb-content-wrapper\"><div data-vc-full-width=\"true\" data-vc-full-width-init=\"false\" data-vc-stretch-content=\"true\" class=\"vc_row wpb_row vc_row-fluid\"><div data-vc-parallax=\"1.5\" data-vc-parallax-o-fade=\"on\" class=\"wpb_animate_when_almost_visible wpb_fadeIn fadeIn wpb_column vc_column_container vc_col-sm-12 vc_col-has-fill vc_general vc_parallax vc_parallax-content-moving-fade js-vc_parallax-o-fade\"><div class=\"vc_column-inner vc_custom_1739395400901\"><div class=\"wpb_wrapper\"><\/div><\/div><\/div><\/div><div class=\"vc_row-full-width vc_clearfix\"><\/div><div class=\"vc_row wpb_row vc_row-fluid\"><div class=\"wpb_column vc_column_container vc_col-sm-12\"><div class=\"vc_column-inner\"><div class=\"wpb_wrapper\"><div class=\"vc_empty_space\"   style=\"height: 64px\"><span class=\"vc_empty_space_inner\"><\/span><\/div><\/div><\/div><\/div><\/div><div class=\"vc_row wpb_row vc_row-fluid\"><div class=\"wpb_column vc_column_container vc_col-sm-3\"><div class=\"vc_column-inner\"><div class=\"wpb_wrapper\">\n\t<div  class=\"wpb_single_image wpb_content_element vc_align_left wpb_content_element wpb_animate_when_almost_visible wpb_fadeIn fadeIn\">\n\t\t\n\t\t<figure class=\"wpb_wrapper vc_figure\">\n\t\t\t<div class=\"vc_single_image-wrapper   vc_box_border_grey\"><img decoding=\"async\" class=\"vc_single_image-img\" src=\"https:\/\/www.garboismelo.com.br\/wp-content\/uploads\/2025\/03\/felipe-200x246.jpg\" width=\"200\" height=\"246\" alt=\"felipe\" title=\"felipe\" loading=\"lazy\" \/><\/div>\n\t\t<\/figure>\n\t<\/div>\n<\/div><\/div><\/div><div class=\"wpb_column vc_column_container vc_col-sm-6\"><div class=\"vc_column-inner\"><div class=\"wpb_wrapper\"><div style=\"margin:0px;\" class=\"heading-title  al-left\" id=\"alian4x_el_69ea554740e7b\"><h1 style=\"\" class=\"al-headitg-title al-parallax\">Felipe Mesquita<span style=\"color:#e5e5e5\" class=\"al-opacity-text\">Mesquita<\/span><\/h1><span class=\"al-line-title\">\r\n            <svg  x=\"0px\" y=\"0px\" viewbox=\"0 0 100 19.5\" >\r\n            <g>\r\n                <polygon points=\"79.3,18 69.6,8.3 60,18 50.3,8.3 40.6,18 31,8.3 21.3,18 11.7,8.3 3.4,16.5 0.6,13.7 11.7,2.7 21.3,12.3 31,2.7                     40.6,12.3 50.3,2.7 60,12.3 69.6,2.7 79.3,12.3 88.9,2.7 100,13.6 97.2,16.4 89,8.3 \t\"\/>\r\n            <\/g>\r\n            <\/svg>\r\n        <\/span><div  class=\"al-small-description\"><a href=\"mailto:fmesquita@garboismelo.com.br\">fmesquita@garboismelo.com.br<\/a><\/div><div   class=\"al-subtitle\"><\/div><\/div>\n\t<div class=\"wpb_text_column wpb_content_element vc_custom_1739396649836\" >\n\t\t<div class=\"wpb_wrapper\">\n\t\t\t<div>\n<p>Felipe Mesquita is a lawyer specialised in Procedural Law (Civil Litigation and Arbitration), with experience in Maritime Law. He started his career in Administrative Law but developed a legal passion with the sea when he began working on disputes in the context of shipping contracts related to cargo and containers.<\/p>\n<\/div>\n<div>\n<p>He also has experience in different insolvency procedures (Judicial Recovery, Extrajudicial Recovery, and Bankruptcy).<br \/>\nCurrently, he is part of the Garbois+Melo team, working on strategic disputes in the context of Maritime Law.<\/p>\n<\/div>\n<div>\n<p>In addition, he has academic affinity and is interested in Intellectual Property, being a member of the Fashion Law Committee of OAB\/RJ.<\/p>\n<p>Felipe is passionate about the beach, music, and literature.<\/p>\n<\/div>\n<p><b>Education<br \/>\n<\/b>PUC-RJ, Bachelor of Laws (LL.B.)<br \/>\nPUC-RJ, Specialisation in Procedural Law<br \/>\nFGV-Rio, Maritime Law Course<\/p>\n<p><b>Languages<\/b><br \/>\nPortuguese, English and French<\/p>\n\n\t\t<\/div>\n\t<\/div>\n<\/div><\/div><\/div><div class=\"wpb_column vc_column_container vc_col-sm-3\"><div class=\"vc_column-inner\"><div class=\"wpb_wrapper\"><\/div><\/div><\/div><\/div>\n<\/div>","protected":false},"excerpt":{"rendered":"Felipe MesquitaMesquita fmesquita@garboismelo.com.br Felipe Mesquita \u00e9 um advogado especializado em Direito Processual (Contencioso C\u00edvel e Arbitragem), com experi\u00eancia na \u00e1rea de Direito Mar\u00edtimo. Iniciou sua carreira no ramo do Direito Administrativo, mas despertou paix\u00e3o jur\u00eddica pelo mar quando passou a atuar em disputas no \u00e2mbito do contrato de transporte, referentes a cargas e cont\u00eaineres. Tamb\u00e9m<span class=\"screen-reader-text\"><a href=\"https:\/\/www.garboismelo.com.br\/en\/equipe\/felipe-mesquita\/\" rel=\"nofollow\">[...]<\/a><\/span>","protected":false},"author":1,"featured_media":0,"parent":242,"menu_order":0,"comment_status":"closed","ping_status":"closed","template":"page-builder.php","meta":{"_acf_changed":false,"_vp_format_video_url":"","_vp_image_focal_point":[],"footnotes":""},"class_list":["post-2748","page","type-page","status-publish","hentry"],"acf":[],"_links":{"self":[{"href":"https:\/\/www.garboismelo.com.br\/en\/wp-json\/wp\/v2\/pages\/2748","targetHints":{"allow":["GET"]}}],"collection":[{"href":"https:\/\/www.garboismelo.com.br\/en\/wp-json\/wp\/v2\/pages"}],"about":[{"href":"https:\/\/www.garboismelo.com.br\/en\/wp-json\/wp\/v2\/types\/page"}],"author":[{"embeddable":true,"href":"https:\/\/www.garboismelo.com.br\/en\/wp-json\/wp\/v2\/users\/1"}],"replies":[{"embeddable":true,"href":"https:\/\/www.garboismelo.com.br\/en\/wp-json\/wp\/v2\/comments?post=2748"}],"version-history":[{"count":2,"href":"https:\/\/www.garboismelo.com.br\/en\/wp-json\/wp\/v2\/pages\/2748\/revisions"}],"predecessor-version":[{"id":2755,"href":"https:\/\/www.garboismelo.com.br\/en\/wp-json\/wp\/v2\/pages\/2748\/revisions\/2755"}],"up":[{"embeddable":true,"href":"https:\/\/www.garboismelo.com.br\/en\/wp-json\/wp\/v2\/pages\/242"}],"wp:attachment":[{"href":"https:\/\/www.garboismelo.com.br\/en\/wp-json\/wp\/v2\/media?parent=2748"}],"curies":[{"name":"wp","href":"https:\/\/api.w.org\/{rel}","templated":true}]}}