{"id":2742,"date":"2021-11-05T10:53:58","date_gmt":"2021-11-05T13:53:58","guid":{"rendered":"https:\/\/www.garboismelo.com.br\/equipe\/caio-pires-2\/"},"modified":"2025-03-18T07:46:17","modified_gmt":"2025-03-18T10:46:17","slug":"ester-sabino-2","status":"publish","type":"page","link":"https:\/\/www.garboismelo.com.br\/en\/equipe\/ester-sabino-2\/","title":{"rendered":"Ester Sabino"},"content":{"rendered":"<div class=\"wpb-content-wrapper\"><div data-vc-full-width=\"true\" data-vc-full-width-init=\"false\" data-vc-stretch-content=\"true\" class=\"vc_row wpb_row vc_row-fluid\"><div data-vc-parallax=\"1.5\" data-vc-parallax-o-fade=\"on\" class=\"wpb_animate_when_almost_visible wpb_fadeIn fadeIn wpb_column vc_column_container vc_col-sm-12 vc_col-has-fill vc_general vc_parallax vc_parallax-content-moving-fade js-vc_parallax-o-fade\"><div class=\"vc_column-inner vc_custom_1739397652695\"><div class=\"wpb_wrapper\"><\/div><\/div><\/div><\/div><div class=\"vc_row-full-width vc_clearfix\"><\/div><div class=\"vc_row wpb_row vc_row-fluid\"><div class=\"wpb_column vc_column_container vc_col-sm-12\"><div class=\"vc_column-inner\"><div class=\"wpb_wrapper\"><div class=\"vc_empty_space\"   style=\"height: 64px\"><span class=\"vc_empty_space_inner\"><\/span><\/div><\/div><\/div><\/div><\/div><div class=\"vc_row wpb_row vc_row-fluid\"><div class=\"wpb_column vc_column_container vc_col-sm-3\"><div class=\"vc_column-inner\"><div class=\"wpb_wrapper\">\n\t<div  class=\"wpb_single_image wpb_content_element vc_align_left wpb_content_element wpb_animate_when_almost_visible wpb_fadeIn fadeIn\">\n\t\t\n\t\t<figure class=\"wpb_wrapper vc_figure\">\n\t\t\t<div class=\"vc_single_image-wrapper   vc_box_border_grey\"><img decoding=\"async\" class=\"vc_single_image-img\" src=\"https:\/\/www.garboismelo.com.br\/wp-content\/uploads\/2025\/03\/ester-sabino-200x246.jpg\" width=\"200\" height=\"246\" alt=\"ester-sabino\" title=\"ester-sabino\" loading=\"lazy\" \/><\/div>\n\t\t<\/figure>\n\t<\/div>\n<\/div><\/div><\/div><div class=\"wpb_column vc_column_container vc_col-sm-6\"><div class=\"vc_column-inner\"><div class=\"wpb_wrapper\"><div style=\"margin:0px;\" class=\"heading-title  al-left\" id=\"alian4x_el_69ea556bc3f41\"><h1 style=\"\" class=\"al-headitg-title al-parallax\">Ester Sabino<span style=\"color:#e5e5e5\" class=\"al-opacity-text\">Sabino<\/span><\/h1><span class=\"al-line-title\">\r\n            <svg  x=\"0px\" y=\"0px\" viewbox=\"0 0 100 19.5\" >\r\n            <g>\r\n                <polygon points=\"79.3,18 69.6,8.3 60,18 50.3,8.3 40.6,18 31,8.3 21.3,18 11.7,8.3 3.4,16.5 0.6,13.7 11.7,2.7 21.3,12.3 31,2.7                     40.6,12.3 50.3,2.7 60,12.3 69.6,2.7 79.3,12.3 88.9,2.7 100,13.6 97.2,16.4 89,8.3 \t\"\/>\r\n            <\/g>\r\n            <\/svg>\r\n        <\/span><div  class=\"al-small-description\"><a href=\"mailto:esabino@garboismelo.com.br\">esabino@garboismelo.com.br<\/a><\/div><div   class=\"al-subtitle\"><\/div><\/div>\n\t<div class=\"wpb_text_column wpb_content_element vc_custom_1739397777265\" >\n\t\t<div class=\"wpb_wrapper\">\n\t\t\t<div>\n<p>Ester Sabino is a dispute resolution lawyer with experience in the areas of civil, corporate law, and civil procedure law, both in litigation and arbitration, as well as in consulting. Ester also has a special interest in the academic field, having worked as teaching assistant in General Private Law and Fundamentals of Procedure Law, as well as a volunteer researcher at UFRN\u2019s International Law Observatory, in the field of international private law.<\/p>\n<p>She is deeply engaged in topics related to arbitration and the maritime sector, which is one of her greatest passions. Ester is a member of the Young Arbitrators Committee, affiliated to CBMA, and of the Maritime SheEO Community.\n<\/p><\/div>\n<p><b>Education<br \/>\n<\/b>UFF, Bachelor of Laws (LL.B.)<br \/>\nEMERJ, Business Law Extension Course: Bankruptcy and Judicial Recovery in the Light of Changes to Law 14.112\/2020<br \/>\nRelations: New Rights and Their Interface (in progress)<\/p>\n<p><b>Languages<\/b><br \/>\nPortuguese and English<\/p>\n\n\t\t<\/div>\n\t<\/div>\n<\/div><\/div><\/div><div class=\"wpb_column vc_column_container vc_col-sm-3\"><div class=\"vc_column-inner\"><div class=\"wpb_wrapper\"><\/div><\/div><\/div><\/div>\n<\/div>","protected":false},"excerpt":{"rendered":"Ester SabinoSabino esabino@garboismelo.com.br Ester Sabino \u00e9 advogada de resolu\u00e7\u00e3o de disputas, com experi\u00eancia nas \u00e1reas de direito civil, empresarial e processual civil, tanto no contencioso judicial e arbitral, quanto no consultivo. Al\u00e9m disso, Ester tem particular interesse pela \u00e1rea acad\u00eamica, tendo atuado, ainda na gradua\u00e7\u00e3o, como monitora volunt\u00e1ria de Direito Privado Geral e monitora bolsista<span class=\"screen-reader-text\"><a href=\"https:\/\/www.garboismelo.com.br\/en\/equipe\/ester-sabino-2\/\" rel=\"nofollow\">[...]<\/a><\/span>","protected":false},"author":1,"featured_media":0,"parent":242,"menu_order":0,"comment_status":"closed","ping_status":"closed","template":"page-builder.php","meta":{"_acf_changed":false,"_vp_format_video_url":"","_vp_image_focal_point":[],"footnotes":""},"class_list":["post-2742","page","type-page","status-publish","hentry"],"acf":[],"_links":{"self":[{"href":"https:\/\/www.garboismelo.com.br\/en\/wp-json\/wp\/v2\/pages\/2742","targetHints":{"allow":["GET"]}}],"collection":[{"href":"https:\/\/www.garboismelo.com.br\/en\/wp-json\/wp\/v2\/pages"}],"about":[{"href":"https:\/\/www.garboismelo.com.br\/en\/wp-json\/wp\/v2\/types\/page"}],"author":[{"embeddable":true,"href":"https:\/\/www.garboismelo.com.br\/en\/wp-json\/wp\/v2\/users\/1"}],"replies":[{"embeddable":true,"href":"https:\/\/www.garboismelo.com.br\/en\/wp-json\/wp\/v2\/comments?post=2742"}],"version-history":[{"count":3,"href":"https:\/\/www.garboismelo.com.br\/en\/wp-json\/wp\/v2\/pages\/2742\/revisions"}],"predecessor-version":[{"id":2747,"href":"https:\/\/www.garboismelo.com.br\/en\/wp-json\/wp\/v2\/pages\/2742\/revisions\/2747"}],"up":[{"embeddable":true,"href":"https:\/\/www.garboismelo.com.br\/en\/wp-json\/wp\/v2\/pages\/242"}],"wp:attachment":[{"href":"https:\/\/www.garboismelo.com.br\/en\/wp-json\/wp\/v2\/media?parent=2742"}],"curies":[{"name":"wp","href":"https:\/\/api.w.org\/{rel}","templated":true}]}}