{"id":2626,"date":"2021-10-17T22:33:03","date_gmt":"2021-10-18T01:33:03","guid":{"rendered":"https:\/\/www.garboismelo.com.br\/equipe\/fabio-gradel-2\/"},"modified":"2024-07-31T16:38:38","modified_gmt":"2024-07-31T19:38:38","slug":"cesar-chrisostomo","status":"publish","type":"page","link":"https:\/\/www.garboismelo.com.br\/en\/equipe\/cesar-chrisostomo\/","title":{"rendered":"C\u00e9sar Chris\u00f3stomo"},"content":{"rendered":"<div class=\"wpb-content-wrapper\"><div data-vc-full-width=\"true\" data-vc-full-width-init=\"false\" data-vc-stretch-content=\"true\" class=\"vc_row wpb_row vc_row-fluid\"><div data-vc-parallax=\"1.5\" data-vc-parallax-o-fade=\"on\" class=\"wpb_animate_when_almost_visible wpb_fadeIn fadeIn wpb_column vc_column_container vc_col-sm-12 vc_col-has-fill vc_general vc_parallax vc_parallax-content-moving-fade js-vc_parallax-o-fade\"><div class=\"vc_column-inner vc_custom_1722453212944\"><div class=\"wpb_wrapper\"><\/div><\/div><\/div><\/div><div class=\"vc_row-full-width vc_clearfix\"><\/div><div class=\"vc_row wpb_row vc_row-fluid\"><div class=\"wpb_column vc_column_container vc_col-sm-12\"><div class=\"vc_column-inner\"><div class=\"wpb_wrapper\"><div class=\"vc_empty_space\"   style=\"height: 64px\"><span class=\"vc_empty_space_inner\"><\/span><\/div><\/div><\/div><\/div><\/div><div class=\"vc_row wpb_row vc_row-fluid\"><div class=\"wpb_column vc_column_container vc_col-sm-3\"><div class=\"vc_column-inner\"><div class=\"wpb_wrapper\">\n\t<div  class=\"wpb_single_image wpb_content_element vc_align_left wpb_content_element wpb_animate_when_almost_visible wpb_fadeIn fadeIn\">\n\t\t\n\t\t<figure class=\"wpb_wrapper vc_figure\">\n\t\t\t<div class=\"vc_single_image-wrapper   vc_box_border_grey\"><img decoding=\"async\" class=\"vc_single_image-img\" src=\"https:\/\/www.garboismelo.com.br\/wp-content\/uploads\/2024\/07\/cesar-1-200x246.jpg\" width=\"200\" height=\"246\" alt=\"cesar\" title=\"cesar\" loading=\"lazy\" \/><\/div>\n\t\t<\/figure>\n\t<\/div>\n<\/div><\/div><\/div><div class=\"wpb_column vc_column_container vc_col-sm-6\"><div class=\"vc_column-inner\"><div class=\"wpb_wrapper\"><div style=\"margin:0px;\" class=\"heading-title  al-left\" id=\"alian4x_el_69ea554740e2f\"><h1 style=\"\" class=\"al-headitg-title al-parallax\">C\u00e9sar Chris\u00f3stomo<span style=\"color:#e5e5e5\" class=\"al-opacity-text\">Chris\u00f3stomo<\/span><\/h1><span class=\"al-line-title\">\r\n            <svg  x=\"0px\" y=\"0px\" viewbox=\"0 0 100 19.5\" >\r\n            <g>\r\n                <polygon points=\"79.3,18 69.6,8.3 60,18 50.3,8.3 40.6,18 31,8.3 21.3,18 11.7,8.3 3.4,16.5 0.6,13.7 11.7,2.7 21.3,12.3 31,2.7                     40.6,12.3 50.3,2.7 60,12.3 69.6,2.7 79.3,12.3 88.9,2.7 100,13.6 97.2,16.4 89,8.3 \t\"\/>\r\n            <\/g>\r\n            <\/svg>\r\n        <\/span><div  class=\"al-small-description\"><a href=\"mailto:cesar@garboismelo.com.br\">cesar@garboismelo.com.br<\/a><\/div><div   class=\"al-subtitle\"><\/div><\/div>\n\t<div class=\"wpb_text_column wpb_content_element vc_custom_1722448031272\" >\n\t\t<div class=\"wpb_wrapper\">\n\t\t\t<p>C\u00e9sar Chris\u00f3stomo has extensive experience in maritime law focusing on collisions and all types of maritime casualties, including groundings, sinkings, explosions and fires. C\u00e9sar has significant experience in cases involving pollution and environmental claims, especially oil spills and discharges of hazardous substance. He has litigated claims involving maritime casualties and environmental claims in courts across Brazil and in the Brazilian Admiralty Court.<\/p>\n<p>As a result of his extensive experience, C\u00e9sar has been acting in defence of P&amp;I Clubs and other players in the shipping industry in complex litigation and administrative matters arising from maritime incidents.<\/p>\n<p>In addition, he has been providing consultancy and advisory services on various matters such as Charter Party Agreements and multiple types of contracts covering companies in the offshore, cabotage, long-haul and brown water shipping fields.<\/p>\n<p>C\u00e9sar Chris\u00f3stomo is the father of a girl, two cats and two dogs. In his spare time, he usually travels, preferably to places close to the sea, his passion.<\/p>\n<p><strong>Education<\/strong><br \/>\nUERJ, Bachelor of Laws (LL.B.)<br \/>\nFGV, LLM in Litigation<br \/>\nEGN, Master\u2019s in Maritime Studies<\/p>\n<p><strong>Languages<\/strong><br \/>\nPortuguese and English<\/p>\n\n\t\t<\/div>\n\t<\/div>\n<\/div><\/div><\/div><div class=\"wpb_column vc_column_container vc_col-sm-3\"><div class=\"vc_column-inner\"><div class=\"wpb_wrapper\"><\/div><\/div><\/div><\/div>\n<\/div>","protected":false},"excerpt":{"rendered":"C\u00e9sar Chris\u00f3stomoChris\u00f3stomo cesar@garboismelo.com.br C\u00e9sar Chris\u00f3stomo possui larga experi\u00eancia em Direito Mar\u00edtimo com foco em abalroamentos, colis\u00f5es e todos os tipos de acidentes mar\u00edtimos, incluindo encalhes, afundamentos, explos\u00f5es e inc\u00eandios. Possui experi\u00eancia significativa em casos envolvendo polui\u00e7\u00e3o e reclama\u00e7\u00f5es ambientais, especialmente derramamentos de \u00f3leo e descargas de subst\u00e2ncias perigosas. Ele litigou reclama\u00e7\u00f5es envolvendo acidentes mar\u00edtimos e<span class=\"screen-reader-text\"><a href=\"https:\/\/www.garboismelo.com.br\/en\/equipe\/cesar-chrisostomo\/\" rel=\"nofollow\">[...]<\/a><\/span>","protected":false},"author":1,"featured_media":0,"parent":242,"menu_order":0,"comment_status":"closed","ping_status":"closed","template":"page-builder.php","meta":{"_acf_changed":false,"_vp_format_video_url":"","_vp_image_focal_point":[],"footnotes":""},"class_list":["post-2626","page","type-page","status-publish","hentry"],"acf":[],"_links":{"self":[{"href":"https:\/\/www.garboismelo.com.br\/en\/wp-json\/wp\/v2\/pages\/2626","targetHints":{"allow":["GET"]}}],"collection":[{"href":"https:\/\/www.garboismelo.com.br\/en\/wp-json\/wp\/v2\/pages"}],"about":[{"href":"https:\/\/www.garboismelo.com.br\/en\/wp-json\/wp\/v2\/types\/page"}],"author":[{"embeddable":true,"href":"https:\/\/www.garboismelo.com.br\/en\/wp-json\/wp\/v2\/users\/1"}],"replies":[{"embeddable":true,"href":"https:\/\/www.garboismelo.com.br\/en\/wp-json\/wp\/v2\/comments?post=2626"}],"version-history":[{"count":4,"href":"https:\/\/www.garboismelo.com.br\/en\/wp-json\/wp\/v2\/pages\/2626\/revisions"}],"predecessor-version":[{"id":2644,"href":"https:\/\/www.garboismelo.com.br\/en\/wp-json\/wp\/v2\/pages\/2626\/revisions\/2644"}],"up":[{"embeddable":true,"href":"https:\/\/www.garboismelo.com.br\/en\/wp-json\/wp\/v2\/pages\/242"}],"wp:attachment":[{"href":"https:\/\/www.garboismelo.com.br\/en\/wp-json\/wp\/v2\/media?parent=2626"}],"curies":[{"name":"wp","href":"https:\/\/api.w.org\/{rel}","templated":true}]}}