{"id":2547,"date":"2021-08-29T10:06:23","date_gmt":"2021-08-29T13:06:23","guid":{"rendered":"https:\/\/www.garboismelo.com.br\/areas-de-atuacao\/maritimo-2\/"},"modified":"2024-03-27T11:37:41","modified_gmt":"2024-03-27T14:37:41","slug":"programa-de-integridade-garbois-melo-advogados","status":"publish","type":"page","link":"https:\/\/www.garboismelo.com.br\/en\/programa-de-integridade-garbois-melo-advogados\/","title":{"rendered":"Programa de integridade"},"content":{"rendered":"<div class=\"wpb-content-wrapper\"><div class=\"vc_row wpb_row vc_row-fluid\"><div class=\"wpb_column vc_column_container vc_col-sm-2\"><div class=\"vc_column-inner\"><div class=\"wpb_wrapper\"><\/div><\/div><\/div><div class=\"wpb_column vc_column_container vc_col-sm-8\"><div class=\"vc_column-inner\"><div class=\"wpb_wrapper\">\n\t<div class=\"wpb_text_column wpb_content_element\" >\n\t\t<div class=\"wpb_wrapper\">\n\t\t\t<div>\n<p><strong>Introdu\u00e7\u00e3o<\/strong><br \/>\nO Programa de Integridade do Garbois + Melo Advogados tem como objetivo formalizar o conjunto de diretrizes e procedimentos para a promo\u00e7\u00e3o da \u00e9tica, da integridade e da diversidade j\u00e1 praticados pelo escrit\u00f3rio de advocacia Garbois + Melo Advogados desde sua funda\u00e7\u00e3o. O programa visa prevenir, detectar e remediar atos de corrup\u00e7\u00e3o, fraude, lavagem de dinheiro, ass\u00e9dio e outros comportamentos il\u00edcitos ou anti\u00e9ticos, al\u00e9m de promover os princ\u00edpios nele detalhados.<\/p>\n<div><\/div>\n<div><strong>Abrang\u00eancia<\/strong><\/div>\n<div>O programa aplica-se a todos os profissionais e colaboradores do escrit\u00f3rio, incluindo s\u00f3cios, advogados, estagi\u00e1rios, consultores, funcion\u00e1rios administrativos e terceirizados. Tamb\u00e9m se aplica a todos os clientes, fornecedores e parceiros do escrit\u00f3rio, dentro dos limites definidos por lei ou regulamentos aplic\u00e1veis ao relacionamento do escrit\u00f3rio com tais clientes, fornecedores e parceiros.<\/div>\n<div><\/div>\n<div><strong>Princ\u00edpios<\/strong><\/div>\n<div>O programa \u00e9 fundamentado nos seguintes princ\u00edpios:<\/div>\n<ul class=\"bullet\">\n<li>Legalidade: O escrit\u00f3rio deve cumprir todas as leis e regulamentos aplic\u00e1veis a sua atua\u00e7\u00e3o em territ\u00f3rio nacional e em rela\u00e7\u00e3o a seu relacionamento profissional com clientes internacionais, submetendo-se, onde aplic\u00e1vel, a legisla\u00e7\u00e3o estrangeira relativa ao combate \u00e0 corrup\u00e7\u00e3o, lavagem de dinheiro e prote\u00e7\u00e3o de dados.<\/li>\n<li>\u00c9tica: O escrit\u00f3rio pauta sua atua\u00e7\u00e3o pela defesa incontest\u00e1vel e irrestrita dos princ\u00edpios \u00e9ticos de honestidade, idoneidade, integridade e respeito aos direitos humanos, promovendo tais princ\u00edpios independentemente de obriga\u00e7\u00e3o legal expressa ou exist\u00eancia de legisla\u00e7\u00e3o ou regulamenta\u00e7\u00e3o espec\u00edfica a que esteja submetido.<\/li>\n<li>Diversidade: O escrit\u00f3rio deve promover a diversidade e a inclus\u00e3o de todos seus profissionais e colaboradores, independentemente de g\u00eanero, ra\u00e7a, orienta\u00e7\u00e3o sexual, religi\u00e3o, idade, posicionamento pol\u00edtico etc.<\/li>\n<li>Integridade: O escrit\u00f3rio \u00e9 transparente e honesto em suas rela\u00e7\u00f5es com clientes, fornecedores e parceiros.<\/li>\n<\/ul>\n<div><\/div>\n<div><strong>Riscos<\/strong><\/div>\n<div>O escrit\u00f3rio Garbois + Melo Advogados, assim como qualquer outro escrit\u00f3rio de advocacia que atue nas mesmas \u00e1reas, est\u00e1 exposto aos seguintes riscos de corrup\u00e7\u00e3o, fraude, ass\u00e9dio, discrimina\u00e7\u00e3o e outros comportamentos il\u00edcitos ou anti\u00e9ticos:<\/div>\n<ul class=\"bullet\">\n<li>Intera\u00e7\u00e3o com agentes p\u00fablicos: O escrit\u00f3rio, na consecu\u00e7\u00e3o de suas atividades, interage com agentes p\u00fablicos, em especial em sua atua\u00e7\u00e3o nas \u00e1reas de Direito Mar\u00edtimo, Direito Tribut\u00e1rio, Direito Previdenci\u00e1rio, Direito Aduaneiro, Contencioso C\u00edvel e Arbitragem, o que pode aumentar o risco de corrup\u00e7\u00e3o.<\/li>\n<li>Rela\u00e7\u00f5es com clientes: O relacionamento com clientes pode resultar em riscos de corrup\u00e7\u00e3o, incluindo suborno entre partes privadas, relacionados a participa\u00e7\u00e3o em licita\u00e7\u00f5es, concorr\u00eancias, \u201cbids\u201d e favorecimento de contrata\u00e7\u00e3o.<\/li>\n<li>Rela\u00e7\u00f5es com fornecedores: O escrit\u00f3rio pode ser alvo de tentativas de suborno por parte de fornecedores.<\/li>\n<li>Ass\u00e9dio: O escrit\u00f3rio deve estar atento e implementar medidas de preven\u00e7\u00e3o aos riscos de ass\u00e9dio moral e sexual que podem ocorrer em qualquer ambiente de trabalho.<\/li>\n<li>Discrimina\u00e7\u00e3o: o escrit\u00f3rio est\u00e1 sujeito ao risco de cometimento de a\u00e7\u00f5es ou omiss\u00f5es, por parte de seus s\u00f3cios, advogados, estagi\u00e1rios, consultores, funcion\u00e1rios administrativos e terceirizados, que sejam caracterizadas como discriminat\u00f3rias, resultando em impactos reputacionais e financeiros, al\u00e9m de danos materiais e morais \u00e0s v\u00edtimas de tais a\u00e7\u00f5es.<\/li>\n<li>Dados pessoais: O escrit\u00f3rio deve garantir a seguran\u00e7a e a privacidade dos dados pessoais de seus clientes, fornecedores e parceiros.<\/li>\n<\/ul>\n<div><\/div>\n<div><strong>Medidas de preven\u00e7\u00e3o, detec\u00e7\u00e3o e remedia\u00e7\u00e3o<\/strong><\/div>\n<div>Para prevenir corrup\u00e7\u00e3o p\u00fablica ou privada, lavagem de dinheiro, fraudes, ass\u00e9dio moral e sexual, atos discriminat\u00f3rios e outros comportamentos il\u00edcitos ou anti\u00e9ticos, al\u00e9m da prote\u00e7\u00e3o de dados pessoais, o escrit\u00f3rio Garbois + Melo Advogados adotar\u00e1 as seguintes medidas:<\/div>\n<ul class=\"bullet\">\n<li style=\"text-align: left;\">Suporte da Alta Administra\u00e7\u00e3o: Os s\u00f3cios do escrit\u00f3rio dever\u00e3o demonstrar indubitavelmente, por meio de seu comportamento pessoal e atrav\u00e9s de manifesta\u00e7\u00f5es expressas, em todas as oportunidades poss\u00edveis, a todos os colaboradores do escrit\u00f3rio e tamb\u00e9m para seus clientes, fornecedores e terceiros, seu total suporte a todas as medidas relativas ao presente Programa de Integridade, atrav\u00e9s de manifesta\u00e7\u00f5es escritas e verbais e apoio institucional e financeiro \u00e0s medidas aqui previstas e outras que venham a ser posteriormente determinadas, seja pelo Diretor de Conformidade, seja pelo Comit\u00ea de Conformidade e \u00c9tica a serem nomeados na forma indicada no presente programa.<\/li>\n<li style=\"text-align: left;\">Comit\u00ea de Conformidade e \u00c9tica: Os s\u00f3cios nomear\u00e3o, dentre os s\u00f3cios ou dentre terceiros que possuam reconhecida idoneidade moral e reputa\u00e7\u00e3o ilibada, um Diretor de Conformidade (Compliance Officer) que ser\u00e1 respons\u00e1vel pela implementa\u00e7\u00e3o do presente Programa de Integridade, e que, juntamente com 2 (dois) s\u00f3cios, formar\u00e1 o CCE &#8211; Comit\u00ea de Conformidade e \u00c9tica, cujas fun\u00e7\u00f5es e atua\u00e7\u00e3o ser\u00e3o definidos em Regulamento Interno.<\/li>\n<li style=\"text-align: left;\">Prote\u00e7\u00e3o de Dados Pessoais: O escrit\u00f3rio adotar\u00e1 pol\u00edtica de prote\u00e7\u00e3o de dados pessoais para garantir a seguran\u00e7a e a privacidade dos dados pessoais de seus clientes, fornecedores e parceiros. Os s\u00f3cios nomear\u00e3o, dentre os s\u00f3cios ou dentre terceiros (pessoa natural ou jur\u00eddica) que possuam conhecimento reconhecido sobre Prote\u00e7\u00e3o de Dados Pessoais, um Encarregado pelo Tratamento de Dados Pessoais (conforme artigo 41 da LGPD), tamb\u00e9m conhecido como DPO \u2013 Data Protection Officer, que ser\u00e1 respons\u00e1vel pela adequa\u00e7\u00e3o do escrit\u00f3rio \u00e0s normas da Lei Geral de Prote\u00e7\u00e3o de Dados (LGPD) e outros regulamentos expedidos pela ANPD \u2013 Autoridade Nacional de Prote\u00e7\u00e3o de Dados.<\/li>\n<li style=\"text-align: left;\">C\u00f3digo de Conduta: O escrit\u00f3rio adotar\u00e1 C\u00f3digo de Conduta que estabele\u00e7a os valores e princ\u00edpios que devem ser observados por todos seus s\u00f3cios, profissionais e colaboradores, e dever\u00e1 ser divulgado tamb\u00e9m para seus clientes e fornecedores. O C\u00f3digo de Conduta dever\u00e1 trazer, minimamente, normas relativas a (i) preven\u00e7\u00e3o a corrup\u00e7\u00e3o, lavagem de dinheiro e fraudes; (b) conflitos de interesse; (c) viagens, presentes e entretenimento; (d) doa\u00e7\u00f5es e patroc\u00ednios; (e) eventos; (f) canal de den\u00fancias e investiga\u00e7\u00f5es internas; (g) uso de informa\u00e7\u00e3o privilegiada (insider trading); (h) discrimina\u00e7\u00e3o e ass\u00e9dio; (i) competi\u00e7\u00e3o leal (fair competition); (j) tratamento e prote\u00e7\u00e3o de dados pessoais.<\/li>\n<li style=\"text-align: left;\">Treinamento: O escrit\u00f3rio oferecer\u00e1 treinamentos peri\u00f3dicos sobre \u00e9tica e integridade, diversidade e inclus\u00e3o, e preven\u00e7\u00e3o de ass\u00e9dio moral e sexual, al\u00e9m de outros temas contidos em seu C\u00f3digo de Conduta, a todos seus profissionais e colaboradores.<\/li>\n<li style=\"text-align: left;\">Controles internos: O escrit\u00f3rio implementar\u00e1 controles internos para identificar e mitigar riscos de corrup\u00e7\u00e3o, fraude, ass\u00e9dio moral e sexual, e outros comportamentos il\u00edcitos ou anti\u00e9ticos, incluindo pr\u00e1ticas de due diligence pr\u00e9via para contrata\u00e7\u00e3o de colaboradores e fornecedores e para aceita\u00e7\u00e3o de contratos com novos clientes.<\/li>\n<li style=\"text-align: left;\">Canal de den\u00fancias: O escrit\u00f3rio disponibilizar\u00e1 canal de den\u00fancias para que profissionais e colaboradores possam relatar suspeitas de irregularidades e ofensas ao C\u00f3digo de Conduta e\/ou a normas legais.<\/li>\n<li style=\"text-align: left;\">Investiga\u00e7\u00f5es Internas: O escrit\u00f3rio estabelecer\u00e1 procedimento, atrav\u00e9s de comit\u00ea interno ou a ser terceirizado conforme vier a ser definido pelo CCE, para que as den\u00fancias captadas pelo canal de den\u00fancias ou outros meios sejam devidamente investigadas e punidas.<\/li>\n<li style=\"text-align: left;\">Auditoria e Monitoramento: O escrit\u00f3rio determinar\u00e1 a realiza\u00e7\u00e3o de auditorias internas, monitoramento e revis\u00e3o das pr\u00e1ticas definidas pelo presente Programa de Integridade, na periodicidade e forma que vier a ser definida pelo CCE.<\/li>\n<li style=\"text-align: left;\">Diversidade e Inclus\u00e3o: o escrit\u00f3rio implementar\u00e1 medidas de boas pr\u00e1ticas que resultem em promo\u00e7\u00e3o e apoio \u00e0 diversidade e inclus\u00e3o, incentivando o respeito, colabora\u00e7\u00e3o e seguran\u00e7a de todos seus s\u00f3cios e colaboradores, com foco igualmente em quest\u00f5es relacionadas a prote\u00e7\u00e3o ambiental, sociais e governan\u00e7a corporativa (ESG)<\/li>\n<\/ul>\n<\/div>\n\n\t\t<\/div>\n\t<\/div>\n<div class=\"vc_empty_space\"   style=\"height: 64px\"><span class=\"vc_empty_space_inner\"><\/span><\/div><\/div><\/div><\/div><div class=\"wpb_column vc_column_container vc_col-sm-2\"><div class=\"vc_column-inner\"><div class=\"wpb_wrapper\"><\/div><\/div><\/div><\/div>\n<\/div>","protected":false},"excerpt":{"rendered":"Introdu\u00e7\u00e3o O Programa de Integridade do Garbois + Melo Advogados tem como objetivo formalizar o conjunto de diretrizes e procedimentos para a promo\u00e7\u00e3o da \u00e9tica, da integridade e da diversidade j\u00e1 praticados pelo escrit\u00f3rio de advocacia Garbois + Melo Advogados desde sua funda\u00e7\u00e3o. O programa visa prevenir, detectar e remediar atos de corrup\u00e7\u00e3o, fraude, lavagem<span class=\"screen-reader-text\"><a href=\"https:\/\/www.garboismelo.com.br\/en\/programa-de-integridade-garbois-melo-advogados\/\" rel=\"nofollow\">[...]<\/a><\/span>","protected":false},"author":1,"featured_media":2549,"parent":0,"menu_order":0,"comment_status":"closed","ping_status":"closed","template":"","meta":{"_acf_changed":false,"_vp_format_video_url":"","_vp_image_focal_point":[],"footnotes":""},"class_list":["post-2547","page","type-page","status-publish","has-post-thumbnail","hentry"],"acf":[],"_links":{"self":[{"href":"https:\/\/www.garboismelo.com.br\/en\/wp-json\/wp\/v2\/pages\/2547","targetHints":{"allow":["GET"]}}],"collection":[{"href":"https:\/\/www.garboismelo.com.br\/en\/wp-json\/wp\/v2\/pages"}],"about":[{"href":"https:\/\/www.garboismelo.com.br\/en\/wp-json\/wp\/v2\/types\/page"}],"author":[{"embeddable":true,"href":"https:\/\/www.garboismelo.com.br\/en\/wp-json\/wp\/v2\/users\/1"}],"replies":[{"embeddable":true,"href":"https:\/\/www.garboismelo.com.br\/en\/wp-json\/wp\/v2\/comments?post=2547"}],"version-history":[{"count":8,"href":"https:\/\/www.garboismelo.com.br\/en\/wp-json\/wp\/v2\/pages\/2547\/revisions"}],"predecessor-version":[{"id":2562,"href":"https:\/\/www.garboismelo.com.br\/en\/wp-json\/wp\/v2\/pages\/2547\/revisions\/2562"}],"wp:featuredmedia":[{"embeddable":true,"href":"https:\/\/www.garboismelo.com.br\/en\/wp-json\/wp\/v2\/media\/2549"}],"wp:attachment":[{"href":"https:\/\/www.garboismelo.com.br\/en\/wp-json\/wp\/v2\/media?parent=2547"}],"curies":[{"name":"wp","href":"https:\/\/api.w.org\/{rel}","templated":true}]}}