{"id":242,"date":"2021-09-20T23:03:57","date_gmt":"2021-09-21T02:03:57","guid":{"rendered":"https:\/\/www.garboismelo.com.br\/?page_id=242"},"modified":"2025-09-29T13:29:19","modified_gmt":"2025-09-29T16:29:19","slug":"equipe","status":"publish","type":"page","link":"https:\/\/www.garboismelo.com.br\/en\/equipe\/","title":{"rendered":"Team"},"content":{"rendered":"<div class=\"wpb-content-wrapper\"><div class=\"vc_row wpb_row vc_row-fluid\"><div class=\"wpb_column vc_column_container vc_col-sm-12\"><div class=\"vc_column-inner\"><div class=\"wpb_wrapper\"><div class=\"vc_row wpb_row vc_inner vc_row-fluid\"><div class=\"wpb_column vc_column_container vc_col-sm-12\"><div class=\"vc_column-inner\"><div class=\"wpb_wrapper\">\n\t<div class=\"wpb_text_column wpb_content_element\" >\n\t\t<div class=\"wpb_wrapper\">\n\t\t\t<p style=\"text-align: center;\">Garbois+Melo Advogados team is ready to assist our clients either in their routines, or in their biggest challenges. We are connected 24 hours a day, 7 days a week, ready to serve whenever necessary.<\/p>\n\n\t\t<\/div>\n\t<\/div>\n<div class=\"vc_empty_space\"   style=\"height: 64px\"><span class=\"vc_empty_space_inner\"><\/span><\/div><div  class=\"heading-title  al-center\" id=\"alian4x_el_69ea5233520e0\"><h2 style=\"\" class=\"al-headitg-title al-parallax\">Partners<span style=\"color:#e5e5e5\" class=\"al-opacity-text\">PARTNERS<\/span><\/h2><span class=\"al-line-title\">\r\n            <svg  x=\"0px\" y=\"0px\" viewbox=\"0 0 100 19.5\" >\r\n            <g>\r\n                <polygon points=\"79.3,18 69.6,8.3 60,18 50.3,8.3 40.6,18 31,8.3 21.3,18 11.7,8.3 3.4,16.5 0.6,13.7 11.7,2.7 21.3,12.3 31,2.7                     40.6,12.3 50.3,2.7 60,12.3 69.6,2.7 79.3,12.3 88.9,2.7 100,13.6 97.2,16.4 89,8.3 \t\"\/>\r\n            <\/g>\r\n            <\/svg>\r\n        <\/span><div   class=\"al-subtitle\"><\/div><\/div><\/div><\/div><\/div><\/div><\/div><\/div><\/div><\/div><div class=\"vc_row wpb_row vc_row-fluid\"><div class=\"wpb_column vc_column_container vc_col-sm-3\"><div class=\"vc_column-inner\"><div class=\"wpb_wrapper\">\n    <div style=\"\" class=\"al-item-team\">\n        <div class=\"img-wrap\">\n            <img decoding=\"async\" src=\"https:\/\/www.garboismelo.com.br\/wp-content\/uploads\/2021\/10\/Breno-1.jpg\" alt=\"\" class=\"img-responsive\">\n                            <div class=\"mask-info\"><\/div>\n                <!--Start social links-->\n                <ul class=\"social-links\">\n                    <li  class=\"\" id=\"alian4x_el_69ea5233523e9\" ><a style=\"background-color:#415464;\" target=\"_self\" href=\"\/en\/equipe\/breno-garbois\/\"><\/a><\/li>                <\/ul>\n                <!--End social links-->\n            \n\n        <\/div>\n\n        <div class=\"al-bottom-team\">\n            <div class=\"al-team-content\">\n                <h2 style=\"color:#009ba7;\">Breno Garbois<\/h2>\n                \n                            <\/div>\n        <\/div>\n    <\/div>\n\n    <\/div><\/div><\/div><div class=\"wpb_column vc_column_container vc_col-sm-3\"><div class=\"vc_column-inner\"><div class=\"wpb_wrapper\">\n    <div style=\"\" class=\"al-item-team\">\n        <div class=\"img-wrap\">\n            <img decoding=\"async\" src=\"https:\/\/www.garboismelo.com.br\/wp-content\/uploads\/2024\/07\/cesar-1.jpg\" alt=\"\" class=\"img-responsive\">\n                            <div class=\"mask-info\"><\/div>\n                <!--Start social links-->\n                <ul class=\"social-links\">\n                    <li  class=\"\" id=\"alian4x_el_69ea5233529ad\" ><a  target=\"_self\" href=\"\/en\/equipe\/cesar-chrisostomo\/\"><\/a><\/li>                <\/ul>\n                <!--End social links-->\n            \n\n        <\/div>\n\n        <div class=\"al-bottom-team\">\n            <div class=\"al-team-content\">\n                <h2 style=\"color:#0096a8;\">C\u00e9sar Chris\u00f3stomo<\/h2>\n                \n                            <\/div>\n        <\/div>\n    <\/div>\n\n    <\/div><\/div><\/div><div class=\"wpb_column vc_column_container vc_col-sm-3\"><div class=\"vc_column-inner\"><div class=\"wpb_wrapper\">\n    <div style=\"\" class=\"al-item-team\">\n        <div class=\"img-wrap\">\n            <img decoding=\"async\" src=\"https:\/\/www.garboismelo.com.br\/wp-content\/uploads\/2021\/10\/Clarissa-1.jpg\" alt=\"\" class=\"img-responsive\">\n                            <div class=\"mask-info\"><\/div>\n                <!--Start social links-->\n                <ul class=\"social-links\">\n                    <li  class=\"\" id=\"alian4x_el_69ea523352ace\" ><a style=\"background-color:#415464;\" target=\"_self\" href=\"\/en\/equipe\/clarissa-damiani\/\"><\/a><\/li>                <\/ul>\n                <!--End social links-->\n            \n\n        <\/div>\n\n        <div class=\"al-bottom-team\">\n            <div class=\"al-team-content\">\n                <h2 style=\"color:#009ba7;\">Clarissa Damiani<\/h2>\n                \n                            <\/div>\n        <\/div>\n    <\/div>\n\n    <\/div><\/div><\/div><div class=\"wpb_column vc_column_container vc_col-sm-3\"><div class=\"vc_column-inner\"><div class=\"wpb_wrapper\">\n    <div style=\"\" class=\"al-item-team\">\n        <div class=\"img-wrap\">\n            <img decoding=\"async\" src=\"https:\/\/www.garboismelo.com.br\/wp-content\/uploads\/2023\/09\/fabio-2.jpg\" alt=\"\" class=\"img-responsive\">\n                            <div class=\"mask-info\"><\/div>\n                <!--Start social links-->\n                <ul class=\"social-links\">\n                    <li  class=\"\" id=\"alian4x_el_69ea523352d1b\" ><a  target=\"_self\" href=\"\/en\/equipe\/fabio-gradel\/\"><\/a><\/li>                <\/ul>\n                <!--End social links-->\n            \n\n        <\/div>\n\n        <div class=\"al-bottom-team\">\n            <div class=\"al-team-content\">\n                <h2 style=\"color:#0096a8;\">F\u00e1bio Gradel<\/h2>\n                \n                            <\/div>\n        <\/div>\n    <\/div>\n\n    <\/div><\/div><\/div><\/div><div class=\"vc_row wpb_row vc_row-fluid\"><div class=\"wpb_column vc_column_container vc_col-sm-3\"><div class=\"vc_column-inner\"><div class=\"wpb_wrapper\">\n    <div style=\"\" class=\"al-item-team\">\n        <div class=\"img-wrap\">\n            <img decoding=\"async\" src=\"https:\/\/www.garboismelo.com.br\/wp-content\/uploads\/2021\/10\/Fla\u0301via-1.jpg\" alt=\"\" class=\"img-responsive\">\n                            <div class=\"mask-info\"><\/div>\n                <!--Start social links-->\n                <ul class=\"social-links\">\n                    <li  class=\"\" id=\"alian4x_el_69ea523352e75\" ><a  target=\"_self\" href=\"\/en\/equipe\/flavia-melo\/\"><\/a><\/li>                <\/ul>\n                <!--End social links-->\n            \n\n        <\/div>\n\n        <div class=\"al-bottom-team\">\n            <div class=\"al-team-content\">\n                <h2 style=\"color:#0096a8;\">Flavia Melo<\/h2>\n                \n                            <\/div>\n        <\/div>\n    <\/div>\n\n    <\/div><\/div><\/div><div class=\"wpb_column vc_column_container vc_col-sm-3\"><div class=\"vc_column-inner\"><div class=\"wpb_wrapper\">\n    <div style=\"\" class=\"al-item-team\">\n        <div class=\"img-wrap\">\n            <img decoding=\"async\" src=\"https:\/\/www.garboismelo.com.br\/wp-content\/uploads\/2021\/10\/Leonardo-3.jpg\" alt=\"\" class=\"img-responsive\">\n                            <div class=\"mask-info\"><\/div>\n                <!--Start social links-->\n                <ul class=\"social-links\">\n                    <li  class=\"\" id=\"alian4x_el_69ea523352f51\" ><a  target=\"_self\" href=\"\/en\/equipe\/leonardo-melo\/\"><\/a><\/li>                <\/ul>\n                <!--End social links-->\n            \n\n        <\/div>\n\n        <div class=\"al-bottom-team\">\n            <div class=\"al-team-content\">\n                <h2 style=\"color:#0096A8;\">Leonardo Melo<\/h2>\n                \n                            <\/div>\n        <\/div>\n    <\/div>\n\n    <\/div><\/div><\/div><div class=\"wpb_column vc_column_container vc_col-sm-3\"><div class=\"vc_column-inner\"><div class=\"wpb_wrapper\"><\/div><\/div><\/div><\/div><div data-vc-full-width=\"true\" data-vc-full-width-init=\"false\" class=\"vc_row wpb_row vc_row-fluid\"><div class=\"wpb_column vc_column_container vc_col-sm-12\"><div class=\"vc_column-inner\"><div class=\"wpb_wrapper\"><div class=\"vc_row wpb_row vc_inner vc_row-fluid\"><div class=\"wpb_column vc_column_container vc_col-sm-12\"><div class=\"vc_column-inner\"><div class=\"wpb_wrapper\"><div class=\"vc_empty_space\"   style=\"height: 64px\"><span class=\"vc_empty_space_inner\"><\/span><\/div><div  class=\"heading-title  al-center\" id=\"alian4x_el_69ea52335315a\"><h2 style=\"\" class=\"al-headitg-title al-parallax\">Lawyers<span style=\"color:#e5e5e5\" class=\"al-opacity-text\">LAWYERS<\/span><\/h2><span class=\"al-line-title\">\r\n            <svg  x=\"0px\" y=\"0px\" viewbox=\"0 0 100 19.5\" >\r\n            <g>\r\n                <polygon points=\"79.3,18 69.6,8.3 60,18 50.3,8.3 40.6,18 31,8.3 21.3,18 11.7,8.3 3.4,16.5 0.6,13.7 11.7,2.7 21.3,12.3 31,2.7                     40.6,12.3 50.3,2.7 60,12.3 69.6,2.7 79.3,12.3 88.9,2.7 100,13.6 97.2,16.4 89,8.3 \t\"\/>\r\n            <\/g>\r\n            <\/svg>\r\n        <\/span><div   class=\"al-subtitle\"><\/div><\/div><\/div><\/div><\/div><\/div><div class=\"vc_row wpb_row vc_inner vc_row-fluid\"><div class=\"wpb_column vc_column_container vc_col-sm-3\"><div class=\"vc_column-inner\"><div class=\"wpb_wrapper\">\n    <div style=\"\" class=\"al-item-team\">\n        <div class=\"img-wrap\">\n            <img decoding=\"async\" src=\"https:\/\/www.garboismelo.com.br\/wp-content\/uploads\/2023\/09\/cleiber-galdino.jpg\" alt=\"\" class=\"img-responsive\">\n                            <div class=\"mask-info\"><\/div>\n                <!--Start social links-->\n                <ul class=\"social-links\">\n                    <li  class=\"\" id=\"alian4x_el_69ea523353613\" ><a style=\"background-color:#415464;\" target=\"_self\" href=\"\/en\/equipe\/cleiber-galdino\/\"><\/a><\/li>                <\/ul>\n                <!--End social links-->\n            \n\n        <\/div>\n\n        <div class=\"al-bottom-team\">\n            <div class=\"al-team-content\">\n                <h2 style=\"color:#009ba7;\">Cleiber Galdino<\/h2>\n                \n                            <\/div>\n        <\/div>\n    <\/div>\n\n    <\/div><\/div><\/div><div class=\"wpb_column vc_column_container vc_col-sm-3\"><div class=\"vc_column-inner\"><div class=\"wpb_wrapper\">\n    <div style=\"\" class=\"al-item-team\">\n        <div class=\"img-wrap\">\n            <img decoding=\"async\" src=\"https:\/\/www.garboismelo.com.br\/wp-content\/uploads\/2021\/10\/Daniele.jpg\" alt=\"\" class=\"img-responsive\">\n                            <div class=\"mask-info\"><\/div>\n                <!--Start social links-->\n                <ul class=\"social-links\">\n                    <li  class=\"\" id=\"alian4x_el_69ea5233536ec\" ><a style=\"background-color:#415464;\" target=\"_self\" href=\"\/en\/equipe\/danielle-vilardo\/\"><\/a><\/li>                <\/ul>\n                <!--End social links-->\n            \n\n        <\/div>\n\n        <div class=\"al-bottom-team\">\n            <div class=\"al-team-content\">\n                <h2 style=\"color:#009ba7;\">Danielle Vilardo<\/h2>\n                \n                            <\/div>\n        <\/div>\n    <\/div>\n\n    <\/div><\/div><\/div><div class=\"wpb_column vc_column_container vc_col-sm-3\"><div class=\"vc_column-inner\"><div class=\"wpb_wrapper\">\n    <div style=\"\" class=\"al-item-team\">\n        <div class=\"img-wrap\">\n            <img decoding=\"async\" src=\"https:\/\/www.garboismelo.com.br\/wp-content\/uploads\/2025\/03\/ester-sabino.jpg\" alt=\"\" class=\"img-responsive\">\n                            <div class=\"mask-info\"><\/div>\n                <!--Start social links-->\n                <ul class=\"social-links\">\n                    <li  class=\"\" id=\"alian4x_el_69ea523353953\" ><a  target=\"_self\" href=\"\/en\/equipe\/ester-sabino-2\/\"><\/a><\/li>                <\/ul>\n                <!--End social links-->\n            \n\n        <\/div>\n\n        <div class=\"al-bottom-team\">\n            <div class=\"al-team-content\">\n                <h2 style=\"color:#0096a8;\">Ester Sabino<\/h2>\n                \n                            <\/div>\n        <\/div>\n    <\/div>\n\n    <\/div><\/div><\/div><div class=\"wpb_column vc_column_container vc_col-sm-3\"><div class=\"vc_column-inner\"><div class=\"wpb_wrapper\">\n    <div style=\"\" class=\"al-item-team\">\n        <div class=\"img-wrap\">\n            <img decoding=\"async\" src=\"https:\/\/www.garboismelo.com.br\/wp-content\/uploads\/2025\/03\/felipe.jpg\" alt=\"\" class=\"img-responsive\">\n                            <div class=\"mask-info\"><\/div>\n                <!--Start social links-->\n                <ul class=\"social-links\">\n                    <li  class=\"\" id=\"alian4x_el_69ea523353a07\" ><a  target=\"_self\" href=\"\/en\/equipe\/felipe-mesquita\/\"><\/a><\/li>                <\/ul>\n                <!--End social links-->\n            \n\n        <\/div>\n\n        <div class=\"al-bottom-team\">\n            <div class=\"al-team-content\">\n                <h2 style=\"color:#0096a8;\">Felipe Mesquita<\/h2>\n                \n                            <\/div>\n        <\/div>\n    <\/div>\n\n    <\/div><\/div><\/div><\/div><div class=\"vc_row wpb_row vc_inner vc_row-fluid\"><div class=\"wpb_column vc_column_container vc_col-sm-3\"><div class=\"vc_column-inner\"><div class=\"wpb_wrapper\">\n    <div style=\"\" class=\"al-item-team\">\n        <div class=\"img-wrap\">\n            <img decoding=\"async\" src=\"https:\/\/www.garboismelo.com.br\/wp-content\/uploads\/2021\/12\/gabriel.jpg\" alt=\"\" class=\"img-responsive\">\n                            <div class=\"mask-info\"><\/div>\n                <!--Start social links-->\n                <ul class=\"social-links\">\n                    <li  class=\"\" id=\"alian4x_el_69ea523353af8\" ><a style=\"background-color:#415464;\" target=\"_self\" href=\"\/en\/equipe\/gabriel-arruda\/\"><\/a><\/li>                <\/ul>\n                <!--End social links-->\n            \n\n        <\/div>\n\n        <div class=\"al-bottom-team\">\n            <div class=\"al-team-content\">\n                <h2 style=\"color:#009ba7;\">Gabriel Arruda<\/h2>\n                \n                            <\/div>\n        <\/div>\n    <\/div>\n\n    <\/div><\/div><\/div><div class=\"wpb_column vc_column_container vc_col-sm-3\"><div class=\"vc_column-inner\"><div class=\"wpb_wrapper\">\n    <div style=\"\" class=\"al-item-team\">\n        <div class=\"img-wrap\">\n            <img decoding=\"async\" src=\"https:\/\/www.garboismelo.com.br\/wp-content\/uploads\/2025\/03\/hugo.jpg\" alt=\"\" class=\"img-responsive\">\n                            <div class=\"mask-info\"><\/div>\n                <!--Start social links-->\n                <ul class=\"social-links\">\n                    <li  class=\"\" id=\"alian4x_el_69ea523353b9d\" ><a  target=\"_self\" href=\"\/en\/equipe\/hugo-santoro-lemos\/\"><\/a><\/li>                <\/ul>\n                <!--End social links-->\n            \n\n        <\/div>\n\n        <div class=\"al-bottom-team\">\n            <div class=\"al-team-content\">\n                <h2 style=\"color:#0096a8;\">Hugo Santoro Lemos<\/h2>\n                \n                            <\/div>\n        <\/div>\n    <\/div>\n\n    <\/div><\/div><\/div><div class=\"wpb_column vc_column_container vc_col-sm-3\"><div class=\"vc_column-inner\"><div class=\"wpb_wrapper\">\n    <div style=\"\" class=\"al-item-team\">\n        <div class=\"img-wrap\">\n            <img decoding=\"async\" src=\"https:\/\/www.garboismelo.com.br\/wp-content\/uploads\/2023\/09\/iasmim-oliveira.jpg\" alt=\"\" class=\"img-responsive\">\n                            <div class=\"mask-info\"><\/div>\n                <!--Start social links-->\n                <ul class=\"social-links\">\n                    <li  class=\"\" id=\"alian4x_el_69ea523353c48\" ><a  target=\"_self\" href=\"\/en\/equipe\/iasmim-de-oliveira\/\"><\/a><\/li>                <\/ul>\n                <!--End social links-->\n            \n\n        <\/div>\n\n        <div class=\"al-bottom-team\">\n            <div class=\"al-team-content\">\n                <h2 style=\"color:#0096a8;\">Iasmim de Oliveira<\/h2>\n                \n                            <\/div>\n        <\/div>\n    <\/div>\n\n    <\/div><\/div><\/div><div class=\"wpb_column vc_column_container vc_col-sm-3\"><div class=\"vc_column-inner\"><div class=\"wpb_wrapper\">\n    <div style=\"\" class=\"al-item-team\">\n        <div class=\"img-wrap\">\n            <img decoding=\"async\" src=\"https:\/\/www.garboismelo.com.br\/wp-content\/uploads\/2025\/03\/luisa.jpg\" alt=\"\" class=\"img-responsive\">\n                            <div class=\"mask-info\"><\/div>\n                <!--Start social links-->\n                <ul class=\"social-links\">\n                    <li  class=\"\" id=\"alian4x_el_69ea523353ce4\" ><a  target=\"_self\" href=\"\/en\/equipe\/luisa-hippolito-moreira\/\"><\/a><\/li>                <\/ul>\n                <!--End social links-->\n            \n\n        <\/div>\n\n        <div class=\"al-bottom-team\">\n            <div class=\"al-team-content\">\n                <h2 style=\"color:#0096a8;\">Luisa Hippolito Moreira<\/h2>\n                \n                            <\/div>\n        <\/div>\n    <\/div>\n\n    <\/div><\/div><\/div><\/div><div class=\"vc_row wpb_row vc_inner vc_row-fluid\"><div class=\"wpb_column vc_column_container vc_col-sm-3\"><div class=\"vc_column-inner\"><div class=\"wpb_wrapper\">\n    <div style=\"\" class=\"al-item-team\">\n        <div class=\"img-wrap\">\n            <img decoding=\"async\" src=\"https:\/\/www.garboismelo.com.br\/wp-content\/uploads\/2023\/09\/rodrigo-escobar.jpg\" alt=\"\" class=\"img-responsive\">\n                            <div class=\"mask-info\"><\/div>\n                <!--Start social links-->\n                <ul class=\"social-links\">\n                    <li  class=\"\" id=\"alian4x_el_69ea523353df6\" ><a  target=\"_self\" href=\"\/en\/equipe\/rodrigo-escobar\/\"><\/a><\/li>                <\/ul>\n                <!--End social links-->\n            \n\n        <\/div>\n\n        <div class=\"al-bottom-team\">\n            <div class=\"al-team-content\">\n                <h2 style=\"color:#0096a8;\">Rodrigo Escobar<\/h2>\n                \n                            <\/div>\n        <\/div>\n    <\/div>\n\n    <\/div><\/div><\/div><\/div><\/div><\/div><\/div><\/div><div class=\"vc_row-full-width vc_clearfix\"><\/div><!-- Row Backgrounds --><div class=\"upb_color\" data-bg-override=\"0\" data-bg-color=\"#f7f7f7\" data-fadeout=\"\" data-fadeout-percentage=\"30\" data-parallax-content=\"\" data-parallax-content-sense=\"30\" data-row-effect-mobile-disable=\"true\" data-img-parallax-mobile-disable=\"true\" data-rtl=\"false\"  data-custom-vc-row=\"\"  data-vc=\"8.2\"  data-is_old_vc=\"\"  data-theme-support=\"\"   data-overlay=\"false\" data-overlay-color=\"\" data-overlay-pattern=\"\" data-overlay-pattern-opacity=\"\" data-overlay-pattern-size=\"\"    ><\/div><div data-vc-full-width=\"true\" data-vc-full-width-init=\"false\" class=\"vc_row wpb_row vc_row-fluid\"><div class=\"wpb_column vc_column_container vc_col-sm-12\"><div class=\"vc_column-inner\"><div class=\"wpb_wrapper\"><div class=\"vc_row wpb_row vc_inner vc_row-fluid\"><div class=\"wpb_column vc_column_container vc_col-sm-12\"><div class=\"vc_column-inner\"><div class=\"wpb_wrapper\"><div class=\"vc_empty_space\"   style=\"height: 64px\"><span class=\"vc_empty_space_inner\"><\/span><\/div><div  class=\"heading-title  al-center\" id=\"alian4x_el_69ea523354035\"><h2 style=\"\" class=\"al-headitg-title al-parallax\">Support<span style=\"color:#e5e5e5\" class=\"al-opacity-text\">SUPPORT<\/span><\/h2><span class=\"al-line-title\">\r\n            <svg  x=\"0px\" y=\"0px\" viewbox=\"0 0 100 19.5\" >\r\n            <g>\r\n                <polygon points=\"79.3,18 69.6,8.3 60,18 50.3,8.3 40.6,18 31,8.3 21.3,18 11.7,8.3 3.4,16.5 0.6,13.7 11.7,2.7 21.3,12.3 31,2.7                     40.6,12.3 50.3,2.7 60,12.3 69.6,2.7 79.3,12.3 88.9,2.7 100,13.6 97.2,16.4 89,8.3 \t\"\/>\r\n            <\/g>\r\n            <\/svg>\r\n        <\/span><div   class=\"al-subtitle\"><\/div><\/div><\/div><\/div><\/div><\/div><div class=\"vc_row wpb_row vc_inner vc_row-fluid\"><div class=\"wpb_column vc_column_container vc_col-sm-3\"><div class=\"vc_column-inner\"><div class=\"wpb_wrapper\"><\/div><\/div><\/div><div class=\"wpb_column vc_column_container vc_col-sm-3\"><div class=\"vc_column-inner\"><div class=\"wpb_wrapper\">\n    <div style=\"\" class=\"al-item-team\">\n        <div class=\"img-wrap\">\n            <img decoding=\"async\" src=\"https:\/\/www.garboismelo.com.br\/wp-content\/uploads\/2021\/10\/Silvia.jpg\" alt=\"\" class=\"img-responsive\">\n            \n\n        <\/div>\n\n        <div class=\"al-bottom-team\">\n            <div class=\"al-team-content\">\n                <h2 style=\"color:#009ba7;\">Silvia Mol<\/h2>\n                \n                            <\/div>\n        <\/div>\n    <\/div>\n\n    <\/div><\/div><\/div><div class=\"wpb_column vc_column_container vc_col-sm-3\"><div class=\"vc_column-inner\"><div class=\"wpb_wrapper\"><\/div><\/div><\/div><div class=\"wpb_column vc_column_container vc_col-sm-3\"><div class=\"vc_column-inner\"><div class=\"wpb_wrapper\"><\/div><\/div><\/div><\/div><\/div><\/div><\/div><\/div><div class=\"vc_row-full-width vc_clearfix\"><\/div><!-- Row Backgrounds --><div class=\"upb_color\" data-bg-override=\"0\" data-bg-color=\"#ffffff\" data-fadeout=\"\" data-fadeout-percentage=\"30\" data-parallax-content=\"\" data-parallax-content-sense=\"30\" data-row-effect-mobile-disable=\"true\" data-img-parallax-mobile-disable=\"true\" data-rtl=\"false\"  data-custom-vc-row=\"\"  data-vc=\"8.2\"  data-is_old_vc=\"\"  data-theme-support=\"\"   data-overlay=\"false\" data-overlay-color=\"\" data-overlay-pattern=\"\" data-overlay-pattern-opacity=\"\" data-overlay-pattern-size=\"\"    ><\/div>\n<\/div>","protected":false},"excerpt":{"rendered":"A Equipe do Garbois+Melo Advogados est\u00e1 pronta para assistir nossos clientes em suas rotinas ou em seus maiores desafios. Estamos conectados 24 horas, 7 dias por semana S\u00f3ciosS\u00d3CIOS Breno Garbois C\u00e9sar Chris\u00f3stomo Clarissa Damiani F\u00e1bio Gradel Flavia Melo Leonardo Melo AdvogadosADVOGADOS Cleiber Galdino Danielle Vilardo Ester Sabino Felipe Mesquita Gabriel Arruda Hugo Santoro Lemos Iasmim<span class=\"screen-reader-text\"><a href=\"https:\/\/www.garboismelo.com.br\/en\/equipe\/\" rel=\"nofollow\">[...]<\/a><\/span>","protected":false},"author":1,"featured_media":2244,"parent":0,"menu_order":0,"comment_status":"closed","ping_status":"closed","template":"","meta":{"_acf_changed":false,"_vp_format_video_url":"","_vp_image_focal_point":[],"footnotes":""},"class_list":["post-242","page","type-page","status-publish","has-post-thumbnail","hentry"],"acf":[],"_links":{"self":[{"href":"https:\/\/www.garboismelo.com.br\/en\/wp-json\/wp\/v2\/pages\/242","targetHints":{"allow":["GET"]}}],"collection":[{"href":"https:\/\/www.garboismelo.com.br\/en\/wp-json\/wp\/v2\/pages"}],"about":[{"href":"https:\/\/www.garboismelo.com.br\/en\/wp-json\/wp\/v2\/types\/page"}],"author":[{"embeddable":true,"href":"https:\/\/www.garboismelo.com.br\/en\/wp-json\/wp\/v2\/users\/1"}],"replies":[{"embeddable":true,"href":"https:\/\/www.garboismelo.com.br\/en\/wp-json\/wp\/v2\/comments?post=242"}],"version-history":[{"count":147,"href":"https:\/\/www.garboismelo.com.br\/en\/wp-json\/wp\/v2\/pages\/242\/revisions"}],"predecessor-version":[{"id":3135,"href":"https:\/\/www.garboismelo.com.br\/en\/wp-json\/wp\/v2\/pages\/242\/revisions\/3135"}],"wp:featuredmedia":[{"embeddable":true,"href":"https:\/\/www.garboismelo.com.br\/en\/wp-json\/wp\/v2\/media\/2244"}],"wp:attachment":[{"href":"https:\/\/www.garboismelo.com.br\/en\/wp-json\/wp\/v2\/media?parent=242"}],"curies":[{"name":"wp","href":"https:\/\/api.w.org\/{rel}","templated":true}]}}