{"id":2152,"date":"2021-11-05T10:53:58","date_gmt":"2021-11-05T13:53:58","guid":{"rendered":"https:\/\/www.garboismelo.com.br\/equipe\/cleiber-galdino-2\/"},"modified":"2023-09-28T21:17:58","modified_gmt":"2023-09-29T00:17:58","slug":"rodrigo-escobar","status":"publish","type":"page","link":"https:\/\/www.garboismelo.com.br\/en\/equipe\/rodrigo-escobar\/","title":{"rendered":"Rodrigo Escobar"},"content":{"rendered":"<div class=\"wpb-content-wrapper\"><div data-vc-full-width=\"true\" data-vc-full-width-init=\"false\" data-vc-stretch-content=\"true\" class=\"vc_row wpb_row vc_row-fluid\"><div data-vc-parallax=\"1.5\" data-vc-parallax-o-fade=\"on\" class=\"wpb_animate_when_almost_visible wpb_fadeIn fadeIn wpb_column vc_column_container vc_col-sm-12 vc_col-has-fill vc_general vc_parallax vc_parallax-content-moving-fade js-vc_parallax-o-fade\"><div class=\"vc_column-inner vc_custom_1695946501418\"><div class=\"wpb_wrapper\"><\/div><\/div><\/div><\/div><div class=\"vc_row-full-width vc_clearfix\"><\/div><div class=\"vc_row wpb_row vc_row-fluid\"><div class=\"wpb_column vc_column_container vc_col-sm-12\"><div class=\"vc_column-inner\"><div class=\"wpb_wrapper\"><div class=\"vc_empty_space\"   style=\"height: 64px\"><span class=\"vc_empty_space_inner\"><\/span><\/div><\/div><\/div><\/div><\/div><div class=\"vc_row wpb_row vc_row-fluid\"><div class=\"wpb_column vc_column_container vc_col-sm-3\"><div class=\"vc_column-inner\"><div class=\"wpb_wrapper\">\n\t<div  class=\"wpb_single_image wpb_content_element vc_align_left wpb_content_element wpb_animate_when_almost_visible wpb_fadeIn fadeIn\">\n\t\t\n\t\t<figure class=\"wpb_wrapper vc_figure\">\n\t\t\t<div class=\"vc_single_image-wrapper   vc_box_border_grey\"><img decoding=\"async\" class=\"vc_single_image-img\" src=\"https:\/\/www.garboismelo.com.br\/wp-content\/uploads\/2023\/09\/rodrigo-escobar-200x246.jpg\" width=\"200\" height=\"246\" alt=\"rodrigo-escobar\" title=\"rodrigo-escobar\" loading=\"lazy\" \/><\/div>\n\t\t<\/figure>\n\t<\/div>\n<\/div><\/div><\/div><div class=\"wpb_column vc_column_container vc_col-sm-6\"><div class=\"vc_column-inner\"><div class=\"wpb_wrapper\"><div style=\"margin:0px;\" class=\"heading-title  al-left\" id=\"alian4x_el_69ea525cadb8c\"><h1 style=\"\" class=\"al-headitg-title al-parallax\">Rodrigo Escobar<span style=\"color:#e5e5e5\" class=\"al-opacity-text\">Escobar<\/span><\/h1><span class=\"al-line-title\">\r\n            <svg  x=\"0px\" y=\"0px\" viewbox=\"0 0 100 19.5\" >\r\n            <g>\r\n                <polygon points=\"79.3,18 69.6,8.3 60,18 50.3,8.3 40.6,18 31,8.3 21.3,18 11.7,8.3 3.4,16.5 0.6,13.7 11.7,2.7 21.3,12.3 31,2.7                     40.6,12.3 50.3,2.7 60,12.3 69.6,2.7 79.3,12.3 88.9,2.7 100,13.6 97.2,16.4 89,8.3 \t\"\/>\r\n            <\/g>\r\n            <\/svg>\r\n        <\/span><div  class=\"al-small-description\"><a href=\"mailto:rescobar@garboismelo.com.br\">rescobar@garboismelo.com.br <\/a><\/div><div   class=\"al-subtitle\"><\/div><\/div>\n\t<div class=\"wpb_text_column wpb_content_element vc_custom_1695946665105\" >\n\t\t<div class=\"wpb_wrapper\">\n\t\t\t<p>Rodrigo Escobar is a lawyer who studied law at the Mackenzie Presbyterian University in S\u00e3o Paulo. In 2009, during his training, he gained his initial experience in tax law. Since then, he has focused primarily on cases in this area, with a specialisation in judicial and administrative litigation. He qualified as a solicitor in 2013 and relocated to Rio de Janeiro, a city he greatly admired. Here, he primarily represented clients within the oil and gas sector.<\/p>\n<p>Working within the specialized sphere of tax law, Rodrigo Escobar was accountable for the formalisation of tax queries that prompted the Brazilian Federal Revenue Service to release COSIT Consultancy Opinions 310, 319, and 320 in 2019. These opinions dictated how PIS and COFINS would be taxed on the import of specific inputs obtained by oil refineries, resulting in significant direct savings for his client at the time and becoming legally binding for all firms in the sector in the country.<\/p>\n<p>Very enthusiastic about building relationships, Rodrigo Escobar has willingly participated in several voluntary projects. He is also a co-founder of the \"Acesso Solid\u00e1rio\" volunteer group, providing emergency aid to the homeless and underprivileged communities of Sao Paulo.<\/p>\n<p>Rodrigo's interests include sports, travelling, and his beloved dog, a Cavalier King Charles Spaniel named Alfred.<\/p>\n<p><strong>Education<\/strong><br \/>\nUniversidade Presbiteriana Mackenzie, Bachelor of Laws (LL.B.)<br \/>\nFGV, Post-graduate lato sensu in Tax Law<br \/>\nMentoring for leadership development at Host Work Life - Mindfulness Programme with Lilian Capoletti.<\/p>\n<p><strong>Languages<\/strong><br \/>\nPortuguese and English<\/p>\n\n\t\t<\/div>\n\t<\/div>\n<\/div><\/div><\/div><div class=\"wpb_column vc_column_container vc_col-sm-3\"><div class=\"vc_column-inner\"><div class=\"wpb_wrapper\"><\/div><\/div><\/div><\/div>\n<\/div>","protected":false},"excerpt":{"rendered":"Rodrigo EscobarEscobar rescobar@garboismelo.com.br Rodrigo Escobar \u00e9 um advogado com forma\u00e7\u00e3o em direito na Universidade Presbiteriana Mackenzie, na cidade de S\u00e3o Paulo. Em 2009, ainda como estagi\u00e1rio, teve sua primeira experi\u00eancia com o Direito Tribut\u00e1rio e, desde ent\u00e3o, vem atuando diretamente em causas desta \u00e1rea, especializando-se no contencioso judicial e administrativo. Tornou-se advogado em 2013 e<span class=\"screen-reader-text\"><a href=\"https:\/\/www.garboismelo.com.br\/en\/equipe\/rodrigo-escobar\/\" rel=\"nofollow\">[...]<\/a><\/span>","protected":false},"author":1,"featured_media":0,"parent":242,"menu_order":0,"comment_status":"closed","ping_status":"closed","template":"page-builder.php","meta":{"_acf_changed":false,"_vp_format_video_url":"","_vp_image_focal_point":[],"footnotes":""},"class_list":["post-2152","page","type-page","status-publish","hentry"],"acf":[],"_links":{"self":[{"href":"https:\/\/www.garboismelo.com.br\/en\/wp-json\/wp\/v2\/pages\/2152","targetHints":{"allow":["GET"]}}],"collection":[{"href":"https:\/\/www.garboismelo.com.br\/en\/wp-json\/wp\/v2\/pages"}],"about":[{"href":"https:\/\/www.garboismelo.com.br\/en\/wp-json\/wp\/v2\/types\/page"}],"author":[{"embeddable":true,"href":"https:\/\/www.garboismelo.com.br\/en\/wp-json\/wp\/v2\/users\/1"}],"replies":[{"embeddable":true,"href":"https:\/\/www.garboismelo.com.br\/en\/wp-json\/wp\/v2\/comments?post=2152"}],"version-history":[{"count":2,"href":"https:\/\/www.garboismelo.com.br\/en\/wp-json\/wp\/v2\/pages\/2152\/revisions"}],"predecessor-version":[{"id":2156,"href":"https:\/\/www.garboismelo.com.br\/en\/wp-json\/wp\/v2\/pages\/2152\/revisions\/2156"}],"up":[{"embeddable":true,"href":"https:\/\/www.garboismelo.com.br\/en\/wp-json\/wp\/v2\/pages\/242"}],"wp:attachment":[{"href":"https:\/\/www.garboismelo.com.br\/en\/wp-json\/wp\/v2\/media?parent=2152"}],"curies":[{"name":"wp","href":"https:\/\/api.w.org\/{rel}","templated":true}]}}