{"id":2143,"date":"2021-11-05T10:53:58","date_gmt":"2021-11-05T13:53:58","guid":{"rendered":"https:\/\/www.garboismelo.com.br\/equipe\/caio-pires-2\/"},"modified":"2023-09-28T21:08:27","modified_gmt":"2023-09-29T00:08:27","slug":"cleiber-galdino","status":"publish","type":"page","link":"https:\/\/www.garboismelo.com.br\/en\/equipe\/cleiber-galdino\/","title":{"rendered":"Cleiber Galdino"},"content":{"rendered":"<div class=\"wpb-content-wrapper\"><div data-vc-full-width=\"true\" data-vc-full-width-init=\"false\" data-vc-stretch-content=\"true\" class=\"vc_row wpb_row vc_row-fluid\"><div data-vc-parallax=\"1.5\" data-vc-parallax-o-fade=\"on\" class=\"wpb_animate_when_almost_visible wpb_fadeIn fadeIn wpb_column vc_column_container vc_col-sm-12 vc_col-has-fill vc_general vc_parallax vc_parallax-content-moving-fade js-vc_parallax-o-fade\"><div class=\"vc_column-inner vc_custom_1695945726661\"><div class=\"wpb_wrapper\"><\/div><\/div><\/div><\/div><div class=\"vc_row-full-width vc_clearfix\"><\/div><div class=\"vc_row wpb_row vc_row-fluid\"><div class=\"wpb_column vc_column_container vc_col-sm-12\"><div class=\"vc_column-inner\"><div class=\"wpb_wrapper\"><div class=\"vc_empty_space\"   style=\"height: 64px\"><span class=\"vc_empty_space_inner\"><\/span><\/div><\/div><\/div><\/div><\/div><div class=\"vc_row wpb_row vc_row-fluid\"><div class=\"wpb_column vc_column_container vc_col-sm-3\"><div class=\"vc_column-inner\"><div class=\"wpb_wrapper\">\n\t<div  class=\"wpb_single_image wpb_content_element vc_align_left wpb_content_element wpb_animate_when_almost_visible wpb_fadeIn fadeIn\">\n\t\t\n\t\t<figure class=\"wpb_wrapper vc_figure\">\n\t\t\t<div class=\"vc_single_image-wrapper   vc_box_border_grey\"><img decoding=\"async\" class=\"vc_single_image-img\" src=\"https:\/\/www.garboismelo.com.br\/wp-content\/uploads\/2023\/09\/cleiber-galdino-200x246.jpg\" width=\"200\" height=\"246\" alt=\"cleiber-galdino\" title=\"cleiber-galdino\" loading=\"lazy\" \/><\/div>\n\t\t<\/figure>\n\t<\/div>\n<\/div><\/div><\/div><div class=\"wpb_column vc_column_container vc_col-sm-6\"><div class=\"vc_column-inner\"><div class=\"wpb_wrapper\"><div style=\"margin:0px;\" class=\"heading-title  al-left\" id=\"alian4x_el_69ea5503cd23e\"><h1 style=\"\" class=\"al-headitg-title al-parallax\">Cleiber Galdino<span style=\"color:#e5e5e5\" class=\"al-opacity-text\">Galdino<\/span><\/h1><span class=\"al-line-title\">\r\n            <svg  x=\"0px\" y=\"0px\" viewbox=\"0 0 100 19.5\" >\r\n            <g>\r\n                <polygon points=\"79.3,18 69.6,8.3 60,18 50.3,8.3 40.6,18 31,8.3 21.3,18 11.7,8.3 3.4,16.5 0.6,13.7 11.7,2.7 21.3,12.3 31,2.7                     40.6,12.3 50.3,2.7 60,12.3 69.6,2.7 79.3,12.3 88.9,2.7 100,13.6 97.2,16.4 89,8.3 \t\"\/>\r\n            <\/g>\r\n            <\/svg>\r\n        <\/span><div  class=\"al-small-description\"><a href=\"mailto:cgaldino@garboismelo.com.br\">cgaldino@garboismelo.com.br <\/a><\/div><div   class=\"al-subtitle\"><\/div><\/div>\n\t<div class=\"wpb_text_column wpb_content_element vc_custom_1695946102972\" >\n\t\t<div class=\"wpb_wrapper\">\n\t\t\t<p>Cleiber Galdino is a lawyer specialising in Civil Procedure Law. During his undergraduate studies, he gained experience working in the Regulatory and Contractual Law sectors. Notably, Cleiber was the first student from his campus to receive an invitation to study abroad at the Law School of the University of Lisbon. Seeking to broaden his legal and personal horizons, he eagerly embraced the challenge, which enabled him to delve into two of his favourite areas, Public International Law and International Human Rights.<\/p>\n<p>Following his graduation, Cleiber gained valuable experience in Real Estate Litigation at a leading law firm in the sector, further enhancing his expertise in Contract Law and Civil Litigation.<\/p>\n<p>At Garbois+Melo Advogados, Cleiber is a member of the team of lawyers specializing in Maritime Law. He possesses a strategic curriculum to assist with legal requests.<\/p>\n<p>Cleiber is from the interior of Rio de Janeiro, loves creating music playlists and can't live without a cup of coffee and his Kindle.<\/p>\n<p><strong>Education<\/strong><br \/>\nUCAM, Bachelor of Laws (LL.B.)<br \/>\nEBRADI, Post-graduate lato sensu in Civil Procedural Law<br \/>\nUniam\u00e9rica, Post-graduate lato sensu in Digital Law and Compliance (in progress)<\/p>\n<p><strong>Languages<\/strong><br \/>\nPortuguese and English<\/p>\n\n\t\t<\/div>\n\t<\/div>\n<\/div><\/div><\/div><div class=\"wpb_column vc_column_container vc_col-sm-3\"><div class=\"vc_column-inner\"><div class=\"wpb_wrapper\"><\/div><\/div><\/div><\/div>\n<\/div>","protected":false},"excerpt":{"rendered":"Cleiber GaldinoGaldino cgaldino@garboismelo.com.br Cleiber Galdino \u00e9 um advogado especializado em Direito Processual Civil. No in\u00edcio da gradua\u00e7\u00e3o adquiriu conhecimentos trabalhando nos segmentos de Direito Regulat\u00f3rio e Contratual. Mais tarde, Cleiber se tornou o primeiro aluno de seu campus a receber uma carta convite da Faculdade de Direito da Universidade de Lisboa para estudar no exterior.<span class=\"screen-reader-text\"><a href=\"https:\/\/www.garboismelo.com.br\/en\/equipe\/cleiber-galdino\/\" rel=\"nofollow\">[...]<\/a><\/span>","protected":false},"author":1,"featured_media":0,"parent":242,"menu_order":0,"comment_status":"closed","ping_status":"closed","template":"page-builder.php","meta":{"_acf_changed":false,"_vp_format_video_url":"","_vp_image_focal_point":[],"footnotes":""},"class_list":["post-2143","page","type-page","status-publish","hentry"],"acf":[],"_links":{"self":[{"href":"https:\/\/www.garboismelo.com.br\/en\/wp-json\/wp\/v2\/pages\/2143","targetHints":{"allow":["GET"]}}],"collection":[{"href":"https:\/\/www.garboismelo.com.br\/en\/wp-json\/wp\/v2\/pages"}],"about":[{"href":"https:\/\/www.garboismelo.com.br\/en\/wp-json\/wp\/v2\/types\/page"}],"author":[{"embeddable":true,"href":"https:\/\/www.garboismelo.com.br\/en\/wp-json\/wp\/v2\/users\/1"}],"replies":[{"embeddable":true,"href":"https:\/\/www.garboismelo.com.br\/en\/wp-json\/wp\/v2\/comments?post=2143"}],"version-history":[{"count":5,"href":"https:\/\/www.garboismelo.com.br\/en\/wp-json\/wp\/v2\/pages\/2143\/revisions"}],"predecessor-version":[{"id":2151,"href":"https:\/\/www.garboismelo.com.br\/en\/wp-json\/wp\/v2\/pages\/2143\/revisions\/2151"}],"up":[{"embeddable":true,"href":"https:\/\/www.garboismelo.com.br\/en\/wp-json\/wp\/v2\/pages\/242"}],"wp:attachment":[{"href":"https:\/\/www.garboismelo.com.br\/en\/wp-json\/wp\/v2\/media?parent=2143"}],"curies":[{"name":"wp","href":"https:\/\/api.w.org\/{rel}","templated":true}]}}