{"id":2074,"date":"2022-01-11T18:59:49","date_gmt":"2022-01-11T21:59:49","guid":{"rendered":"https:\/\/www.garboismelo.com.br\/radar-tributario-2\/"},"modified":"2023-10-26T16:52:00","modified_gmt":"2023-10-26T19:52:00","slug":"radar","status":"publish","type":"page","link":"https:\/\/www.garboismelo.com.br\/en\/radar\/","title":{"rendered":"Radar"},"content":{"rendered":"<div class=\"wpb-content-wrapper\"><div class=\"vc_row wpb_row vc_row-fluid\"><div class=\"wpb_column vc_column_container vc_col-sm-12\"><div class=\"vc_column-inner\"><div class=\"wpb_wrapper\"><div class=\"ult-content-box-container\" >\t\t<div class=\"ult-content-box\" style=\"-webkit-transition: all 700ms ease;-moz-transition: all 700ms ease;-ms-transition: all 700ms ease;-o-transition: all 700ms ease;transition: all 700ms ease;\"    >\t\t<\/div><\/div><\/div><\/div><\/div><\/div><div class=\"vc_row wpb_row vc_row-fluid\"><div class=\"wpb_column vc_column_container vc_col-sm-12\"><div class=\"vc_column-inner\"><div class=\"wpb_wrapper\"><div class=\"ult-content-box-container\" >\t\t<div class=\"ult-content-box\" style=\"-webkit-transition: all 700ms ease;-moz-transition: all 700ms ease;-ms-transition: all 700ms ease;-o-transition: all 700ms ease;transition: all 700ms ease;\"    >\n<div class=\"vc_grid-container-wrapper vc_clearfix vc_grid-animation-fadeIn\">\n\t<div class=\"vc_grid-container vc_clearfix wpb_content_element vc_basic_grid radar-content\" data-initial-loading-animation=\"fadeIn\" data-vc-grid-settings=\"{&quot;page_id&quot;:2074,&quot;style&quot;:&quot;lazy&quot;,&quot;action&quot;:&quot;vc_get_vc_grid_data&quot;,&quot;shortcode_id&quot;:&quot;1698344978521-3d611e75-fae0-6&quot;,&quot;items_per_page&quot;:&quot;9&quot;,&quot;tag&quot;:&quot;vc_basic_grid&quot;}\" data-vc-request=\"https:\/\/www.garboismelo.com.br\/wp-admin\/admin-ajax.php\" data-vc-post-id=\"2074\" data-vc-public-nonce=\"afbcaa6c92\">\n\t\t<style data-type=\"vc_shortcodes-custom-css\">.vc_custom_1419240516480{background-color: #f9f9f9 !important;}<\/style><div class=\"vc_grid vc_row vc_grid-gutter-30px vc_pageable-wrapper vc_hook_hover\" data-vc-pageable-content=\"true\"><div class=\"vc_pageable-slide-wrapper vc_clearfix\" data-vc-grid-content=\"true\"><div class=\"vc_grid-item vc_clearfix vc_col-sm-4 vc_grid-item-zone-c-bottom\"><div class=\"vc_grid-item-mini vc_clearfix\"><div class=\"vc_gitem-animated-block\" ><div class=\"vc_gitem-zone vc_gitem-zone-a vc-gitem-zone-height-mode-auto vc-gitem-zone-height-mode-auto-1-1 vc_gitem-is-link\" style=\"background-image: url('https:\/\/www.garboismelo.com.br\/wp-content\/uploads\/2024\/08\/Radar_31_Jul_24-819x1024.jpg') !important;\"><a href=\"https:\/\/www.garboismelo.com.br\/en\/receita-federal-regulamenta-regime-especial-de-atualizacao-e-regularizacao-patrimonial-rearp\/\" title=\"RECEITA FEDERAL REGULAMENTA REGIME ESPECIAL DE ATUALIZA\u00c7\u00c3O E REGULARIZA\u00c7\u00c3O PATRIMONIAL (REARP)\" class=\"vc_gitem-link vc-zone-link\" ><\/a><img decoding=\"async\" class=\"vc_gitem-zone-img\" src=\"https:\/\/www.garboismelo.com.br\/wp-content\/uploads\/2024\/08\/Radar_31_Jul_24-819x1024.jpg\" alt=\"A Receita Federal do Brasil editou Instru\u00e7\u00f5es Normativas regulamentando o Regime Especial de Atualiza\u00e7\u00e3o e Regulariza\u00e7\u00e3o Patrimonial (REARP) que havia sido institu\u00eddo pela Lei n\u00ba 12.265\/25, e que visa a regulariza\u00e7\u00e3o da situa\u00e7\u00e3o tribut\u00e1ria de contribuintes mediante condi\u00e7\u00f5es facilitadas para recolhimento de tributos eventualmente devidos.\" loading=\"lazy\"><div class=\"vc_gitem-zone-mini\"><\/div><\/div><\/div><div class=\"vc_gitem-zone vc_gitem-zone-c vc_custom_1419240516480\"><div class=\"vc_gitem-zone-mini\"><div class=\"vc_gitem_row vc_row vc_gitem-row-position-top\"><div class=\"vc_col-sm-12 vc_gitem-col vc_gitem-col-align-\"><div class=\"vc_custom_heading vc_gitem-post-data vc_gitem-post-data-source-post_title\" ><h4 style=\"text-align: left\" >RECEITA FEDERAL REGULAMENTA REGIME ESPECIAL DE ATUALIZA\u00c7\u00c3O E REGULARIZA\u00c7\u00c3O PATRIMONIAL (REARP)<\/h4><\/div><div class=\"vc_custom_heading vc_gitem-post-data vc_gitem-post-data-source-post_excerpt\" ><p style=\"text-align: left\" ><p>A Receita Federal do Brasil editou Instru\u00e7\u00f5es Normativas regulamentando o Regime Especial de Atualiza\u00e7\u00e3o e Regulariza\u00e7\u00e3o Patrimonial (REARP) que havia sido institu\u00eddo pela Lei n\u00ba 12.265\/25, e que visa a regulariza\u00e7\u00e3o da situa\u00e7\u00e3o tribut\u00e1ria de contribuintes mediante condi\u00e7\u00f5es facilitadas para recolhimento de tributos eventualmente devidos.<\/p>\n<\/p><\/div><div class=\"vc_btn3-container vc_btn3-left\"><a class=\"vc_general vc_btn3 vc_btn3-size-md vc_btn3-shape-rounded vc_btn3-style-flat vc_btn3-color-juicy-pink\" a href=\"https:\/\/www.garboismelo.com.br\/en\/receita-federal-regulamenta-regime-especial-de-atualizacao-e-regularizacao-patrimonial-rearp\/\" title=\"Read more\">Read more<\/a><\/div><\/div><\/div><\/div><\/div><\/div><div class=\"vc_clearfix\"><\/div><\/div><div class=\"vc_grid-item vc_clearfix vc_col-sm-4 vc_grid-item-zone-c-bottom\"><div class=\"vc_grid-item-mini vc_clearfix\"><div class=\"vc_gitem-animated-block\" ><div class=\"vc_gitem-zone vc_gitem-zone-a vc-gitem-zone-height-mode-auto vc-gitem-zone-height-mode-auto-1-1 vc_gitem-is-link\" style=\"background-image: url('https:\/\/www.garboismelo.com.br\/wp-content\/uploads\/2026\/03\/Radar_10_Dez_25-819x1024.jpg') !important;\"><a href=\"https:\/\/www.garboismelo.com.br\/en\/carf-aprova-novos-enunciados-de-sumula\/\" title=\"CARF APROVA NOVOS ENUNCIADOS DE S\u00daMULA\" class=\"vc_gitem-link vc-zone-link\" ><\/a><img decoding=\"async\" class=\"vc_gitem-zone-img\" src=\"https:\/\/www.garboismelo.com.br\/wp-content\/uploads\/2026\/03\/Radar_10_Dez_25-819x1024.jpg\" alt=\"A C\u00e2mara Superior de Recursos Fiscais do CARF aprovou quatro novos enunciados de s\u00famula a nortearam o contencioso administrativo tribut\u00e1rio federal, consolidando entendimentos sobre IPI, PIS e COFINS.\" loading=\"lazy\"><div class=\"vc_gitem-zone-mini\"><\/div><\/div><\/div><div class=\"vc_gitem-zone vc_gitem-zone-c vc_custom_1419240516480\"><div class=\"vc_gitem-zone-mini\"><div class=\"vc_gitem_row vc_row vc_gitem-row-position-top\"><div class=\"vc_col-sm-12 vc_gitem-col vc_gitem-col-align-\"><div class=\"vc_custom_heading vc_gitem-post-data vc_gitem-post-data-source-post_title\" ><h4 style=\"text-align: left\" >CARF APROVA NOVOS ENUNCIADOS DE S\u00daMULA<\/h4><\/div><div class=\"vc_custom_heading vc_gitem-post-data vc_gitem-post-data-source-post_excerpt\" ><p style=\"text-align: left\" ><p>A C\u00e2mara Superior de Recursos Fiscais do CARF aprovou quatro novos enunciados de s\u00famula a nortearam o contencioso administrativo tribut\u00e1rio federal, consolidando entendimentos sobre IPI, PIS e COFINS.<\/p>\n<\/p><\/div><div class=\"vc_btn3-container vc_btn3-left\"><a class=\"vc_general vc_btn3 vc_btn3-size-md vc_btn3-shape-rounded vc_btn3-style-flat vc_btn3-color-juicy-pink\" a href=\"https:\/\/www.garboismelo.com.br\/en\/carf-aprova-novos-enunciados-de-sumula\/\" title=\"Read more\">Read more<\/a><\/div><\/div><\/div><\/div><\/div><\/div><div class=\"vc_clearfix\"><\/div><\/div><div class=\"vc_grid-item vc_clearfix vc_col-sm-4 vc_grid-item-zone-c-bottom\"><div class=\"vc_grid-item-mini vc_clearfix\"><div class=\"vc_gitem-animated-block\" ><div class=\"vc_gitem-zone vc_gitem-zone-a vc-gitem-zone-height-mode-auto vc-gitem-zone-height-mode-auto-1-1 vc_gitem-is-link\" style=\"background-image: url('https:\/\/www.garboismelo.com.br\/wp-content\/uploads\/2024\/08\/Radar_16_Ago_24-819x1024.jpg') !important;\"><a href=\"https:\/\/www.garboismelo.com.br\/en\/receita-federal-edita-autorregularizacao-incentivada-voltada-a-debitos-do-perse\/\" title=\"RECEITA FEDERAL EDITA AUTORREGULARIZA\u00c7\u00c3O INCENTIVADA VOLTADA A D\u00c9BITOS DO PERSE\" class=\"vc_gitem-link vc-zone-link\" ><\/a><img decoding=\"async\" class=\"vc_gitem-zone-img\" src=\"https:\/\/www.garboismelo.com.br\/wp-content\/uploads\/2024\/08\/Radar_16_Ago_24-819x1024.jpg\" alt=\"Foi publicada hoje (16\/08) a Instru\u00e7\u00e3o Normativa RFB n\u00ba 2.210\/24, instituindo o benef\u00edcio da Autorregulariza\u00e7\u00e3o Incentivada para d\u00e9bitos decorrentes do uso indevido do PERSE.\" loading=\"lazy\"><div class=\"vc_gitem-zone-mini\"><\/div><\/div><\/div><div class=\"vc_gitem-zone vc_gitem-zone-c vc_custom_1419240516480\"><div class=\"vc_gitem-zone-mini\"><div class=\"vc_gitem_row vc_row vc_gitem-row-position-top\"><div class=\"vc_col-sm-12 vc_gitem-col vc_gitem-col-align-\"><div class=\"vc_custom_heading vc_gitem-post-data vc_gitem-post-data-source-post_title\" ><h4 style=\"text-align: left\" >RECEITA FEDERAL EDITA AUTORREGULARIZA\u00c7\u00c3O INCENTIVADA VOLTADA A D\u00c9BITOS DO PERSE<\/h4><\/div><div class=\"vc_custom_heading vc_gitem-post-data vc_gitem-post-data-source-post_excerpt\" ><p style=\"text-align: left\" ><p>Foi publicada hoje (16\/08) a Instru\u00e7\u00e3o Normativa RFB n\u00ba 2.210\/24, instituindo o benef\u00edcio da Autorregulariza\u00e7\u00e3o Incentivada para d\u00e9bitos decorrentes do uso indevido do PERSE.<\/p>\n<\/p><\/div><div class=\"vc_btn3-container vc_btn3-left\"><a class=\"vc_general vc_btn3 vc_btn3-size-md vc_btn3-shape-rounded vc_btn3-style-flat vc_btn3-color-juicy-pink\" a href=\"https:\/\/www.garboismelo.com.br\/en\/receita-federal-edita-autorregularizacao-incentivada-voltada-a-debitos-do-perse\/\" title=\"Read more\">Read more<\/a><\/div><\/div><\/div><\/div><\/div><\/div><div class=\"vc_clearfix\"><\/div><\/div><div class=\"vc_grid-item vc_clearfix vc_col-sm-4 vc_grid-item-zone-c-bottom\"><div class=\"vc_grid-item-mini vc_clearfix\"><div class=\"vc_gitem-animated-block\" ><div class=\"vc_gitem-zone vc_gitem-zone-a vc-gitem-zone-height-mode-auto vc-gitem-zone-height-mode-auto-1-1 vc_gitem-is-link\" style=\"background-image: url('https:\/\/www.garboismelo.com.br\/wp-content\/uploads\/2024\/08\/Radar_15_Ago_24-1-819x1024.jpg') !important;\"><a href=\"https:\/\/www.garboismelo.com.br\/en\/stj-julga-base-de-calculo-da-contribuicao-previdenciaria-patronal\/\" title=\"STJ JULGA BASE DE C\u00c1LCULO DA CONTRIBUI\u00c7\u00c3O PREVIDENCI\u00c1RIA PATRONAL\" class=\"vc_gitem-link vc-zone-link\" ><\/a><img decoding=\"async\" class=\"vc_gitem-zone-img\" src=\"https:\/\/www.garboismelo.com.br\/wp-content\/uploads\/2024\/08\/Radar_15_Ago_24-1-819x1024.jpg\" alt=\"Na noite de ontem (14\/08), a Primeira Se\u00e7\u00e3o do Superior Tribunal de Justi\u00e7a julgou o Tema n\u00ba 1174\/STJ, o qual discutia sobre a exclus\u00e3o de determinadas verbas da base de c\u00e1lculo da contribui\u00e7\u00e3o previdenci\u00e1ria patronal e das contribui\u00e7\u00f5es de terceiros e contribui\u00e7\u00f5es ao SAT\/RAT.\" loading=\"lazy\"><div class=\"vc_gitem-zone-mini\"><\/div><\/div><\/div><div class=\"vc_gitem-zone vc_gitem-zone-c vc_custom_1419240516480\"><div class=\"vc_gitem-zone-mini\"><div class=\"vc_gitem_row vc_row vc_gitem-row-position-top\"><div class=\"vc_col-sm-12 vc_gitem-col vc_gitem-col-align-\"><div class=\"vc_custom_heading vc_gitem-post-data vc_gitem-post-data-source-post_title\" ><h4 style=\"text-align: left\" >STJ JULGA BASE DE C\u00c1LCULO DA CONTRIBUI\u00c7\u00c3O PREVIDENCI\u00c1RIA PATRONAL<\/h4><\/div><div class=\"vc_custom_heading vc_gitem-post-data vc_gitem-post-data-source-post_excerpt\" ><p style=\"text-align: left\" ><p>Na noite de ontem (14\/08), a Primeira Se\u00e7\u00e3o do Superior Tribunal de Justi\u00e7a julgou o Tema n\u00ba 1174\/STJ, o qual discutia sobre a exclus\u00e3o de determinadas verbas da base de c\u00e1lculo da contribui\u00e7\u00e3o previdenci\u00e1ria patronal e das contribui\u00e7\u00f5es de terceiros e contribui\u00e7\u00f5es ao SAT\/RAT.<\/p>\n<\/p><\/div><div class=\"vc_btn3-container vc_btn3-left\"><a class=\"vc_general vc_btn3 vc_btn3-size-md vc_btn3-shape-rounded vc_btn3-style-flat vc_btn3-color-juicy-pink\" a href=\"https:\/\/www.garboismelo.com.br\/en\/stj-julga-base-de-calculo-da-contribuicao-previdenciaria-patronal\/\" title=\"Read more\">Read more<\/a><\/div><\/div><\/div><\/div><\/div><\/div><div class=\"vc_clearfix\"><\/div><\/div><div class=\"vc_grid-item vc_clearfix vc_col-sm-4 vc_grid-item-zone-c-bottom\"><div class=\"vc_grid-item-mini vc_clearfix\"><div class=\"vc_gitem-animated-block\" ><div class=\"vc_gitem-zone vc_gitem-zone-a vc-gitem-zone-height-mode-auto vc-gitem-zone-height-mode-auto-1-1 vc_gitem-is-link\" style=\"background-image: url('https:\/\/www.garboismelo.com.br\/wp-content\/uploads\/2024\/08\/Radar_06_Ago_24-819x1024.jpg') !important;\"><a href=\"https:\/\/www.garboismelo.com.br\/en\/governo-sanciona-marco-legal-do-hidrogenio-de-baixo-carbono\/\" title=\"GOVERNO SANCIONA MARCO LEGAL DO HIDROG\u00caNIO DE BAIXO CARBONO\" class=\"vc_gitem-link vc-zone-link\" ><\/a><img decoding=\"async\" class=\"vc_gitem-zone-img\" src=\"https:\/\/www.garboismelo.com.br\/wp-content\/uploads\/2024\/08\/Radar_06_Ago_24-819x1024.jpg\" alt=\"Foi publicada, em edi\u00e7\u00e3o extra do Di\u00e1rio Oficial, a Lei n\u00ba 14.948\/24, criando a Pol\u00edtica Nacional do Hidrog\u00eanio de Baixa Emiss\u00e3o de Carbono e instituindo incentivos \u00e0 ind\u00fastria do setor.\" loading=\"lazy\"><div class=\"vc_gitem-zone-mini\"><\/div><\/div><\/div><div class=\"vc_gitem-zone vc_gitem-zone-c vc_custom_1419240516480\"><div class=\"vc_gitem-zone-mini\"><div class=\"vc_gitem_row vc_row vc_gitem-row-position-top\"><div class=\"vc_col-sm-12 vc_gitem-col vc_gitem-col-align-\"><div class=\"vc_custom_heading vc_gitem-post-data vc_gitem-post-data-source-post_title\" ><h4 style=\"text-align: left\" >GOVERNO SANCIONA MARCO LEGAL DO HIDROG\u00caNIO DE BAIXO CARBONO<\/h4><\/div><div class=\"vc_custom_heading vc_gitem-post-data vc_gitem-post-data-source-post_excerpt\" ><p style=\"text-align: left\" ><p>Foi publicada, em edi\u00e7\u00e3o extra do Di\u00e1rio Oficial, a Lei n\u00ba 14.948\/24, criando a Pol\u00edtica Nacional do Hidrog\u00eanio de Baixa Emiss\u00e3o de Carbono e instituindo incentivos \u00e0 ind\u00fastria do setor.<\/p>\n<\/p><\/div><div class=\"vc_btn3-container vc_btn3-left\"><a class=\"vc_general vc_btn3 vc_btn3-size-md vc_btn3-shape-rounded vc_btn3-style-flat vc_btn3-color-juicy-pink\" a href=\"https:\/\/www.garboismelo.com.br\/en\/governo-sanciona-marco-legal-do-hidrogenio-de-baixo-carbono\/\" title=\"Read more\">Read more<\/a><\/div><\/div><\/div><\/div><\/div><\/div><div class=\"vc_clearfix\"><\/div><\/div><div class=\"vc_grid-item vc_clearfix vc_col-sm-4 vc_grid-item-zone-c-bottom\"><div class=\"vc_grid-item-mini vc_clearfix\"><div class=\"vc_gitem-animated-block\" ><div class=\"vc_gitem-zone vc_gitem-zone-a vc-gitem-zone-height-mode-auto vc-gitem-zone-height-mode-auto-1-1 vc_gitem-is-link\" style=\"background-image: url('https:\/\/www.garboismelo.com.br\/wp-content\/uploads\/2024\/08\/Radar_31_Jul_24-819x1024.jpg') !important;\"><a href=\"https:\/\/www.garboismelo.com.br\/en\/receita-federal-prorroga-prazo-de-adesao-ao-litigio-zero\/\" title=\"RECEITA FEDERAL PRORROGA PRAZO DE ADES\u00c3O AO LIT\u00cdGIO ZERO\" class=\"vc_gitem-link vc-zone-link\" ><\/a><img decoding=\"async\" class=\"vc_gitem-zone-img\" src=\"https:\/\/www.garboismelo.com.br\/wp-content\/uploads\/2024\/08\/Radar_31_Jul_24-819x1024.jpg\" alt=\"Foi publicada, hoje, a Portaria RFB n\u00ba 444\/24, prorrogando o prazo de ades\u00e3o ao Edital n\u00ba 01\/24 do Programa Lit\u00edgio Zero 2024 at\u00e9 o dia 31 de outubro de 2024, \u00e0s 18h59.\" loading=\"lazy\"><div class=\"vc_gitem-zone-mini\"><\/div><\/div><\/div><div class=\"vc_gitem-zone vc_gitem-zone-c vc_custom_1419240516480\"><div class=\"vc_gitem-zone-mini\"><div class=\"vc_gitem_row vc_row vc_gitem-row-position-top\"><div class=\"vc_col-sm-12 vc_gitem-col vc_gitem-col-align-\"><div class=\"vc_custom_heading vc_gitem-post-data vc_gitem-post-data-source-post_title\" ><h4 style=\"text-align: left\" >RECEITA FEDERAL PRORROGA PRAZO DE ADES\u00c3O AO LIT\u00cdGIO ZERO<\/h4><\/div><div class=\"vc_custom_heading vc_gitem-post-data vc_gitem-post-data-source-post_excerpt\" ><p style=\"text-align: left\" ><p>Foi publicada, hoje, a Portaria RFB n\u00ba 444\/24, prorrogando o prazo de ades\u00e3o ao Edital n\u00ba 01\/24 do Programa Lit\u00edgio Zero 2024 at\u00e9 o dia 31 de outubro de 2024, \u00e0s 18h59.<\/p>\n<\/p><\/div><div class=\"vc_btn3-container vc_btn3-left\"><a class=\"vc_general vc_btn3 vc_btn3-size-md vc_btn3-shape-rounded vc_btn3-style-flat vc_btn3-color-juicy-pink\" a href=\"https:\/\/www.garboismelo.com.br\/en\/receita-federal-prorroga-prazo-de-adesao-ao-litigio-zero\/\" title=\"Read more\">Read more<\/a><\/div><\/div><\/div><\/div><\/div><\/div><div class=\"vc_clearfix\"><\/div><\/div><div class=\"vc_grid-item vc_clearfix vc_col-sm-4 vc_grid-item-zone-c-bottom\"><div class=\"vc_grid-item-mini vc_clearfix\"><div class=\"vc_gitem-animated-block\" ><div class=\"vc_gitem-zone vc_gitem-zone-a vc-gitem-zone-height-mode-auto vc-gitem-zone-height-mode-auto-1-1 vc_gitem-is-link\" style=\"background-image: url('https:\/\/www.garboismelo.com.br\/wp-content\/uploads\/2024\/08\/Radar_20_Jun_24-e1722893666256-1024x691.jpg') !important;\"><a href=\"https:\/\/www.garboismelo.com.br\/en\/stf-modula-efeitos-da-decisao-de-incidencia-das-contribuicoes-previdenciarias-sobre-o-terco-constitucional-de-ferias\/\" title=\"STF MODULA EFEITOS DA DECIS\u00c3O DE INCID\u00caNCIA DAS CONTRIBUI\u00c7\u00d5ES PREVIDENCI\u00c1RIAS SOBRE O TER\u00c7O CONSTITUCIONAL DE F\u00c9RIAS\" class=\"vc_gitem-link vc-zone-link\" ><\/a><img decoding=\"async\" class=\"vc_gitem-zone-img\" src=\"https:\/\/www.garboismelo.com.br\/wp-content\/uploads\/2024\/08\/Radar_20_Jun_24-e1722893666256-1024x691.jpg\" alt=\"Por meio do julgamento de aclarat\u00f3rios, o STF definiu que a orienta\u00e7\u00e3o da incid\u00eancia das contribui\u00e7\u00f5es previdenci\u00e1rias sobre o ter\u00e7o constitucional de f\u00e9rias deve produzir efeitos apenas a partir da data da ata de julgamento de m\u00e9rito, ou seja, 15 de setembro de 2020.\" loading=\"lazy\"><div class=\"vc_gitem-zone-mini\"><\/div><\/div><\/div><div class=\"vc_gitem-zone vc_gitem-zone-c vc_custom_1419240516480\"><div class=\"vc_gitem-zone-mini\"><div class=\"vc_gitem_row vc_row vc_gitem-row-position-top\"><div class=\"vc_col-sm-12 vc_gitem-col vc_gitem-col-align-\"><div class=\"vc_custom_heading vc_gitem-post-data vc_gitem-post-data-source-post_title\" ><h4 style=\"text-align: left\" >STF MODULA EFEITOS DA DECIS\u00c3O DE INCID\u00caNCIA DAS CONTRIBUI\u00c7\u00d5ES PREVIDENCI\u00c1RIAS SOBRE O TER\u00c7O CONSTITUCIONAL DE F\u00c9RIAS<\/h4><\/div><div class=\"vc_custom_heading vc_gitem-post-data vc_gitem-post-data-source-post_excerpt\" ><p style=\"text-align: left\" ><p>Por meio do julgamento de aclarat\u00f3rios, o STF definiu que a orienta\u00e7\u00e3o da incid\u00eancia das contribui\u00e7\u00f5es previdenci\u00e1rias sobre o ter\u00e7o constitucional de f\u00e9rias deve produzir efeitos apenas a partir da data da ata de julgamento de m\u00e9rito, ou seja, 15 de setembro de 2020.<\/p>\n<\/p><\/div><div class=\"vc_btn3-container vc_btn3-left\"><a class=\"vc_general vc_btn3 vc_btn3-size-md vc_btn3-shape-rounded vc_btn3-style-flat vc_btn3-color-juicy-pink\" a href=\"https:\/\/www.garboismelo.com.br\/en\/stf-modula-efeitos-da-decisao-de-incidencia-das-contribuicoes-previdenciarias-sobre-o-terco-constitucional-de-ferias\/\" title=\"Read more\">Read more<\/a><\/div><\/div><\/div><\/div><\/div><\/div><div class=\"vc_clearfix\"><\/div><\/div><div class=\"vc_grid-item vc_clearfix vc_col-sm-4 vc_grid-item-zone-c-bottom\"><div class=\"vc_grid-item-mini vc_clearfix\"><div class=\"vc_gitem-animated-block\" ><div class=\"vc_gitem-zone vc_gitem-zone-a vc-gitem-zone-height-mode-auto vc-gitem-zone-height-mode-auto-1-1 vc_gitem-is-link\" style=\"background-image: url('https:\/\/www.garboismelo.com.br\/wp-content\/uploads\/2024\/08\/1-819x1024.jpg') !important;\"><a href=\"https:\/\/www.garboismelo.com.br\/en\/governo-edita-mp-com-novas-limitacoes-a-compensacoes-tributarias\/\" title=\"GOVERNO EDITA MP COM NOVAS LIMITA\u00c7\u00d5ES A COMPENSA\u00c7\u00d5ES TRIBUT\u00c1RIAS\" class=\"vc_gitem-link vc-zone-link\" ><\/a><img decoding=\"async\" class=\"vc_gitem-zone-img\" src=\"https:\/\/www.garboismelo.com.br\/wp-content\/uploads\/2024\/08\/1-819x1024.jpg\" alt=\"Em acompanhamento \u00e0s novidades tribut\u00e1rias que possam ser de interesse de nossos clientes e parceiros, informamos que foi publicada hoje, 04\/06, a Medida Provis\u00f3ria n\u00ba 1.227\/24, a qual, dentre outros pontos, trouxe novas limita\u00e7\u00f5es \u00e0s compensa\u00e7\u00f5es de cr\u00e9ditos tribut\u00e1rios.\" loading=\"lazy\"><div class=\"vc_gitem-zone-mini\"><\/div><\/div><\/div><div class=\"vc_gitem-zone vc_gitem-zone-c vc_custom_1419240516480\"><div class=\"vc_gitem-zone-mini\"><div class=\"vc_gitem_row vc_row vc_gitem-row-position-top\"><div class=\"vc_col-sm-12 vc_gitem-col vc_gitem-col-align-\"><div class=\"vc_custom_heading vc_gitem-post-data vc_gitem-post-data-source-post_title\" ><h4 style=\"text-align: left\" >GOVERNO EDITA MP COM NOVAS LIMITA\u00c7\u00d5ES A COMPENSA\u00c7\u00d5ES TRIBUT\u00c1RIAS<\/h4><\/div><div class=\"vc_custom_heading vc_gitem-post-data vc_gitem-post-data-source-post_excerpt\" ><p style=\"text-align: left\" ><p>Em acompanhamento \u00e0s novidades tribut\u00e1rias que possam ser de interesse de nossos clientes e parceiros, informamos que foi publicada hoje, 04\/06, a Medida Provis\u00f3ria n\u00ba 1.227\/24, a qual, dentre outros pontos, trouxe novas limita\u00e7\u00f5es \u00e0s compensa\u00e7\u00f5es de cr\u00e9ditos tribut\u00e1rios.<\/p>\n<\/p><\/div><div class=\"vc_btn3-container vc_btn3-left\"><a class=\"vc_general vc_btn3 vc_btn3-size-md vc_btn3-shape-rounded vc_btn3-style-flat vc_btn3-color-juicy-pink\" a href=\"https:\/\/www.garboismelo.com.br\/en\/governo-edita-mp-com-novas-limitacoes-a-compensacoes-tributarias\/\" title=\"Read more\">Read more<\/a><\/div><\/div><\/div><\/div><\/div><\/div><div class=\"vc_clearfix\"><\/div><\/div><div class=\"vc_grid-item vc_clearfix vc_col-sm-4 vc_grid-item-zone-c-bottom\"><div class=\"vc_grid-item-mini vc_clearfix\"><div class=\"vc_gitem-animated-block\" ><div class=\"vc_gitem-zone vc_gitem-zone-a vc-gitem-zone-height-mode-auto vc-gitem-zone-height-mode-auto-1-1 vc_gitem-is-link\" style=\"background-image: url('https:\/\/www.garboismelo.com.br\/wp-content\/uploads\/2024\/05\/Radar_06_Mai_24-e1714942604500-1024x663.jpg') !important;\"><a href=\"https:\/\/www.garboismelo.com.br\/en\/prorrogado-prazo-de-adesao-a-autorregularizacao-incentivada-sobre-subvencoes-para-investimento\/\" title=\"PRORROGADO PRAZO DE ADES\u00c3O \u00c0 AUTORREGULARIZA\u00c7\u00c3O INCENTIVADA SOBRE SUBVEN\u00c7\u00d5ES PARA INVESTIMENTO\" class=\"vc_gitem-link vc-zone-link\" ><\/a><img decoding=\"async\" class=\"vc_gitem-zone-img\" src=\"https:\/\/www.garboismelo.com.br\/wp-content\/uploads\/2024\/05\/Radar_06_Mai_24-e1714942604500-1024x663.jpg\" alt=\"Foi publicada, pela Receita Federal do Brasil, a Instru\u00e7\u00e3o Normativa RFB n\u00ba 2.190\/24, prorrogando o prazo de ades\u00e3o ao programa de Autorregulariza\u00e7\u00e3o Incentivada para valores decorrentes da exclus\u00e3o de subven\u00e7\u00f5es para investimento da base de c\u00e1lculo do IRPJ e CSLL.\" loading=\"lazy\"><div class=\"vc_gitem-zone-mini\"><\/div><\/div><\/div><div class=\"vc_gitem-zone vc_gitem-zone-c vc_custom_1419240516480\"><div class=\"vc_gitem-zone-mini\"><div class=\"vc_gitem_row vc_row vc_gitem-row-position-top\"><div class=\"vc_col-sm-12 vc_gitem-col vc_gitem-col-align-\"><div class=\"vc_custom_heading vc_gitem-post-data vc_gitem-post-data-source-post_title\" ><h4 style=\"text-align: left\" >PRORROGADO PRAZO DE ADES\u00c3O \u00c0 AUTORREGULARIZA\u00c7\u00c3O INCENTIVADA SOBRE SUBVEN\u00c7\u00d5ES PARA INVESTIMENTO<\/h4><\/div><div class=\"vc_custom_heading vc_gitem-post-data vc_gitem-post-data-source-post_excerpt\" ><p style=\"text-align: left\" ><p>Foi publicada, pela Receita Federal do Brasil, a Instru\u00e7\u00e3o Normativa RFB n\u00ba 2.190\/24, prorrogando o prazo de ades\u00e3o ao programa de Autorregulariza\u00e7\u00e3o Incentivada para valores decorrentes da exclus\u00e3o de subven\u00e7\u00f5es para investimento da base de c\u00e1lculo do IRPJ e CSLL.<\/p>\n<\/p><\/div><div class=\"vc_btn3-container vc_btn3-left\"><a class=\"vc_general vc_btn3 vc_btn3-size-md vc_btn3-shape-rounded vc_btn3-style-flat vc_btn3-color-juicy-pink\" a href=\"https:\/\/www.garboismelo.com.br\/en\/prorrogado-prazo-de-adesao-a-autorregularizacao-incentivada-sobre-subvencoes-para-investimento\/\" title=\"Read more\">Read more<\/a><\/div><\/div><\/div><\/div><\/div><\/div><div class=\"vc_clearfix\"><\/div><\/div><\/div><div data-lazy-loading-btn=\"true\" style=\"display: none;\"><a href=\"https:\/\/www.garboismelo.com.br\/en\/radar\/\"><\/a><\/div><\/div>\n\t<\/div>\n<\/div>\t\t<\/div><\/div><\/div><\/div><\/div><\/div>\n<\/div>","protected":false},"excerpt":{"rendered":"RECEITA FEDERAL REGULAMENTA REGIME ESPECIAL DE ATUALIZA\u00c7\u00c3O E REGULARIZA\u00c7\u00c3O PATRIMONIAL (REARP)A Receita Federal do Brasil editou Instru\u00e7\u00f5es Normativas regulamentando o Regime Especial de Atualiza\u00e7\u00e3o e Regulariza\u00e7\u00e3o Patrimonial (REARP) que havia sido institu\u00eddo pela Lei n\u00ba 12.265\/25, e que visa a regulariza\u00e7\u00e3o da situa\u00e7\u00e3o tribut\u00e1ria de contribuintes mediante condi\u00e7\u00f5es facilitadas para recolhimento de tributos eventualmente devidos.<span class=\"screen-reader-text\"><a href=\"https:\/\/www.garboismelo.com.br\/en\/radar\/\" rel=\"nofollow\">[...]<\/a><\/span>","protected":false},"author":3,"featured_media":2252,"parent":0,"menu_order":0,"comment_status":"closed","ping_status":"closed","template":"","meta":{"_acf_changed":false,"_vp_format_video_url":"","_vp_image_focal_point":{"x":0.5100000000000000088817841970012523233890533447265625,"y":0.5},"footnotes":""},"class_list":["post-2074","page","type-page","status-publish","has-post-thumbnail","hentry"],"acf":[],"_links":{"self":[{"href":"https:\/\/www.garboismelo.com.br\/en\/wp-json\/wp\/v2\/pages\/2074","targetHints":{"allow":["GET"]}}],"collection":[{"href":"https:\/\/www.garboismelo.com.br\/en\/wp-json\/wp\/v2\/pages"}],"about":[{"href":"https:\/\/www.garboismelo.com.br\/en\/wp-json\/wp\/v2\/types\/page"}],"author":[{"embeddable":true,"href":"https:\/\/www.garboismelo.com.br\/en\/wp-json\/wp\/v2\/users\/3"}],"replies":[{"embeddable":true,"href":"https:\/\/www.garboismelo.com.br\/en\/wp-json\/wp\/v2\/comments?post=2074"}],"version-history":[{"count":56,"href":"https:\/\/www.garboismelo.com.br\/en\/wp-json\/wp\/v2\/pages\/2074\/revisions"}],"predecessor-version":[{"id":2449,"href":"https:\/\/www.garboismelo.com.br\/en\/wp-json\/wp\/v2\/pages\/2074\/revisions\/2449"}],"wp:featuredmedia":[{"embeddable":true,"href":"https:\/\/www.garboismelo.com.br\/en\/wp-json\/wp\/v2\/media\/2252"}],"wp:attachment":[{"href":"https:\/\/www.garboismelo.com.br\/en\/wp-json\/wp\/v2\/media?parent=2074"}],"curies":[{"name":"wp","href":"https:\/\/api.w.org\/{rel}","templated":true}]}}