{"id":1941,"date":"2021-10-17T22:33:03","date_gmt":"2021-10-18T01:33:03","guid":{"rendered":"https:\/\/www.garboismelo.com.br\/equipe\/leonardo-melo-2\/"},"modified":"2023-09-06T18:59:45","modified_gmt":"2023-09-06T21:59:45","slug":"fabio-gradel","status":"publish","type":"page","link":"https:\/\/www.garboismelo.com.br\/en\/equipe\/fabio-gradel\/","title":{"rendered":"Fabio Gradel"},"content":{"rendered":"<div class=\"wpb-content-wrapper\"><div data-vc-full-width=\"true\" data-vc-full-width-init=\"false\" data-vc-stretch-content=\"true\" class=\"vc_row wpb_row vc_row-fluid\"><div data-vc-parallax=\"1.5\" data-vc-parallax-o-fade=\"on\" class=\"wpb_animate_when_almost_visible wpb_fadeIn fadeIn wpb_column vc_column_container vc_col-sm-12 vc_col-has-fill vc_general vc_parallax vc_parallax-content-moving-fade js-vc_parallax-o-fade\"><div class=\"vc_column-inner vc_custom_1694037581504\"><div class=\"wpb_wrapper\"><\/div><\/div><\/div><\/div><div class=\"vc_row-full-width vc_clearfix\"><\/div><div class=\"vc_row wpb_row vc_row-fluid\"><div class=\"wpb_column vc_column_container vc_col-sm-12\"><div class=\"vc_column-inner\"><div class=\"wpb_wrapper\"><div class=\"vc_empty_space\"   style=\"height: 64px\"><span class=\"vc_empty_space_inner\"><\/span><\/div><\/div><\/div><\/div><\/div><div class=\"vc_row wpb_row vc_row-fluid\"><div class=\"wpb_column vc_column_container vc_col-sm-3\"><div class=\"vc_column-inner\"><div class=\"wpb_wrapper\">\n\t<div  class=\"wpb_single_image wpb_content_element vc_align_left wpb_content_element wpb_animate_when_almost_visible wpb_fadeIn fadeIn\">\n\t\t\n\t\t<figure class=\"wpb_wrapper vc_figure\">\n\t\t\t<div class=\"vc_single_image-wrapper   vc_box_border_grey\"><img decoding=\"async\" class=\"vc_single_image-img\" src=\"https:\/\/www.garboismelo.com.br\/wp-content\/uploads\/2023\/09\/fabio-2-200x246.jpg\" width=\"200\" height=\"246\" alt=\"F\u00e1bio Gadel\" title=\"F\u00e1bio Gadel\" loading=\"lazy\" \/><\/div>\n\t\t<\/figure>\n\t<\/div>\n<\/div><\/div><\/div><div class=\"wpb_column vc_column_container vc_col-sm-6\"><div class=\"vc_column-inner\"><div class=\"wpb_wrapper\"><div style=\"margin:0px;\" class=\"heading-title  al-left\" id=\"alian4x_el_69ea6844f31f6\"><h1 style=\"\" class=\"al-headitg-title al-parallax\">Fabio Gradel<span style=\"color:#e5e5e5\" class=\"al-opacity-text\">Gradel<\/span><\/h1><span class=\"al-line-title\">\r\n            <svg  x=\"0px\" y=\"0px\" viewbox=\"0 0 100 19.5\" >\r\n            <g>\r\n                <polygon points=\"79.3,18 69.6,8.3 60,18 50.3,8.3 40.6,18 31,8.3 21.3,18 11.7,8.3 3.4,16.5 0.6,13.7 11.7,2.7 21.3,12.3 31,2.7                     40.6,12.3 50.3,2.7 60,12.3 69.6,2.7 79.3,12.3 88.9,2.7 100,13.6 97.2,16.4 89,8.3 \t\"\/>\r\n            <\/g>\r\n            <\/svg>\r\n        <\/span><div  class=\"al-small-description\"><a href=\"mailto:fgradel@garboismelo.com.br\">fgradel@garboismelo.com.br<\/a><\/div><div   class=\"al-subtitle\"><\/div><\/div>\n\t<div class=\"wpb_text_column wpb_content_element vc_custom_1694036733430\" >\n\t\t<div class=\"wpb_wrapper\">\n\t\t\t<p>Fabio Gradel is an experienced lawyer, consultant, and manager with over 25 years of professional experience in law firms, consulting firms and corporate enterprises, specializing in Compliance and Tax Law.<\/p>\n<p>He served as a partner in the Brazilian branch of one of the world&#039;s largest business consulting firms, where he led the provision of legal services to corporate legal departments of all sizes, ranging from Fortune 500 businesses to family-run enterprises. At the same global consulting firm, he led the '50years+ Cornestone' of its International Diversity and Inclusion Programme for Latin America, promoting affirmative action in the recruitment and retention of senior professionals and implementing age discrimination policies in collaboration with other companies operating in the Latin American<\/p>\n<p>Fabio held a managerial role in the legal department at a worldwide energy firm. His responsibilities included restructuring the tax litigation unit, implementing anti-bribery and anti-corruption (ABC) programmes, reviewing performance indicators and internal controls, and applying certified best practices which led to significant cost reductions across the sector. He has overseen projects involving the inspection, recovery and replacement of judicial guarantees, as well as the creation and implementation of a new model for contracting service providers. He has taken a proactive role in internal committees and acted as a representative for industry and management associations to improve legislation and develop best corporate practices.<\/p>\n<p>At law firms, Fabio has worked as an advisory and litigation lawyer for companies in the energy, consumer goods, telecommunications and services sectors, amongst others. He has coordinated teams for tax litigation, mass litigation and corporate consultancy. He has worked on developing and implementation of restructuring strategies, turnaround and business optimization strategies, as well as creating structures for family business succession, both domestically and internationally. Fabio has offered legal guidance on tax-related matters, handling tax contingencies and specific regulations, M&amp;A operations and corporate reorganization.<\/p>\n<p>Recently, his focus has been on helping legal departments of large companies with management consulting, outsourcing and technology-intensive operational projects through collaborations with lawtechs and legaltechs. More recently, he has concentrated on initiatives concerning regulatory compliance, managing data protection (GDPR abroad and LGPD in Brazil) and implementing methodologies centred on environmental, social and corporate governance (ESG).<\/p>\n<p>Fabio is a member of both the Brazilian and Portuguese Bar Associations.<\/p>\n<p>Fabio is married and the father of two pre-teen children, as well as being the guardian of his cat Princess Leia. He is an amateur photographer, self- confessed geek and record collector of the most diverse musical styles, with a collection of around 8,000 albums. He enjoys a good craft beer with his friends.<\/p>\n<p><strong>Education<\/strong><br \/>\nUCAM, Bachelor of Laws (LL.B.)<br \/>\nUCAM, MBA in Business Law<br \/>\nIBMEC, LLM in Corporate Law<br \/>\nSenior Leader of Teams pela S.O.U. (Houston).<br \/>\nInternational Taxation Course at<br \/>\nSheltons International Tax Training Institute (Londres)<br \/>\nAnti-corruption Course (LEC Company)<br \/>\nESG Leadership (LEC Company)<br \/>\nData Protection Compliance (LEC Company)<br \/>\nCorporate Internal Investigations (LEC Company)<\/p>\n<p><strong>Languages<\/strong><br \/>\nPortuguese, English and Spanish<\/p>\n\n\t\t<\/div>\n\t<\/div>\n<\/div><\/div><\/div><div class=\"wpb_column vc_column_container vc_col-sm-3\"><div class=\"vc_column-inner\"><div class=\"wpb_wrapper\"><\/div><\/div><\/div><\/div>\n<\/div>","protected":false},"excerpt":{"rendered":"Fabio GradelGradel fgradel@garboismelo.com.br Fabio Gradel \u00e9 advogado, consultor e gestor com mais de 25 anos de experi\u00eancia profissional em escrit\u00f3rios de advocacia, consultorias e empresas, com foco em Compliance e Direito Tribut\u00e1rio. Foi s\u00f3cio da filial brasileira de uma das maiores consultorias de neg\u00f3cios do mundo, havendo liderado o setor de presta\u00e7\u00e3o de servi\u00e7os a<span class=\"screen-reader-text\"><a href=\"https:\/\/www.garboismelo.com.br\/en\/equipe\/fabio-gradel\/\" rel=\"nofollow\">[...]<\/a><\/span>","protected":false},"author":1,"featured_media":0,"parent":242,"menu_order":0,"comment_status":"closed","ping_status":"closed","template":"page-builder.php","meta":{"_acf_changed":false,"_vp_format_video_url":"","_vp_image_focal_point":[],"footnotes":""},"class_list":["post-1941","page","type-page","status-publish","hentry"],"acf":[],"_links":{"self":[{"href":"https:\/\/www.garboismelo.com.br\/en\/wp-json\/wp\/v2\/pages\/1941","targetHints":{"allow":["GET"]}}],"collection":[{"href":"https:\/\/www.garboismelo.com.br\/en\/wp-json\/wp\/v2\/pages"}],"about":[{"href":"https:\/\/www.garboismelo.com.br\/en\/wp-json\/wp\/v2\/types\/page"}],"author":[{"embeddable":true,"href":"https:\/\/www.garboismelo.com.br\/en\/wp-json\/wp\/v2\/users\/1"}],"replies":[{"embeddable":true,"href":"https:\/\/www.garboismelo.com.br\/en\/wp-json\/wp\/v2\/comments?post=1941"}],"version-history":[{"count":15,"href":"https:\/\/www.garboismelo.com.br\/en\/wp-json\/wp\/v2\/pages\/1941\/revisions"}],"predecessor-version":[{"id":1968,"href":"https:\/\/www.garboismelo.com.br\/en\/wp-json\/wp\/v2\/pages\/1941\/revisions\/1968"}],"up":[{"embeddable":true,"href":"https:\/\/www.garboismelo.com.br\/en\/wp-json\/wp\/v2\/pages\/242"}],"wp:attachment":[{"href":"https:\/\/www.garboismelo.com.br\/en\/wp-json\/wp\/v2\/media?parent=1941"}],"curies":[{"name":"wp","href":"https:\/\/api.w.org\/{rel}","templated":true}]}}