{"id":146,"date":"2021-09-22T00:13:53","date_gmt":"2021-09-22T03:13:53","guid":{"rendered":"https:\/\/www.garboismelo.com.br\/?page_id=146"},"modified":"2023-10-09T13:46:23","modified_gmt":"2023-10-09T16:46:23","slug":"breno-garbois","status":"publish","type":"page","link":"https:\/\/www.garboismelo.com.br\/en\/equipe\/breno-garbois\/","title":{"rendered":"Breno Garbois"},"content":{"rendered":"<div class=\"wpb-content-wrapper\"><div data-vc-full-width=\"true\" data-vc-full-width-init=\"false\" data-vc-stretch-content=\"true\" class=\"vc_row wpb_row vc_row-fluid\"><div data-vc-parallax=\"1.5\" data-vc-parallax-o-fade=\"on\" class=\"wpb_animate_when_almost_visible wpb_fadeIn fadeIn wpb_column vc_column_container vc_col-sm-12 vc_col-has-fill vc_general vc_parallax vc_parallax-content-moving-fade js-vc_parallax-o-fade\"><div class=\"vc_column-inner vc_custom_1639249959467\"><div class=\"wpb_wrapper\"><\/div><\/div><\/div><\/div><div class=\"vc_row-full-width vc_clearfix\"><\/div><div class=\"vc_row wpb_row vc_row-fluid\"><div class=\"wpb_column vc_column_container vc_col-sm-12\"><div class=\"vc_column-inner\"><div class=\"wpb_wrapper\"><div class=\"vc_empty_space\"   style=\"height: 64px\"><span class=\"vc_empty_space_inner\"><\/span><\/div><\/div><\/div><\/div><\/div><div class=\"vc_row wpb_row vc_row-fluid\"><div class=\"wpb_column vc_column_container vc_col-sm-3\"><div class=\"vc_column-inner\"><div class=\"wpb_wrapper\">\n\t<div  class=\"wpb_single_image wpb_content_element vc_align_left wpb_content_element wpb_animate_when_almost_visible wpb_fadeIn fadeIn\">\n\t\t\n\t\t<figure class=\"wpb_wrapper vc_figure\">\n\t\t\t<div class=\"vc_single_image-wrapper   vc_box_border_grey\"><img decoding=\"async\" class=\"vc_single_image-img\" src=\"https:\/\/www.garboismelo.com.br\/wp-content\/uploads\/2021\/10\/Breno-1-200x246.jpg\" width=\"200\" height=\"246\" alt=\"Breno\" title=\"Breno\" loading=\"lazy\" \/><\/div>\n\t\t<\/figure>\n\t<\/div>\n<\/div><\/div><\/div><div class=\"wpb_column vc_column_container vc_col-sm-6\"><div class=\"vc_column-inner\"><div class=\"wpb_wrapper\"><div style=\"margin:0px;\" class=\"heading-title  al-left\" id=\"alian4x_el_69ea5504ce4d6\"><h1 style=\"\" class=\"al-headitg-title al-parallax\">Breno Garbois<span style=\"color:#e5e5e5\" class=\"al-opacity-text\">Garbois<\/span><\/h1><span class=\"al-line-title\">\r\n            <svg  x=\"0px\" y=\"0px\" viewbox=\"0 0 100 19.5\" >\r\n            <g>\r\n                <polygon points=\"79.3,18 69.6,8.3 60,18 50.3,8.3 40.6,18 31,8.3 21.3,18 11.7,8.3 3.4,16.5 0.6,13.7 11.7,2.7 21.3,12.3 31,2.7                     40.6,12.3 50.3,2.7 60,12.3 69.6,2.7 79.3,12.3 88.9,2.7 100,13.6 97.2,16.4 89,8.3 \t\"\/>\r\n            <\/g>\r\n            <\/svg>\r\n        <\/span><div  class=\"al-small-description\"><a href=\"mailto:breno@garboismelo.com.br\">breno@garboismelo.com.br <\/a><\/div><div   class=\"al-subtitle\"><\/div><\/div>\n\t<div class=\"wpb_text_column wpb_content_element vc_custom_1664924564103\" >\n\t\t<div class=\"wpb_wrapper\">\n\t\t\t<p>Breno Garbois is widely recognized for his mastery of Maritime Law, a field in which he has been practising for around 20 years. Throughout his career, he has acquired considerable experience in shipping litigation, representing a range of clients in highly complex disputes concerning charter parties, oil spills, ship arrest, marine accidents, bills of lading, cargo claims, and infraction notices, as well as conflicts related to commodities\/international trade, shipbuilding, and the sale and purchase of vessels. His clients include shipowners, charterers and their insurers, port terminals, commodities traders, shipyards, and others.<\/p>\n<p>He also works in shipping consultancy and marine regulation. Recently, Breno Garbois has consolidated his reputation in representing offshore service providers and operators in administrative and judicial proceedings against Petrobras, as well as in representing the interests of such clients in bidding processes.<\/p>\n<p>Breno Garbois has been recognised as a leading shipping lawyer in Brazil by Chambers and Partners, Leaders League, Legal 500 and Who's Who Legal. He frequently speaks at various seminars, lectures, and conferences on shipping law in Brazil and overseas. Breno Garbois is also the author of several academic papers, amongst which stand out \"O arresto de navios. Breve estudo comparativo sobre a atual sistem\u00e1tica e o novo regime do projeto de C\u00f3digo Comercial\", published in the book \u201cNovas Reflex\u00f5es sobre o Projeto de C\u00f3digo Comercial, Ed. Saraiva, 2015\u201d and \"A autonomia do Direito Mar\u00edtimo, o atual cen\u00e1rio legislativo e a necessidade de codifica\u00e7\u00e3o pr\u00f3pria - Breve an\u00e1lise do Direito Comparado\" published in \u201cMar em Movimento, Contribui\u00e7\u00f5es para o VII Congresso Nacional de Direito Mar\u00edtimo, Portu\u00e1rio e Aduaneiro\u201d, Ed. Arraes, 2018. He is a member of the IIDM (Instituto Iberoamericano de Derecho Maritimo) and the ABDM (Associa\u00e7\u00e3o Brasileira de Direito Mar\u00edtimo), where he held the position of Vice President from 2016 to 2018. He served as the Secretary of the Comiss\u00e3o de Direito Mar\u00edtimo e Portu\u00e1rio at OAB\/RJ (2013 \u2013 2015) and OAB\/SP (2016 \u2013 2018).<\/p>\n<p>Breno Garbois is married and the father of two boys (and a Jack Russell). He is a huge Flamengo fan and enjoys cooking. During his free time, he travels to the mountains and loves to host friends over a glass of good wine.<\/p>\n<p class=\"translation-block\"><strong>Education:<\/strong><br>\nUERJ, Bachelor of Laws (LL.B.) <br>\nPUC Rio, Post-graduate lato sensu in Private Law <br>\nFGV Direito Rio, Specialization course in Civil Law<\/p>\n<p><strong>Languages<\/strong><br \/>\nPortuguese and English<\/p>\n\n\t\t<\/div>\n\t<\/div>\n<div class=\"vc_row wpb_row vc_inner vc_row-fluid\"><div class=\"wpb_column vc_column_container vc_col-sm-6\"><div class=\"vc_column-inner\"><div class=\"wpb_wrapper\">\n\t<div  class=\"wpb_single_image wpb_content_element vc_align_center wpb_content_element\">\n\t\t\n\t\t<figure class=\"wpb_wrapper vc_figure\">\n\t\t\t<a href=\"https:\/\/chambers.com\/\" target=\"_blank\" class=\"vc_single_image-wrapper   vc_box_border_grey\"><img decoding=\"async\" class=\"vc_single_image-img\" src=\"https:\/\/www.garboismelo.com.br\/wp-content\/uploads\/2023\/10\/logo-chambers-175x79.png\" width=\"175\" height=\"79\" alt=\"logo-chambers\" title=\"logo-chambers\" loading=\"lazy\" \/><\/a>\n\t\t<\/figure>\n\t<\/div>\n<\/div><\/div><\/div><div class=\"wpb_column vc_column_container vc_col-sm-6\"><div class=\"vc_column-inner\"><div class=\"wpb_wrapper\">\n\t<div  class=\"wpb_single_image wpb_content_element vc_align_center wpb_content_element\">\n\t\t\n\t\t<figure class=\"wpb_wrapper vc_figure\">\n\t\t\t<a href=\"https:\/\/www.legal500.com\/\" target=\"_blank\" class=\"vc_single_image-wrapper   vc_box_border_grey\"><img decoding=\"async\" class=\"vc_single_image-img\" src=\"https:\/\/www.garboismelo.com.br\/wp-content\/uploads\/2023\/10\/logo-legal-500-81x78.png\" width=\"81\" height=\"78\" alt=\"logo-legal-500\" title=\"logo-legal-500\" loading=\"lazy\" \/><\/a>\n\t\t<\/figure>\n\t<\/div>\n<\/div><\/div><\/div><\/div><div class=\"vc_row wpb_row vc_inner vc_row-fluid\"><div class=\"wpb_column vc_column_container vc_col-sm-6\"><div class=\"vc_column-inner\"><div class=\"wpb_wrapper\">\n\t<div  class=\"wpb_single_image wpb_content_element vc_align_center wpb_content_element\">\n\t\t\n\t\t<figure class=\"wpb_wrapper vc_figure\">\n\t\t\t<a href=\"https:\/\/www.leadersleague.com\/pt\" target=\"_blank\" class=\"vc_single_image-wrapper   vc_box_border_grey\"><img decoding=\"async\" class=\"vc_single_image-img\" src=\"https:\/\/www.garboismelo.com.br\/wp-content\/uploads\/2023\/10\/logo-leaders-league-191x78.png\" width=\"191\" height=\"78\" alt=\"logo-leaders-league\" title=\"logo-leaders-league\" loading=\"lazy\" \/><\/a>\n\t\t<\/figure>\n\t<\/div>\n<\/div><\/div><\/div><div class=\"wpb_column vc_column_container vc_col-sm-6\"><div class=\"vc_column-inner\"><div class=\"wpb_wrapper\">\n\t<div  class=\"wpb_single_image wpb_content_element vc_align_center wpb_content_element\">\n\t\t\n\t\t<figure class=\"wpb_wrapper vc_figure\">\n\t\t\t<a href=\"https:\/\/whoswholegal.com\/\" target=\"_self\" class=\"vc_single_image-wrapper   vc_box_border_grey\"><img decoding=\"async\" class=\"vc_single_image-img\" src=\"https:\/\/www.garboismelo.com.br\/wp-content\/uploads\/2023\/10\/logo-wwl-191x75.png\" width=\"191\" height=\"75\" alt=\"logo-wwl\" title=\"logo-wwl\" loading=\"lazy\" \/><\/a>\n\t\t<\/figure>\n\t<\/div>\n<\/div><\/div><\/div><\/div><\/div><\/div><\/div><div class=\"wpb_column vc_column_container vc_col-sm-3\"><div class=\"vc_column-inner\"><div class=\"wpb_wrapper\"><\/div><\/div><\/div><\/div>\n<\/div>","protected":false},"excerpt":{"rendered":"Breno GarboisGarbois breno@garboismelo.com.br Breno Garbois \u00e9 reconhecido por sua experi\u00eancia em Direito Mar\u00edtimo, \u00e1rea em que atua h\u00e1 aproximadamente 20 anos. Ao longo de sua carreira desenvolveu not\u00e1vel experi\u00eancia em contencioso mar\u00edtimo, atuando em uma variedade de disputas de alta complexidade envolvendo contratos de afretamento, derramamento de \u00f3leo, arresto de embarca\u00e7\u00f5es, acidentes da navega\u00e7\u00e3o, conhecimentos<span class=\"screen-reader-text\"><a href=\"https:\/\/www.garboismelo.com.br\/en\/equipe\/breno-garbois\/\" rel=\"nofollow\">[...]<\/a><\/span>","protected":false},"author":1,"featured_media":0,"parent":242,"menu_order":0,"comment_status":"closed","ping_status":"closed","template":"page-builder.php","meta":{"_acf_changed":false,"_vp_format_video_url":"","_vp_image_focal_point":[],"footnotes":""},"class_list":["post-146","page","type-page","status-publish","hentry"],"acf":[],"_links":{"self":[{"href":"https:\/\/www.garboismelo.com.br\/en\/wp-json\/wp\/v2\/pages\/146","targetHints":{"allow":["GET"]}}],"collection":[{"href":"https:\/\/www.garboismelo.com.br\/en\/wp-json\/wp\/v2\/pages"}],"about":[{"href":"https:\/\/www.garboismelo.com.br\/en\/wp-json\/wp\/v2\/types\/page"}],"author":[{"embeddable":true,"href":"https:\/\/www.garboismelo.com.br\/en\/wp-json\/wp\/v2\/users\/1"}],"replies":[{"embeddable":true,"href":"https:\/\/www.garboismelo.com.br\/en\/wp-json\/wp\/v2\/comments?post=146"}],"version-history":[{"count":98,"href":"https:\/\/www.garboismelo.com.br\/en\/wp-json\/wp\/v2\/pages\/146\/revisions"}],"predecessor-version":[{"id":2269,"href":"https:\/\/www.garboismelo.com.br\/en\/wp-json\/wp\/v2\/pages\/146\/revisions\/2269"}],"up":[{"embeddable":true,"href":"https:\/\/www.garboismelo.com.br\/en\/wp-json\/wp\/v2\/pages\/242"}],"wp:attachment":[{"href":"https:\/\/www.garboismelo.com.br\/en\/wp-json\/wp\/v2\/media?parent=146"}],"curies":[{"name":"wp","href":"https:\/\/api.w.org\/{rel}","templated":true}]}}